{"id":239517,"date":"2025-03-20T16:52:12","date_gmt":"2025-03-20T16:52:12","guid":{"rendered":"https:\/\/aromasentia.com\/product\/aniseed-halloween-bath-bomb\/"},"modified":"2025-12-30T20:32:17","modified_gmt":"2025-12-30T20:32:17","slug":"anis-halloween-badebombe","status":"publish","type":"product","link":"https:\/\/aromasentia.com\/de\/anis-halloween-badebombe\/","title":{"rendered":"Anis-Halloween-Badebombe"},"content":{"rendered":"<h2><span style=\"color: rgb(251, 160, 38);\">Gro\u00dfhandel Halloween Badebomben<\/span><\/h2>\n<p><strong>Sind Sie bereit f\u00fcr Halloween?<\/strong><\/p>\n<p>Das werden Sie jetzt sein&#8230; mit unseren neuen speziellen handgemachten Halloween Badebomben (begrenzte Mengen). Sie sind sehr niedlich, mit K\u00fcrbismotiven, die die Kleinen nicht erschrecken werden.<\/p>\n<p>Mit diesen farbenfrohen Badebomben k\u00f6nnen Sie Ihren Kunden Halloween schmackhaft machen. Die Halloween-Badebombe ist das perfekte Geschenk f\u00fcr Halloween-Liebhaber oder einfach eine Freude f\u00fcr Sie selbst. Lassen Sie eine Badebombe in warmes, sauberes Wasser fallen und beobachten Sie, wie sie kr\u00e4ftig sch\u00e4umt und ihren Duft und ihre Farben freisetzt. <\/p>\n<p>Alle unsere Badebomben werden in Gro\u00dfbritannien handgefertigt, sie k\u00f6nnen aufgrund der Art ihrer Herstellung einige Risse oder Br\u00f6ckel haben, aber das beeintr\u00e4chtigt ihre Verwendung nicht.&nbsp;<\/p>\n<ol>\n<li><strong>Jede einzelne Badebombe wiegt 180g &ndash; 200g (ca)<\/strong><\/li>\n<li><strong>Die Farben k\u00f6nnen zwischen den Chargen variieren<\/strong><\/li>\n<li><strong>Handgemacht, Vegan<\/strong><\/li>\n<li><strong>Anis-Duft<\/strong><\/li>\n<\/ol>\n<p><strong>Verpassen Sie nicht, Ihren Kunden ein luxuri\u00f6ses und verw\u00f6hnendes Badeerlebnis zu bieten.<\/strong><\/p>\n<p>Sichern Sie sich noch heute unsere hochwertigen <a href=\"https:\/\/aromasentia.com\/wholesale-bath-bombs-uk\" rel=\"noopener noreferrer\" target=\"_blank\">Gro\u00dfhandels-Badebomben f\u00fcr den Wiederverkauf<\/a> und beobachten Sie, wie Ihre Gewinne in die H\u00f6he schnellen.<strong>&nbsp;<br \/><\/strong><\/p>\n","protected":false},"excerpt":{"rendered":"<p>Gro\u00dfhandel Halloween Badebomben Sind Sie bereit f\u00fcr Halloween? Das werden Sie jetzt sein&#8230; mit unseren neuen speziellen handgemachten Halloween Badebomben (begrenzte Mengen). Sie sind sehr niedlich, mit K\u00fcrbismotiven, die die Kleinen nicht erschrecken werden. Mit diesen farbenfrohen Badebomben k\u00f6nnen Sie Ihren Kunden Halloween schmackhaft machen. Die Halloween-Badebombe ist das perfekte Geschenk f\u00fcr Halloween-Liebhaber oder einfach [&hellip;]<\/p>\n","protected":false},"featured_media":287779,"comment_status":"closed","ping_status":"open","template":"","meta":{"_angie_page":false},"product_brand":[],"product_cat":[19448,20511,25841,26085,26889],"product_tag":[],"class_list":{"0":"post-239517","1":"product","2":"type-product","3":"status-publish","4":"has-post-thumbnail","6":"product_cat-bad-und-korper","7":"product_cat-badebomben-badekugeln","8":"product_cat-dufte-aromen","9":"product_cat-sternanis-china-sternanis","10":"product_cat-wurzig","11":"pa_collection-halloween-bath-bombs-180g-de","12":"pa_made-in-vereinigtes-koenigreich","14":"first","15":"instock","16":"purchasable","17":"product-type-simple"},"supplier_id":null,"supplier_sku":"HBB-01","barcode":null,"atum_controlled":true,"out_stock_date":null,"out_stock_threshold":null,"inheritable":false,"inbound_stock":0,"stock_on_hold":0,"sold_today":0,"sales_last_days":0,"reserved_stock":0,"customer_returns":0,"warehouse_damage":0,"lost_in_post":0,"other_logs":0,"out_stock_days":0,"lost_sales":0,"has_location":false,"update_date":"2026-04-27T07:06:46","atum_locations":[],"atum_stock_status":"instock","restock_status":false,"low_stock_amount":"","sales_update_date":"2026-01-30T01:24:55","calc_backorders":null,"_links":{"self":[{"href":"https:\/\/aromasentia.com\/de\/wp-json\/wp\/v2\/product\/239517","targetHints":{"allow":["GET"]}}],"collection":[{"href":"https:\/\/aromasentia.com\/de\/wp-json\/wp\/v2\/product"}],"about":[{"href":"https:\/\/aromasentia.com\/de\/wp-json\/wp\/v2\/types\/product"}],"replies":[{"embeddable":true,"href":"https:\/\/aromasentia.com\/de\/wp-json\/wp\/v2\/comments?post=239517"}],"version-history":[{"count":0,"href":"https:\/\/aromasentia.com\/de\/wp-json\/wp\/v2\/product\/239517\/revisions"}],"wp:featuredmedia":[{"embeddable":true,"href":"https:\/\/aromasentia.com\/de\/wp-json\/wp\/v2\/media\/287779"}],"wp:attachment":[{"href":"https:\/\/aromasentia.com\/de\/wp-json\/wp\/v2\/media?parent=239517"}],"wp:term":[{"taxonomy":"product_brand","embeddable":true,"href":"https:\/\/aromasentia.com\/de\/wp-json\/wp\/v2\/product_brand?post=239517"},{"taxonomy":"product_cat","embeddable":true,"href":"https:\/\/aromasentia.com\/de\/wp-json\/wp\/v2\/product_cat?post=239517"},{"taxonomy":"product_tag","embeddable":true,"href":"https:\/\/aromasentia.com\/de\/wp-json\/wp\/v2\/product_tag?post=239517"}],"curies":[{"name":"wp","href":"https:\/\/api.w.org\/{rel}","templated":true}]}}