{"id":239513,"date":"2025-03-20T16:52:12","date_gmt":"2025-03-20T16:52:12","guid":{"rendered":"https:\/\/aromasentia.com\/product\/fennel-orange-halloween-bath-bomb\/"},"modified":"2025-12-30T20:32:17","modified_gmt":"2025-12-30T20:32:17","slug":"halloween-badebombe-mit-fenchel-und-orange","status":"publish","type":"product","link":"https:\/\/aromasentia.com\/de\/halloween-badebombe-mit-fenchel-und-orange\/","title":{"rendered":"Halloween-Badebombe mit Fenchel und Orange"},"content":{"rendered":"<h2><span style=\"color: rgb(251, 160, 38);\">Gro\u00dfhandel Halloween Badebomben<\/span><\/h2>\n<p><strong>Sind Sie bereit f\u00fcr Halloween?<\/strong><\/p>\n<p>Das werden Sie jetzt sein&#8230; mit unseren neuen speziellen handgemachten Halloween Badebomben (begrenzte Mengen). Sie sind sehr niedlich, mit K\u00fcrbismotiven, die die Kleinen nicht erschrecken werden.<\/p>\n<p>Mit diesen farbenfrohen Badebomben k\u00f6nnen Sie Ihren Kunden Halloween schmackhaft machen. Die Halloween-Badebombe ist das perfekte Geschenk f\u00fcr Halloween-Liebhaber oder einfach eine Freude f\u00fcr Sie selbst. Lassen Sie eine Badebombe in warmes, sauberes Wasser fallen und beobachten Sie, wie sie sch\u00e4umt und kr\u00e4ftig zischt und dabei ihren Duft und ihre Farben freisetzt. <\/p>\n<p>Alle unsere Badebomben werden in Gro\u00dfbritannien handgefertigt, sie k\u00f6nnen aufgrund der Art der Herstellung einige Risse oder Br\u00f6ckel haben, aber das beeintr\u00e4chtigt ihre Verwendung nicht.&nbsp;<\/p>\n<ol>\n<li><strong>Jede einzelne Badebombe wiegt 180g &ndash; 200g (ca)<\/strong><\/li>\n<li><strong>Die Farben k\u00f6nnen zwischen den Chargen variieren<\/strong><\/li>\n<li><strong>Handgemacht, Vegan<\/strong><\/li>\n<li><strong>Fenchel- und Orangenduft<\/strong><\/li>\n<\/ol>\n<p>Sind Sie auf der Suche nach einer perfekten Erg\u00e4nzung f\u00fcr Ihre Bade- und K\u00f6rperprodukte zu Halloween? Unsere 16x Fenchel &#038; Orange Halloween Badebombe ist die ideale Wahl! Sie hat einen gruseligen und angenehmen Duft mit einem verspielten Design, das Ihre Kunden beeindrucken wird.<\/p>\n<p><strong>Sichern Sie sich zu diesem Halloween Ihren Gewinn<\/strong>, indem Sie sich mit unserer <a href=\"https:\/\/aromasentia.com\/wholesale-bath-bombs-uk\" rel=\"noopener noreferrer\" target=\"_blank\">Gro\u00dfhandel-Badebomben f\u00fcr den Wiederverkauf<\/a>. <strong>Bestellen Sie jetzt!<\/strong><strong>&nbsp;<br \/><\/strong><\/p>\n","protected":false},"excerpt":{"rendered":"<p>Gro\u00dfhandel Halloween Badebomben Sind Sie bereit f\u00fcr Halloween? Das werden Sie jetzt sein&#8230; mit unseren neuen speziellen handgemachten Halloween Badebomben (begrenzte Mengen). Sie sind sehr niedlich, mit K\u00fcrbismotiven, die die Kleinen nicht erschrecken werden. Mit diesen farbenfrohen Badebomben k\u00f6nnen Sie Ihren Kunden Halloween schmackhaft machen. Die Halloween-Badebombe ist das perfekte Geschenk f\u00fcr Halloween-Liebhaber oder einfach [&hellip;]<\/p>\n","protected":false},"featured_media":287762,"comment_status":"closed","ping_status":"open","template":"","meta":{"_angie_page":false},"product_brand":[],"product_cat":[19448,20511,25841,26184,26861,26308,26819],"product_tag":[],"class_list":{"0":"post-239513","1":"product","2":"type-product","3":"status-publish","4":"has-post-thumbnail","6":"product_cat-bad-und-korper","7":"product_cat-badebomben-badekugeln","8":"product_cat-dufte-aromen","9":"product_cat-fenchel","10":"product_cat-krauter-aromatisch","11":"product_cat-orange","12":"product_cat-zitrus","13":"pa_collection-halloween-bath-bombs-180g-de","14":"pa_made-in-vereinigtes-koenigreich","16":"first","17":"instock","18":"purchasable","19":"product-type-simple"},"supplier_id":null,"supplier_sku":"HBB-02","barcode":null,"atum_controlled":true,"out_stock_date":null,"out_stock_threshold":null,"inheritable":false,"inbound_stock":null,"stock_on_hold":0,"sold_today":0,"sales_last_days":0,"reserved_stock":null,"customer_returns":null,"warehouse_damage":null,"lost_in_post":null,"other_logs":null,"out_stock_days":0,"lost_sales":0,"has_location":null,"update_date":"2026-05-08T05:10:48","atum_locations":[],"atum_stock_status":"instock","restock_status":false,"low_stock_amount":"","sales_update_date":"2026-01-30T01:25:40","calc_backorders":null,"_links":{"self":[{"href":"https:\/\/aromasentia.com\/de\/wp-json\/wp\/v2\/product\/239513","targetHints":{"allow":["GET"]}}],"collection":[{"href":"https:\/\/aromasentia.com\/de\/wp-json\/wp\/v2\/product"}],"about":[{"href":"https:\/\/aromasentia.com\/de\/wp-json\/wp\/v2\/types\/product"}],"replies":[{"embeddable":true,"href":"https:\/\/aromasentia.com\/de\/wp-json\/wp\/v2\/comments?post=239513"}],"version-history":[{"count":0,"href":"https:\/\/aromasentia.com\/de\/wp-json\/wp\/v2\/product\/239513\/revisions"}],"wp:featuredmedia":[{"embeddable":true,"href":"https:\/\/aromasentia.com\/de\/wp-json\/wp\/v2\/media\/287762"}],"wp:attachment":[{"href":"https:\/\/aromasentia.com\/de\/wp-json\/wp\/v2\/media?parent=239513"}],"wp:term":[{"taxonomy":"product_brand","embeddable":true,"href":"https:\/\/aromasentia.com\/de\/wp-json\/wp\/v2\/product_brand?post=239513"},{"taxonomy":"product_cat","embeddable":true,"href":"https:\/\/aromasentia.com\/de\/wp-json\/wp\/v2\/product_cat?post=239513"},{"taxonomy":"product_tag","embeddable":true,"href":"https:\/\/aromasentia.com\/de\/wp-json\/wp\/v2\/product_tag?post=239513"}],"curies":[{"name":"wp","href":"https:\/\/api.w.org\/{rel}","templated":true}]}}