{"id":239509,"date":"2025-03-20T16:52:12","date_gmt":"2025-03-20T16:52:12","guid":{"rendered":"https:\/\/aromasentia.com\/product\/coconut-lime-halloween-bath-bomb\/"},"modified":"2025-12-30T20:32:17","modified_gmt":"2025-12-30T20:32:17","slug":"halloween-badebombe-mit-kokosnuss-und-limette","status":"publish","type":"product","link":"https:\/\/aromasentia.com\/de\/halloween-badebombe-mit-kokosnuss-und-limette\/","title":{"rendered":"Halloween-Badebombe mit Kokosnuss und Limette"},"content":{"rendered":"<h1><span style=\"color: rgb(251, 160, 38);\">Gro\u00dfhandel Coconut &amp; Lime Halloween Badebombe<\/span><\/h1>\n<p><strong>Sind Sie bereit f\u00fcr Halloween?<\/strong><\/p>\n<p>Das werden Sie jetzt sein&#8230; mit unseren neuen speziellen handgemachten Halloween-Badebomben (begrenzte Mengen). Sie sind sehr niedlich, mit einem Design, das die Kleinen nicht erschrecken wird.<\/p>\n<p>Mit diesen farbenfrohen Badebomben k\u00f6nnen Sie das Halloween Ihrer Kunden aufpeppen. Die Halloween-Badebombe ist das perfekte Geschenk f\u00fcr Halloween-Liebhaber oder einfach eine Freude f\u00fcr Sie selbst. Lassen Sie eine Badebombe in warmes, sauberes Wasser fallen und beobachten Sie, wie sie sch\u00e4umt und kr\u00e4ftig zischt und dabei ihren Duft und ihre Farben freisetzt. <\/p>\n<p>Alle unsere Badebomben werden in Gro\u00dfbritannien handgefertigt, sie k\u00f6nnen aufgrund der Art der Herstellung einige Risse oder Br\u00f6ckel haben, aber das beeintr\u00e4chtigt ihre Verwendung nicht.<\/p>\n<ol>\n<li><strong>Jede einzelne Badebombe wiegt ca. 180g &ndash; 200g<\/strong><\/li>\n<li><strong>Die Farben k\u00f6nnen von Charge zu Charge variieren<\/strong><\/li>\n<li><strong>Handgefertigt&nbsp;<\/strong><\/li>\n<li><strong>\/strong><\/li>\n<li><strong>Duft nach Kokosnuss und Limette<\/strong><\/li>\n<\/ol>\n<p><strong><br \/><\/strong>&quot;Suchen Sie nach einer gruseligen Erg\u00e4nzung f\u00fcr Ihre <strong>Bad- und K\u00f6rperpflegeprodukte<\/strong> zu Halloween? Dann ist unsere <strong>16x Kokosnuss &#038; Limette Halloween Badebombe<\/strong> mit ihrem k\u00f6stlichen Duft und dem lustigen, festlichen Design sicher ein Hit f\u00fcr Ihre Kunden.<\/p>\n<p><strong>Bestellen Sie jetzt Ihren Vorrat an Badebomben<\/strong><a href=\"https:\/\/aromasentia.com\/wholesale-bath-bombs-uk\" rel=\"noopener noreferrer\" target=\"_blank\"><strong>Gro\u00dfhandel-Badebomben f\u00fcr den Wiederverkauf<\/strong><\/a><strong>&nbsp;und machen Sie sich bereit, dieses Halloween ein paar Gewinne zu erzielen!&quot;<\/strong><strong>&nbsp;<br \/><\/strong><\/p>\n","protected":false},"excerpt":{"rendered":"<p>Gro\u00dfhandel Coconut &amp; Lime Halloween Badebombe Sind Sie bereit f\u00fcr Halloween? Das werden Sie jetzt sein&#8230; mit unseren neuen speziellen handgemachten Halloween-Badebomben (begrenzte Mengen). Sie sind sehr niedlich, mit einem Design, das die Kleinen nicht erschrecken wird. Mit diesen farbenfrohen Badebomben k\u00f6nnen Sie das Halloween Ihrer Kunden aufpeppen. Die Halloween-Badebombe ist das perfekte Geschenk f\u00fcr [&hellip;]<\/p>\n","protected":false},"featured_media":287745,"comment_status":"closed","ping_status":"open","template":"","meta":{"_angie_page":false},"product_brand":[],"product_cat":[19448,20511,25841,26256,26819],"product_tag":[],"class_list":{"0":"post-239509","1":"product","2":"type-product","3":"status-publish","4":"has-post-thumbnail","6":"product_cat-bad-und-korper","7":"product_cat-badebomben-badekugeln","8":"product_cat-dufte-aromen","9":"product_cat-limette","10":"product_cat-zitrus","11":"pa_collection-halloween-bath-bombs-180g-de","12":"pa_made-in-vereinigtes-koenigreich","14":"first","15":"instock","16":"purchasable","17":"product-type-simple"},"supplier_id":null,"supplier_sku":"HBB-03","barcode":null,"atum_controlled":true,"out_stock_date":null,"out_stock_threshold":null,"inheritable":false,"inbound_stock":null,"stock_on_hold":0,"sold_today":0,"sales_last_days":0,"reserved_stock":null,"customer_returns":null,"warehouse_damage":null,"lost_in_post":null,"other_logs":null,"out_stock_days":0,"lost_sales":0,"has_location":null,"update_date":"2026-04-27T07:06:46","atum_locations":[],"atum_stock_status":"instock","restock_status":false,"low_stock_amount":"","sales_update_date":"2026-01-30T01:25:36","calc_backorders":null,"_links":{"self":[{"href":"https:\/\/aromasentia.com\/de\/wp-json\/wp\/v2\/product\/239509","targetHints":{"allow":["GET"]}}],"collection":[{"href":"https:\/\/aromasentia.com\/de\/wp-json\/wp\/v2\/product"}],"about":[{"href":"https:\/\/aromasentia.com\/de\/wp-json\/wp\/v2\/types\/product"}],"replies":[{"embeddable":true,"href":"https:\/\/aromasentia.com\/de\/wp-json\/wp\/v2\/comments?post=239509"}],"version-history":[{"count":0,"href":"https:\/\/aromasentia.com\/de\/wp-json\/wp\/v2\/product\/239509\/revisions"}],"wp:featuredmedia":[{"embeddable":true,"href":"https:\/\/aromasentia.com\/de\/wp-json\/wp\/v2\/media\/287745"}],"wp:attachment":[{"href":"https:\/\/aromasentia.com\/de\/wp-json\/wp\/v2\/media?parent=239509"}],"wp:term":[{"taxonomy":"product_brand","embeddable":true,"href":"https:\/\/aromasentia.com\/de\/wp-json\/wp\/v2\/product_brand?post=239509"},{"taxonomy":"product_cat","embeddable":true,"href":"https:\/\/aromasentia.com\/de\/wp-json\/wp\/v2\/product_cat?post=239509"},{"taxonomy":"product_tag","embeddable":true,"href":"https:\/\/aromasentia.com\/de\/wp-json\/wp\/v2\/product_tag?post=239509"}],"curies":[{"name":"wp","href":"https:\/\/api.w.org\/{rel}","templated":true}]}}