{"id":239501,"date":"2025-03-20T16:52:12","date_gmt":"2025-03-20T16:52:12","guid":{"rendered":"https:\/\/aromasentia.com\/product\/himalayan-bath-salt-blend-500g-clarity\/"},"modified":"2025-06-28T21:35:32","modified_gmt":"2025-06-28T21:35:32","slug":"himalaya-badesalz-mishung-500g-klarheit","status":"publish","type":"product","link":"https:\/\/aromasentia.com\/de\/himalaya-badesalz-mishung-500g-klarheit\/","title":{"rendered":"Himalaya Badesalz Mishung 500g-Klarheit"},"content":{"rendered":"<p><strong>Klarheit: \u00c4therische Rosmarin- und Muskatellersalbei\u00f6le + Oliven\u00f6l<\/strong><\/p>\n<p>Mineralisches, reichhaltiges Himalaya-Salz, angereichert mit 100 % \u00e4therischen \u00d6len, Oliven\u00f6l und getrocknetem Rosmarin.<\/p>\n<p>Die heilende Wirkung von Salzb\u00e4dern wird dank der gut dokumentierten gesundheitlichen Vorteile schon bei den alten Griechen gesch\u00e4tzt. Und bei der Wahl des Salzes zum Baden ist reines Himalaya-Salz unschlagbar!<\/p>\n<p>Da Himalaya-Salz so reich an Mineralien ist \u2013 genauer gesagt 84 Mineralien \u2013 beruhigt und repariert ein Bad in Salzwasser gesch\u00e4digte Haut und f\u00f6rdert die Zellerneuerung. Und die zus\u00e4tzliche Menge an Oliven-, Jojoba-, Nachtkerzen- und anderen Basis\u00f6len n\u00e4hrt und befeuchtet die Haut.<\/p>\n<p>Wir haben jedoch noch mehr getan und reichlich reine \u00e4therische \u00d6le und getrocknete Bl\u00fcten hinzugef\u00fcgt, um das ultimative Aromatherapie-Badeerlebnis zu schaffen.<\/p>\n","protected":false},"excerpt":{"rendered":"<p>Klarheit: \u00c4therische Rosmarin- und Muskatellersalbei\u00f6le + Oliven\u00f6l Mineralisches, reichhaltiges Himalaya-Salz, angereichert mit 100 % \u00e4therischen \u00d6len, Oliven\u00f6l und getrocknetem Rosmarin. Die heilende Wirkung von Salzb\u00e4dern wird dank der gut dokumentierten gesundheitlichen Vorteile schon bei den alten Griechen gesch\u00e4tzt. Und bei der Wahl des Salzes zum Baden ist reines Himalaya-Salz unschlagbar! Da Himalaya-Salz so reich an [&hellip;]<\/p>\n","protected":false},"featured_media":287695,"comment_status":"closed","ping_status":"open","template":"","meta":{"_angie_page":false},"product_brand":[],"product_cat":[19448,20683],"product_tag":[],"class_list":{"0":"post-239501","1":"product","2":"type-product","3":"status-publish","4":"has-post-thumbnail","6":"product_cat-bad-und-korper","7":"product_cat-badekristalle-und-badesalze","8":"pa_collection-himalayan-bath-salt-blends-500g-de","9":"pa_made-in-vereinigtes-koenigreich","10":"pa_size-500g","12":"first","13":"instock","14":"purchasable","15":"product-type-simple"},"supplier_id":null,"supplier_sku":"HBathS-02","barcode":null,"atum_controlled":true,"out_stock_date":null,"out_stock_threshold":null,"inheritable":false,"inbound_stock":null,"stock_on_hold":0,"sold_today":0,"sales_last_days":0,"reserved_stock":null,"customer_returns":null,"warehouse_damage":null,"lost_in_post":null,"other_logs":null,"out_stock_days":0,"lost_sales":0,"has_location":null,"update_date":"2026-04-27T07:06:46","atum_locations":[],"atum_stock_status":"instock","restock_status":false,"low_stock_amount":"","sales_update_date":"2025-09-05T00:19:22","calc_backorders":null,"_links":{"self":[{"href":"https:\/\/aromasentia.com\/de\/wp-json\/wp\/v2\/product\/239501","targetHints":{"allow":["GET"]}}],"collection":[{"href":"https:\/\/aromasentia.com\/de\/wp-json\/wp\/v2\/product"}],"about":[{"href":"https:\/\/aromasentia.com\/de\/wp-json\/wp\/v2\/types\/product"}],"replies":[{"embeddable":true,"href":"https:\/\/aromasentia.com\/de\/wp-json\/wp\/v2\/comments?post=239501"}],"version-history":[{"count":0,"href":"https:\/\/aromasentia.com\/de\/wp-json\/wp\/v2\/product\/239501\/revisions"}],"wp:featuredmedia":[{"embeddable":true,"href":"https:\/\/aromasentia.com\/de\/wp-json\/wp\/v2\/media\/287695"}],"wp:attachment":[{"href":"https:\/\/aromasentia.com\/de\/wp-json\/wp\/v2\/media?parent=239501"}],"wp:term":[{"taxonomy":"product_brand","embeddable":true,"href":"https:\/\/aromasentia.com\/de\/wp-json\/wp\/v2\/product_brand?post=239501"},{"taxonomy":"product_cat","embeddable":true,"href":"https:\/\/aromasentia.com\/de\/wp-json\/wp\/v2\/product_cat?post=239501"},{"taxonomy":"product_tag","embeddable":true,"href":"https:\/\/aromasentia.com\/de\/wp-json\/wp\/v2\/product_tag?post=239501"}],"curies":[{"name":"wp","href":"https:\/\/api.w.org\/{rel}","templated":true}]}}