{"id":239469,"date":"2025-03-20T16:52:12","date_gmt":"2025-03-20T16:52:12","guid":{"rendered":"https:\/\/aromasentia.com\/product\/soap-flower-gift-bouquet-14-pink-roses-round\/"},"modified":"2025-12-30T20:32:10","modified_gmt":"2025-12-30T20:32:10","slug":"seifenblumen-geschenk-blumenstrauss-14-rosa-rosen-rund","status":"publish","type":"product","link":"https:\/\/aromasentia.com\/de\/seifenblumen-geschenk-blumenstrauss-14-rosa-rosen-rund\/","title":{"rendered":"Seifenblumen-Geschenk-Blumenstrau\u00df &#8211; 14 Rosa Rosen &#8211; rund"},"content":{"rendered":"<p><span style=\"color: rgb(75, 80, 88);\"><strong>Seifenblumen-Geschenkstrau\u00df &#8211; 14 rosa Rosen &#8211; rund<\/strong> sieht fast wie echte Blumen aus. Er kann leicht Ihr meistverkauftes Produkt werden, wenn Sie Badgeschenke und -accessoires verkaufen.<\/span><\/p>\n<p><span style=\"color: rgb(75, 80, 88);\">Er ist ein perfektes Geschenk f\u00fcr jeden Anlass, insbesondere zum Valentinstag, Muttertag oder als Hochzeitsgeschenk. Mit einer Flasche erlesenen Weins k\u00f6nnen Sie einen Jahrestag auf romantischste Weise feiern. Geben Sie Ihrer besseren H\u00e4lfte ein au\u00dfergew\u00f6hnliches Gef\u00fchl \ud83d\ude42 Alternativ kann dieser Strau\u00df eine angenehme Atmosph\u00e4re an der Hotelrezeption oder im Flur schaffen.<\/span><\/p>\n<p><span style=\"color: rgb(75, 80, 88);\">Geben Sie einfach ein oder zwei Rosenbl\u00e4tter in ein warmes Bad, entspannen Sie sich und beobachten Sie, wie sich die Bl\u00fcten aufl\u00f6sen. Ihre Kunden werden den leichten Duft und das farbenfrohe Wasser genie\u00dfen. &nbsp;<\/span><\/p>\n<p><span style=\"color: rgb(75, 80, 88);\">Wundersch\u00f6n arrangiert und in einer h\u00fcbschen Geschenkbox mit einem Hauch von Luxus pr\u00e4sentiert, wird es auf den ersten Blick die Aufmerksamkeit auf sich ziehen.&nbsp;<\/span><\/p>\n<p><span style=\"color: rgb(75, 80, 88);\">Die Box kann wiederverwendet werden, Ihre Kunden k\u00f6nnen ein weiteres sch\u00f6nes Geschenk daraus machen oder einfach Kleinigkeiten darin verstecken.<\/span><\/p>\n<p><span style=\"color: rgb(75, 80, 88);\"><strong>Jetzt hinzuf\u00fcgen und bestellen, diese werden Ihre Kunden sicher begeistern.<\/strong><\/span><\/p>\n","protected":false},"excerpt":{"rendered":"<p>Seifenblumen-Geschenkstrau\u00df &#8211; 14 rosa Rosen &#8211; rund sieht fast wie echte Blumen aus. Er kann leicht Ihr meistverkauftes Produkt werden, wenn Sie Badgeschenke und -accessoires verkaufen. Er ist ein perfektes Geschenk f\u00fcr jeden Anlass, insbesondere zum Valentinstag, Muttertag oder als Hochzeitsgeschenk. Mit einer Flasche erlesenen Weins k\u00f6nnen Sie einen Jahrestag auf romantischste Weise feiern. Geben [&hellip;]<\/p>\n","protected":false},"featured_media":287288,"comment_status":"closed","ping_status":"open","template":"","meta":{"_angie_page":false},"product_brand":[],"product_cat":[19448,26833,25841,20589,26370],"product_tag":[],"class_list":{"0":"post-239469","1":"product","2":"type-product","3":"status-publish","4":"has-post-thumbnail","6":"product_cat-bad-und-korper","7":"product_cat-blumig","8":"product_cat-dufte-aromen","9":"product_cat-okologische-seifen","10":"product_cat-rosen","11":"pa_collection-gift-soap-flower-bouquet-de","12":"pa_made-in-china","14":"first","15":"instock","16":"purchasable","17":"product-type-simple"},"supplier_id":null,"supplier_sku":"GSFB-06","barcode":null,"atum_controlled":true,"out_stock_date":null,"out_stock_threshold":null,"inheritable":false,"inbound_stock":null,"stock_on_hold":0,"sold_today":0,"sales_last_days":0,"reserved_stock":null,"customer_returns":null,"warehouse_damage":null,"lost_in_post":null,"other_logs":null,"out_stock_days":0,"lost_sales":0,"has_location":null,"update_date":"2026-05-04T00:03:55","atum_locations":[],"atum_stock_status":"instock","restock_status":false,"low_stock_amount":"","sales_update_date":"2025-09-05T00:19:20","calc_backorders":null,"_links":{"self":[{"href":"https:\/\/aromasentia.com\/de\/wp-json\/wp\/v2\/product\/239469","targetHints":{"allow":["GET"]}}],"collection":[{"href":"https:\/\/aromasentia.com\/de\/wp-json\/wp\/v2\/product"}],"about":[{"href":"https:\/\/aromasentia.com\/de\/wp-json\/wp\/v2\/types\/product"}],"replies":[{"embeddable":true,"href":"https:\/\/aromasentia.com\/de\/wp-json\/wp\/v2\/comments?post=239469"}],"version-history":[{"count":0,"href":"https:\/\/aromasentia.com\/de\/wp-json\/wp\/v2\/product\/239469\/revisions"}],"wp:featuredmedia":[{"embeddable":true,"href":"https:\/\/aromasentia.com\/de\/wp-json\/wp\/v2\/media\/287288"}],"wp:attachment":[{"href":"https:\/\/aromasentia.com\/de\/wp-json\/wp\/v2\/media?parent=239469"}],"wp:term":[{"taxonomy":"product_brand","embeddable":true,"href":"https:\/\/aromasentia.com\/de\/wp-json\/wp\/v2\/product_brand?post=239469"},{"taxonomy":"product_cat","embeddable":true,"href":"https:\/\/aromasentia.com\/de\/wp-json\/wp\/v2\/product_cat?post=239469"},{"taxonomy":"product_tag","embeddable":true,"href":"https:\/\/aromasentia.com\/de\/wp-json\/wp\/v2\/product_tag?post=239469"}],"curies":[{"name":"wp","href":"https:\/\/api.w.org\/{rel}","templated":true}]}}