{"id":239393,"date":"2025-03-20T16:56:09","date_gmt":"2025-03-20T16:56:09","guid":{"rendered":"https:\/\/aromasentia.com\/product\/love-heart-bath-bomb-70g-french-lavender\/"},"modified":"2025-12-30T20:31:55","modified_gmt":"2025-12-30T20:31:55","slug":"herzbadebombe-70g-franzoesischer-lavendel","status":"publish","type":"product","link":"https:\/\/aromasentia.com\/de\/herzbadebombe-70g-franzoesischer-lavendel\/","title":{"rendered":"\u00a0Herzbadebombe 70g &#8211; Franz\u00f6sischer Lavendel"},"content":{"rendered":"<h2 style=\"text-align: justify;\"><span style=\"color: rgb(40, 50, 78);\">Gro\u00dfhandel Liebesherz Badebombe Lavendel<\/span><\/h2>\n<p style=\"text-align: justify;\"><span style=\"color: rgb(40, 50, 78);\"><strong>Unsere Liebesherz-Badebomben<\/strong> sind perfekt f\u00fcr alle, die ein beruhigendes und aromatisches Bad suchen. Sie l\u00f6sen sich langsam auf und geben dabei eine duftende Mischung aus \u00e4therischen \u00d6len, Lavendelbl\u00fcten und Bittersalz ab, die Ihre Haut mit Feuchtigkeit versorgt und ihr ein seidig-weiches Gef\u00fchl verleiht.<\/span><\/p>\n<p style=\"text-align: justify;\"><span style=\"color: rgb(40, 50, 78);\">Diese Badebomben werden <strong>handgefertigt unter Verwendung der feinsten nat\u00fcrlichen Inhaltsstoffe<\/strong>, was sie perfekt f\u00fcr eine Vielzahl von Kunden macht, einschlie\u00dflich <strong>Spas<\/strong>,&nbsp;<strong>Hotels<\/strong>, und <strong>Einzelh\u00e4ndler<\/strong>. Jedes Set enth\u00e4lt 16 Badebomben, sch\u00f6n verpackt und bereit zum Verkauf in Ihrem Gesch\u00e4ft oder zur Verwendung in Ihren Spa-Behandlungen.<\/span><\/p>\n<p style=\"text-align: justify;\"><span style=\"color: rgb(40, 50, 78);\">Verpassen Sie nicht die Gelegenheit, Ihren Kunden ein luxuri\u00f6ses und entspannendes Badeerlebnis mit unseren <a href=\"https:\/\/aromasentia.com\/wholesale-bath-bombs-uk\" rel=\"noopener noreferrer\" target=\"_blank\">Gro\u00dfhandels-Badebomben<\/a>, einschlie\u00dflich des 16x Love Heart Badebombe Sets.&nbsp;<\/span><\/p>\n<p style=\"text-align: justify;\"><span style=\"color: rgb(40, 50, 78);\"><strong>Bestellen Sie jetzt<\/strong> und erleben Sie die Vorteile dieser wohltuenden und aromatischen Badebomben und schenken Sie Ihren Kunden ein luxuri\u00f6ses und beruhigendes Badeerlebnis mit unserem <a href=\"https:\/\/aromasentia.com\/heartb\" rel=\"noopener noreferrer\" target=\"_blank\">Gro\u00dfhandel Franz\u00f6sischer Lavendel Badebomben<\/a>.<\/span>&nbsp;<\/p>\n","protected":false},"excerpt":{"rendered":"<p>Gro\u00dfhandel Liebesherz Badebombe Lavendel Unsere Liebesherz-Badebomben sind perfekt f\u00fcr alle, die ein beruhigendes und aromatisches Bad suchen. Sie l\u00f6sen sich langsam auf und geben dabei eine duftende Mischung aus \u00e4therischen \u00d6len, Lavendelbl\u00fcten und Bittersalz ab, die Ihre Haut mit Feuchtigkeit versorgt und ihr ein seidig-weiches Gef\u00fchl verleiht. Diese Badebomben werden handgefertigt unter Verwendung der feinsten [&hellip;]<\/p>\n","protected":false},"featured_media":288068,"comment_status":"closed","ping_status":"open","template":"","meta":{"_angie_page":false},"product_brand":[],"product_cat":[19448,20511,26833,25841,26234],"product_tag":[],"class_list":{"0":"post-239393","1":"product","2":"type-product","3":"status-publish","4":"has-post-thumbnail","6":"product_cat-bad-und-korper","7":"product_cat-badebomben-badekugeln","8":"product_cat-blumig","9":"product_cat-dufte-aromen","10":"product_cat-lavendel","11":"pa_collection-love-heart-bath-bomb-70-g-de","12":"pa_made-in-vereinigtes-koenigreich","13":"pa_size-70g","15":"first","16":"instock","17":"purchasable","18":"product-type-simple"},"supplier_id":null,"supplier_sku":"HeartB-04a","barcode":null,"atum_controlled":true,"out_stock_date":null,"out_stock_threshold":null,"inheritable":false,"inbound_stock":null,"stock_on_hold":0,"sold_today":0,"sales_last_days":0,"reserved_stock":null,"customer_returns":null,"warehouse_damage":null,"lost_in_post":null,"other_logs":null,"out_stock_days":0,"lost_sales":0,"has_location":null,"update_date":"2026-05-08T05:10:48","atum_locations":[],"atum_stock_status":"instock","restock_status":false,"low_stock_amount":"","sales_update_date":"2025-09-05T00:19:26","calc_backorders":null,"_links":{"self":[{"href":"https:\/\/aromasentia.com\/de\/wp-json\/wp\/v2\/product\/239393","targetHints":{"allow":["GET"]}}],"collection":[{"href":"https:\/\/aromasentia.com\/de\/wp-json\/wp\/v2\/product"}],"about":[{"href":"https:\/\/aromasentia.com\/de\/wp-json\/wp\/v2\/types\/product"}],"replies":[{"embeddable":true,"href":"https:\/\/aromasentia.com\/de\/wp-json\/wp\/v2\/comments?post=239393"}],"version-history":[{"count":0,"href":"https:\/\/aromasentia.com\/de\/wp-json\/wp\/v2\/product\/239393\/revisions"}],"wp:featuredmedia":[{"embeddable":true,"href":"https:\/\/aromasentia.com\/de\/wp-json\/wp\/v2\/media\/288068"}],"wp:attachment":[{"href":"https:\/\/aromasentia.com\/de\/wp-json\/wp\/v2\/media?parent=239393"}],"wp:term":[{"taxonomy":"product_brand","embeddable":true,"href":"https:\/\/aromasentia.com\/de\/wp-json\/wp\/v2\/product_brand?post=239393"},{"taxonomy":"product_cat","embeddable":true,"href":"https:\/\/aromasentia.com\/de\/wp-json\/wp\/v2\/product_cat?post=239393"},{"taxonomy":"product_tag","embeddable":true,"href":"https:\/\/aromasentia.com\/de\/wp-json\/wp\/v2\/product_tag?post=239393"}],"curies":[{"name":"wp","href":"https:\/\/api.w.org\/{rel}","templated":true}]}}