{"id":239373,"date":"2025-03-20T16:56:09","date_gmt":"2025-03-20T16:56:09","guid":{"rendered":"https:\/\/aromasentia.com\/product\/chamomile-hydrolat-100ml\/"},"modified":"2025-12-30T20:31:55","modified_gmt":"2025-12-30T20:31:55","slug":"kamillenhydrolat-100ml","status":"publish","type":"product","link":"https:\/\/aromasentia.com\/de\/kamillenhydrolat-100ml\/","title":{"rendered":"Kamillenhydrolat 100ml"},"content":{"rendered":"<p><em><span style=\"color: rgb(75, 80, 88);\">Wir pr\u00e4sentieren <strong>Kamillenhydrolat<\/strong> in der praktischen <strong>100-ml-Gr\u00f6\u00dfe<\/strong>!<\/span><\/em><\/p>\n<p><span style=\"color: rgb(75, 80, 88);\">Kamillenhydrolat bietet zahlreiche Vorteile f\u00fcr Ihre Haut und Ihr allgemeines Wohlbefinden. Es wirkt als sanftes und wohltuendes Gesichtswasser, das die Haut beruhigt und ausgleicht und gleichzeitig R\u00f6tungen und Entz\u00fcndungen reduziert. Dank seiner sanften Eigenschaften ist es f\u00fcr alle Hauttypen geeignet, auch f\u00fcr empfindliche und gereizte Haut.<\/span><\/p>\n<p><span style=\"color: rgb(75, 80, 88);\">Das bezaubernde Aroma der Kamille ist bekannt f\u00fcr seine entspannenden und wohltuenden Eigenschaften. Unser Kamillenhydrolat kann als Gesichtsnebel, K\u00f6rperspray oder in Bade- und K\u00f6rperformulierungen verwendet werden, um eine ruhige Atmosph\u00e4re zu schaffen.<\/span><\/p>\n<p><span style=\"color: rgb(75, 80, 88);\"><em>Als Produkt ist unser&nbsp;<\/em><em>Kamillenhydrolat&nbsp;<\/em><em>perfekt f\u00fcr Kosmetiklieferanten, Spas, Aromatherapeuten und Heimwerker, die die nat\u00fcrliche G\u00fcte der Kamille in ihr Angebot integrieren m\u00f6chten.&nbsp;<\/em><\/span><\/p>\n<p><em><span style=\"color: rgb(75, 80, 88);\">Erweitern Sie Ihre Produktlinie mit diesem au\u00dfergew\u00f6hnlichen Kamillenhydrolat.<\/span><\/em><\/p>\n","protected":false},"excerpt":{"rendered":"<p>Wir pr\u00e4sentieren Kamillenhydrolat in der praktischen 100-ml-Gr\u00f6\u00dfe! Kamillenhydrolat bietet zahlreiche Vorteile f\u00fcr Ihre Haut und Ihr allgemeines Wohlbefinden. Es wirkt als sanftes und wohltuendes Gesichtswasser, das die Haut beruhigt und ausgleicht und gleichzeitig R\u00f6tungen und Entz\u00fcndungen reduziert. Dank seiner sanften Eigenschaften ist es f\u00fcr alle Hauttypen geeignet, auch f\u00fcr empfindliche und gereizte Haut. Das bezaubernde [&hellip;]<\/p>\n","protected":false},"featured_media":287983,"comment_status":"closed","ping_status":"open","template":"","meta":{"_angie_page":false},"product_brand":[27070],"product_cat":[19448,26833,25841,20989,26130],"product_tag":[],"class_list":{"0":"post-239373","1":"product","2":"type-product","3":"status-publish","4":"has-post-thumbnail","6":"product_brand-aw-cosmetics","7":"product_cat-bad-und-korper","8":"product_cat-blumig","9":"product_cat-dufte-aromen","10":"product_cat-korperpflege","11":"product_cat-romische-kamille","12":"pa_collection-hydrolat-floral-waters-de","13":"pa_made-in-vereinigtes-koenigreich","14":"pa_size-100ml","16":"first","17":"instock","18":"purchasable","19":"product-type-simple"},"supplier_id":null,"supplier_sku":"HDL-03","barcode":null,"atum_controlled":true,"out_stock_date":null,"out_stock_threshold":null,"inheritable":false,"inbound_stock":null,"stock_on_hold":0,"sold_today":0,"sales_last_days":0,"reserved_stock":null,"customer_returns":null,"warehouse_damage":null,"lost_in_post":null,"other_logs":null,"out_stock_days":0,"lost_sales":0,"has_location":null,"update_date":"2026-04-30T19:05:59","atum_locations":[],"atum_stock_status":"instock","restock_status":false,"low_stock_amount":"","sales_update_date":"2026-01-30T01:24:53","calc_backorders":null,"_links":{"self":[{"href":"https:\/\/aromasentia.com\/de\/wp-json\/wp\/v2\/product\/239373","targetHints":{"allow":["GET"]}}],"collection":[{"href":"https:\/\/aromasentia.com\/de\/wp-json\/wp\/v2\/product"}],"about":[{"href":"https:\/\/aromasentia.com\/de\/wp-json\/wp\/v2\/types\/product"}],"replies":[{"embeddable":true,"href":"https:\/\/aromasentia.com\/de\/wp-json\/wp\/v2\/comments?post=239373"}],"version-history":[{"count":0,"href":"https:\/\/aromasentia.com\/de\/wp-json\/wp\/v2\/product\/239373\/revisions"}],"wp:featuredmedia":[{"embeddable":true,"href":"https:\/\/aromasentia.com\/de\/wp-json\/wp\/v2\/media\/287983"}],"wp:attachment":[{"href":"https:\/\/aromasentia.com\/de\/wp-json\/wp\/v2\/media?parent=239373"}],"wp:term":[{"taxonomy":"product_brand","embeddable":true,"href":"https:\/\/aromasentia.com\/de\/wp-json\/wp\/v2\/product_brand?post=239373"},{"taxonomy":"product_cat","embeddable":true,"href":"https:\/\/aromasentia.com\/de\/wp-json\/wp\/v2\/product_cat?post=239373"},{"taxonomy":"product_tag","embeddable":true,"href":"https:\/\/aromasentia.com\/de\/wp-json\/wp\/v2\/product_tag?post=239373"}],"curies":[{"name":"wp","href":"https:\/\/api.w.org\/{rel}","templated":true}]}}