{"id":239353,"date":"2025-03-20T16:57:53","date_gmt":"2025-03-20T16:57:53","guid":{"rendered":"https:\/\/aromasentia.com\/product\/white-crystal-chunks-1kg-large\/"},"modified":"2025-12-30T20:31:48","modified_gmt":"2025-12-30T20:31:48","slug":"white-crystal-chunks-1kg-large","status":"publish","type":"product","link":"https:\/\/aromasentia.com\/de\/white-crystal-chunks-1kg-large\/","title":{"rendered":"White Crystal Chunks 1KG &#8211; Large"},"content":{"rendered":"<p>Himalaya-Salz ist, wenn es roh und in seinem nat\u00fcrlichen Zustand belassen wird, reich an N\u00e4hrstoffen und Mineralien.<\/p>\n<p>Perfekt f\u00fcr Salzlampen, Ionisierung und viele andere Anwendungen. Nur zur \u00e4u\u00dferen Anwendung empfohlen.<\/p>\n<p>><\/p>\n","protected":false},"excerpt":{"rendered":"<p>Himalaya-Salz ist, wenn es roh und in seinem nat\u00fcrlichen Zustand belassen wird, reich an N\u00e4hrstoffen und Mineralien. Perfekt f\u00fcr Salzlampen, Ionisierung und viele andere Anwendungen. Nur zur \u00e4u\u00dferen Anwendung empfohlen. ><\/p>\n","protected":false},"featured_media":288400,"comment_status":"closed","ping_status":"open","template":"","meta":{"_angie_page":false},"product_brand":[],"product_cat":[19448,20683],"product_tag":[],"class_list":{"0":"post-239353","1":"product","2":"type-product","3":"status-publish","4":"has-post-thumbnail","6":"product_cat-bad-und-korper","7":"product_cat-badekristalle-und-badesalze","8":"pa_collection-himalayan-bath-salt-de","9":"pa_made-in-pakistan","11":"first","12":"instock","13":"purchasable","14":"product-type-simple"},"supplier_id":null,"supplier_sku":"HSalt-32X","barcode":null,"atum_controlled":true,"out_stock_date":null,"out_stock_threshold":null,"inheritable":false,"inbound_stock":null,"stock_on_hold":0,"sold_today":0,"sales_last_days":0,"reserved_stock":null,"customer_returns":null,"warehouse_damage":null,"lost_in_post":null,"other_logs":null,"out_stock_days":0,"lost_sales":0,"has_location":null,"update_date":"2026-05-08T05:10:50","atum_locations":[],"atum_stock_status":"instock","restock_status":false,"low_stock_amount":"","sales_update_date":"2026-02-06T00:01:26","calc_backorders":null,"_links":{"self":[{"href":"https:\/\/aromasentia.com\/de\/wp-json\/wp\/v2\/product\/239353","targetHints":{"allow":["GET"]}}],"collection":[{"href":"https:\/\/aromasentia.com\/de\/wp-json\/wp\/v2\/product"}],"about":[{"href":"https:\/\/aromasentia.com\/de\/wp-json\/wp\/v2\/types\/product"}],"replies":[{"embeddable":true,"href":"https:\/\/aromasentia.com\/de\/wp-json\/wp\/v2\/comments?post=239353"}],"version-history":[{"count":0,"href":"https:\/\/aromasentia.com\/de\/wp-json\/wp\/v2\/product\/239353\/revisions"}],"wp:featuredmedia":[{"embeddable":true,"href":"https:\/\/aromasentia.com\/de\/wp-json\/wp\/v2\/media\/288400"}],"wp:attachment":[{"href":"https:\/\/aromasentia.com\/de\/wp-json\/wp\/v2\/media?parent=239353"}],"wp:term":[{"taxonomy":"product_brand","embeddable":true,"href":"https:\/\/aromasentia.com\/de\/wp-json\/wp\/v2\/product_brand?post=239353"},{"taxonomy":"product_cat","embeddable":true,"href":"https:\/\/aromasentia.com\/de\/wp-json\/wp\/v2\/product_cat?post=239353"},{"taxonomy":"product_tag","embeddable":true,"href":"https:\/\/aromasentia.com\/de\/wp-json\/wp\/v2\/product_tag?post=239353"}],"curies":[{"name":"wp","href":"https:\/\/api.w.org\/{rel}","templated":true}]}}