{"id":239305,"date":"2025-03-20T16:57:53","date_gmt":"2025-03-20T16:57:53","guid":{"rendered":"https:\/\/aromasentia.com\/product\/carved-mango-wood-cutter-for-soap-loaves\/"},"modified":"2025-12-30T20:31:40","modified_gmt":"2025-12-30T20:31:40","slug":"seifenschneider-aus-mangoholz","status":"publish","type":"product","link":"https:\/\/aromasentia.com\/de\/seifenschneider-aus-mangoholz\/","title":{"rendered":"Seifenschneider aus Mangoholz"},"content":{"rendered":"<p><span style=\"color: rgb(75, 80, 88);\">Wenn Sie Seifenlaibe oder andere unverpackte Seifen verkaufen, m\u00f6chten Sie diese am Verkaufsort professionell schneiden und verpacken lassen.<\/span><\/p>\n<p><span style=\"color: rgb(75, 80, 88);\">Hierf\u00fcr liefern wir Folgendes, Sie k\u00f6nnen aber auch unsere Organzabeutel oder Polypropylenbeutel in Betracht ziehen.<\/span><\/p>\n<p><span style=\"color: rgb(75, 80, 88);\">Sie k\u00f6nnen die Seifenlaibe mit einem Messer schneiden, aber mit einem <strong>Aroma Sentia<\/strong> Seifenlaibschneider aus geschnitztem Mangoholz erhalten Sie gleichm\u00e4\u00dfigere Seifen und es geht schneller. Unser Seifenschneider schneidet etwa 2 cm dicke Seifen.<\/span><\/p>\n","protected":false},"excerpt":{"rendered":"<p>Wenn Sie Seifenlaibe oder andere unverpackte Seifen verkaufen, m\u00f6chten Sie diese am Verkaufsort professionell schneiden und verpacken lassen. Hierf\u00fcr liefern wir Folgendes, Sie k\u00f6nnen aber auch unsere Organzabeutel oder Polypropylenbeutel in Betracht ziehen. Sie k\u00f6nnen die Seifenlaibe mit einem Messer schneiden, aber mit einem Aroma Sentia Seifenlaibschneider aus geschnitztem Mangoholz erhalten Sie gleichm\u00e4\u00dfigere Seifen und [&hellip;]<\/p>\n","protected":false},"featured_media":288166,"comment_status":"closed","ping_status":"open","template":"","meta":{"_angie_page":false},"product_brand":[],"product_cat":[19448,20589],"product_tag":[],"class_list":{"0":"post-239305","1":"product","2":"type-product","3":"status-publish","4":"has-post-thumbnail","6":"product_cat-bad-und-korper","7":"product_cat-okologische-seifen","8":"pa_collection-soap-bathbomb-accessories-de","9":"pa_made-in-indien","11":"first","12":"instock","13":"purchasable","14":"product-type-simple"},"supplier_id":null,"supplier_sku":"HMS-34M","barcode":null,"atum_controlled":true,"out_stock_date":null,"out_stock_threshold":null,"inheritable":false,"inbound_stock":0,"stock_on_hold":0,"sold_today":0,"sales_last_days":0,"reserved_stock":0,"customer_returns":0,"warehouse_damage":0,"lost_in_post":0,"other_logs":0,"out_stock_days":0,"lost_sales":0,"has_location":false,"update_date":"2026-04-27T07:07:34","atum_locations":[],"atum_stock_status":"instock","restock_status":false,"low_stock_amount":"","sales_update_date":"2026-01-30T01:24:29","calc_backorders":null,"_links":{"self":[{"href":"https:\/\/aromasentia.com\/de\/wp-json\/wp\/v2\/product\/239305","targetHints":{"allow":["GET"]}}],"collection":[{"href":"https:\/\/aromasentia.com\/de\/wp-json\/wp\/v2\/product"}],"about":[{"href":"https:\/\/aromasentia.com\/de\/wp-json\/wp\/v2\/types\/product"}],"replies":[{"embeddable":true,"href":"https:\/\/aromasentia.com\/de\/wp-json\/wp\/v2\/comments?post=239305"}],"version-history":[{"count":0,"href":"https:\/\/aromasentia.com\/de\/wp-json\/wp\/v2\/product\/239305\/revisions"}],"wp:featuredmedia":[{"embeddable":true,"href":"https:\/\/aromasentia.com\/de\/wp-json\/wp\/v2\/media\/288166"}],"wp:attachment":[{"href":"https:\/\/aromasentia.com\/de\/wp-json\/wp\/v2\/media?parent=239305"}],"wp:term":[{"taxonomy":"product_brand","embeddable":true,"href":"https:\/\/aromasentia.com\/de\/wp-json\/wp\/v2\/product_brand?post=239305"},{"taxonomy":"product_cat","embeddable":true,"href":"https:\/\/aromasentia.com\/de\/wp-json\/wp\/v2\/product_cat?post=239305"},{"taxonomy":"product_tag","embeddable":true,"href":"https:\/\/aromasentia.com\/de\/wp-json\/wp\/v2\/product_tag?post=239305"}],"curies":[{"name":"wp","href":"https:\/\/api.w.org\/{rel}","templated":true}]}}