{"id":239265,"date":"2025-03-20T17:12:26","date_gmt":"2025-03-20T17:12:26","guid":{"rendered":"https:\/\/aromasentia.com\/product\/hand-crafted-soap-melon\/"},"modified":"2025-12-30T20:31:33","modified_gmt":"2025-12-30T20:31:33","slug":"handgemachte-seife-12-kg-melone","status":"publish","type":"product","link":"https:\/\/aromasentia.com\/de\/handgemachte-seife-12-kg-melone\/","title":{"rendered":"Handgemachte Seife 1,2 kg &#8211; Melone"},"content":{"rendered":"<p>Neue Reihe handgefertigter Melonenseifen, hergestellt aus hochwertigsten Zutaten im Schmelz- und Gie\u00dfverfahren.<\/p>\n<p>Entdecken Sie eine Vielzahl an bet\u00f6renden D\u00fcften und f\u00fchlbaren Texturen. H\u00e4nde, K\u00f6rper und Seele Ihrer Kunden f\u00fchlen sich gereinigt, gepflegt und mit Feuchtigkeit versorgt an.<\/p>\n<p>Der meistbesuchte Stand auf dem Kunsthandwerksmarkt ist oft der mit den handgemachten Seifenst\u00fccken. Das Geheimnis liegt in der Pr\u00e4sentation &#8230; seien Sie kreativ!<\/p>\n<p>Eine wirklich sch\u00f6ne Seife, geliefert in St\u00fccken zu je 100 g (ungef\u00e4hres Gewicht).<\/p>\n<p>Farbe und Design k\u00f6nnen leicht abweichen. Wir bieten auch Folien, Etiketten und Seifenschneider an, siehe unten.<\/p>\n<p><strong>Handgefertigte Seifen \u2013 Erstaunliche D\u00fcfte \u2013 Wundersch\u00f6ne Farben<\/strong><\/p>\n","protected":false},"excerpt":{"rendered":"<p>Neue Reihe handgefertigter Melonenseifen, hergestellt aus hochwertigsten Zutaten im Schmelz- und Gie\u00dfverfahren. Entdecken Sie eine Vielzahl an bet\u00f6renden D\u00fcften und f\u00fchlbaren Texturen. H\u00e4nde, K\u00f6rper und Seele Ihrer Kunden f\u00fchlen sich gereinigt, gepflegt und mit Feuchtigkeit versorgt an. Der meistbesuchte Stand auf dem Kunsthandwerksmarkt ist oft der mit den handgemachten Seifenst\u00fccken. Das Geheimnis liegt in der [&hellip;]<\/p>\n","protected":false},"featured_media":288658,"comment_status":"closed","ping_status":"open","template":"","meta":{"_angie_page":false},"product_brand":[],"product_cat":[19448,25841,26847,26472,20589],"product_tag":[],"class_list":{"0":"post-239265","1":"product","2":"type-product","3":"status-publish","4":"has-post-thumbnail","6":"product_cat-bad-und-korper","7":"product_cat-dufte-aromen","8":"product_cat-fruchtig","9":"product_cat-melone","10":"product_cat-okologische-seifen","11":"pa_collection-handmade-soap-loaves-1-25kg-slices-de","12":"pa_made-in-tschechien","14":"first","15":"instock","16":"purchasable","17":"product-type-simple"},"supplier_id":null,"supplier_sku":"HSBS-02","barcode":null,"atum_controlled":true,"out_stock_date":null,"out_stock_threshold":null,"inheritable":false,"inbound_stock":null,"stock_on_hold":0,"sold_today":0,"sales_last_days":0,"reserved_stock":null,"customer_returns":null,"warehouse_damage":null,"lost_in_post":null,"other_logs":null,"out_stock_days":0,"lost_sales":0,"has_location":null,"update_date":"2026-05-04T00:03:56","atum_locations":[],"atum_stock_status":"instock","restock_status":false,"low_stock_amount":"","sales_update_date":"2025-09-05T00:19:31","calc_backorders":null,"_links":{"self":[{"href":"https:\/\/aromasentia.com\/de\/wp-json\/wp\/v2\/product\/239265","targetHints":{"allow":["GET"]}}],"collection":[{"href":"https:\/\/aromasentia.com\/de\/wp-json\/wp\/v2\/product"}],"about":[{"href":"https:\/\/aromasentia.com\/de\/wp-json\/wp\/v2\/types\/product"}],"replies":[{"embeddable":true,"href":"https:\/\/aromasentia.com\/de\/wp-json\/wp\/v2\/comments?post=239265"}],"version-history":[{"count":0,"href":"https:\/\/aromasentia.com\/de\/wp-json\/wp\/v2\/product\/239265\/revisions"}],"wp:featuredmedia":[{"embeddable":true,"href":"https:\/\/aromasentia.com\/de\/wp-json\/wp\/v2\/media\/288658"}],"wp:attachment":[{"href":"https:\/\/aromasentia.com\/de\/wp-json\/wp\/v2\/media?parent=239265"}],"wp:term":[{"taxonomy":"product_brand","embeddable":true,"href":"https:\/\/aromasentia.com\/de\/wp-json\/wp\/v2\/product_brand?post=239265"},{"taxonomy":"product_cat","embeddable":true,"href":"https:\/\/aromasentia.com\/de\/wp-json\/wp\/v2\/product_cat?post=239265"},{"taxonomy":"product_tag","embeddable":true,"href":"https:\/\/aromasentia.com\/de\/wp-json\/wp\/v2\/product_tag?post=239265"}],"curies":[{"name":"wp","href":"https:\/\/api.w.org\/{rel}","templated":true}]}}