{"id":239205,"date":"2025-03-20T17:19:14","date_gmt":"2025-03-20T17:19:14","guid":{"rendered":"https:\/\/aromasentia.com\/product\/hand-crafted-soap-rose-slice-115g-approx\/"},"modified":"2025-12-30T20:31:26","modified_gmt":"2025-12-30T20:31:26","slug":"handgemachte-seife-12-kg-rose","status":"publish","type":"product","link":"https:\/\/aromasentia.com\/de\/handgemachte-seife-12-kg-rose\/","title":{"rendered":"Handgemachte Seife 1,2 kg  &#8211; Rose"},"content":{"rendered":"<p><span style=\"color: rgb(75, 80, 88);\">Neue Produktreihe <strong>Handgefertigter Seifenst\u00fccke \u2013 Rose<\/strong>, &nbsp;hergestellt aus hochwertigsten Zutaten im Schmelz- und Gie\u00dfverfahren.<\/span><\/p>\n<p><span style=\"color: rgb(75, 80, 88);\">Entdecken Sie eine Vielzahl an beschw\u00f6renden D\u00fcften und f\u00fchlbaren Texturen. H\u00e4nde, K\u00f6rper und Seele Ihrer Kunden f\u00fchlen sich gereinigt, gepflegt und mit Feuchtigkeit versorgt an.<\/span><\/p>\n<p><span style=\"color: rgb(75, 80, 88);\">Der gesch\u00e4ftigste Stand auf dem Kunsthandwerksmarkt ist oft der mit den handgemachten Seifenst\u00fccken. Das Geheimnis liegt in der Pr\u00e4sentation &#8230; seien Sie kreativ!&nbsp;<\/span><\/p>\n<p><span style=\"color: rgb(75, 80, 88);\">Eine wirklich sch\u00f6ne Seife, geliefert in St\u00fccken zu 100 g (ungef\u00e4hres Gewicht).&nbsp;<\/span><\/p>\n<p><span style=\"color: rgb(75, 80, 88);\">Farbe oder Design k\u00f6nnen leicht abweichen. Wir bieten auch Plastikfolien, Etiketten und Seifenschneider an, siehe unten.&nbsp;<\/span><\/p>\n<p><strong><span style=\"color: rgb(75, 80, 88);\">Handgefertigte Seifen &#8211; Erstaunliche D\u00fcfte &#8211; Wundersch\u00f6ne Farben<\/span><\/strong><\/p>\n","protected":false},"excerpt":{"rendered":"<p>Neue Produktreihe Handgefertigter Seifenst\u00fccke \u2013 Rose, &nbsp;hergestellt aus hochwertigsten Zutaten im Schmelz- und Gie\u00dfverfahren. Entdecken Sie eine Vielzahl an beschw\u00f6renden D\u00fcften und f\u00fchlbaren Texturen. H\u00e4nde, K\u00f6rper und Seele Ihrer Kunden f\u00fchlen sich gereinigt, gepflegt und mit Feuchtigkeit versorgt an. Der gesch\u00e4ftigste Stand auf dem Kunsthandwerksmarkt ist oft der mit den handgemachten Seifenst\u00fccken. Das Geheimnis liegt [&hellip;]<\/p>\n","protected":false},"featured_media":642513,"comment_status":"closed","ping_status":"open","template":"","meta":{"_angie_page":false},"product_brand":[],"product_cat":[19448,26833,25841,20589,26370],"product_tag":[],"class_list":{"0":"post-239205","1":"product","2":"type-product","3":"status-publish","4":"has-post-thumbnail","6":"product_cat-bad-und-korper","7":"product_cat-blumig","8":"product_cat-dufte-aromen","9":"product_cat-okologische-seifen","10":"product_cat-rosen","11":"pa_collection-handmade-soap-loaves-1-25kg-slices-de","12":"pa_made-in-tschechien","13":"pa_size-115g","15":"first","16":"instock","17":"purchasable","18":"product-type-simple"},"supplier_id":null,"supplier_sku":"HSBS-12","barcode":null,"atum_controlled":true,"out_stock_date":null,"out_stock_threshold":null,"inheritable":false,"inbound_stock":null,"stock_on_hold":0,"sold_today":0,"sales_last_days":0,"reserved_stock":null,"customer_returns":null,"warehouse_damage":null,"lost_in_post":null,"other_logs":null,"out_stock_days":0,"lost_sales":0,"has_location":null,"update_date":"2026-04-27T07:19:36","atum_locations":[],"atum_stock_status":"instock","restock_status":false,"low_stock_amount":"","sales_update_date":"2025-09-05T00:19:33","calc_backorders":null,"_links":{"self":[{"href":"https:\/\/aromasentia.com\/de\/wp-json\/wp\/v2\/product\/239205","targetHints":{"allow":["GET"]}}],"collection":[{"href":"https:\/\/aromasentia.com\/de\/wp-json\/wp\/v2\/product"}],"about":[{"href":"https:\/\/aromasentia.com\/de\/wp-json\/wp\/v2\/types\/product"}],"replies":[{"embeddable":true,"href":"https:\/\/aromasentia.com\/de\/wp-json\/wp\/v2\/comments?post=239205"}],"version-history":[{"count":0,"href":"https:\/\/aromasentia.com\/de\/wp-json\/wp\/v2\/product\/239205\/revisions"}],"wp:featuredmedia":[{"embeddable":true,"href":"https:\/\/aromasentia.com\/de\/wp-json\/wp\/v2\/media\/642513"}],"wp:attachment":[{"href":"https:\/\/aromasentia.com\/de\/wp-json\/wp\/v2\/media?parent=239205"}],"wp:term":[{"taxonomy":"product_brand","embeddable":true,"href":"https:\/\/aromasentia.com\/de\/wp-json\/wp\/v2\/product_brand?post=239205"},{"taxonomy":"product_cat","embeddable":true,"href":"https:\/\/aromasentia.com\/de\/wp-json\/wp\/v2\/product_cat?post=239205"},{"taxonomy":"product_tag","embeddable":true,"href":"https:\/\/aromasentia.com\/de\/wp-json\/wp\/v2\/product_tag?post=239205"}],"curies":[{"name":"wp","href":"https:\/\/api.w.org\/{rel}","templated":true}]}}