{"id":239197,"date":"2025-03-20T17:20:26","date_gmt":"2025-03-20T17:20:26","guid":{"rendered":"https:\/\/aromasentia.com\/product\/handcrafted-soap-loaf-1-2kg-melon\/"},"modified":"2025-12-30T20:31:26","modified_gmt":"2025-12-30T20:31:26","slug":"handcrafted-soap-loaf-1-2kg-melon","status":"publish","type":"product","link":"https:\/\/aromasentia.com\/de\/handcrafted-soap-loaf-1-2kg-melon\/","title":{"rendered":"Handcrafted Soap Loaf 1.2Kg &#8211; Melon"},"content":{"rendered":"<p>Die neue Produktreihe <strong>Aroma Sentia Ping handgemachte Seife \u2013 Melone 1,2 kg<\/strong> wird aus hochwertigsten Zutaten im Schmelz- und Gie\u00dfverfahren hergestellt.<\/p>\n<p>H\u00e4nde, K\u00f6rper und Seele Ihrer Kunden f\u00fchlen sich gereinigt, gepflegt und mit Feuchtigkeit versorgt an.<\/p>\n<p>Der meistbesuchte Stand auf dem Kunsthandwerksmarkt ist oft der mit den handgemachten Seifenst\u00fccken. Das Geheimnis liegt in der Pr\u00e4sentation &#8230; seien Sie kreativ!<\/p>\n<p>Eine wirklich sch\u00f6ne Seife in 1,2 kg Laibform. Aus jedem Laib erhalten Sie 12 St\u00fccke \u00e0 100 g (ungef\u00e4hres Gewicht).<\/p>\n<p>Farbe und Design k\u00f6nnen leicht abweichen. Wir bieten auch Plastikfolien, Etiketten und Seifenschneider an, siehe unten.&nbsp;<\/p>\n<p><strong>Handgefertigte Seifen * Erstaunliche D\u00fcfte * Wundersch\u00f6ne Farben<\/strong><\/p>\n","protected":false},"excerpt":{"rendered":"<p>Die neue Produktreihe Aroma Sentia Ping handgemachte Seife \u2013 Melone 1,2 kg wird aus hochwertigsten Zutaten im Schmelz- und Gie\u00dfverfahren hergestellt. H\u00e4nde, K\u00f6rper und Seele Ihrer Kunden f\u00fchlen sich gereinigt, gepflegt und mit Feuchtigkeit versorgt an. Der meistbesuchte Stand auf dem Kunsthandwerksmarkt ist oft der mit den handgemachten Seifenst\u00fccken. Das Geheimnis liegt in der Pr\u00e4sentation [&hellip;]<\/p>\n","protected":false},"featured_media":289260,"comment_status":"closed","ping_status":"open","template":"","meta":{"_angie_page":false},"product_brand":[],"product_cat":[19448,25841,26847,26472,20589],"product_tag":[],"class_list":{"0":"post-239197","1":"product","2":"type-product","3":"status-publish","4":"has-post-thumbnail","6":"product_cat-bad-und-korper","7":"product_cat-dufte-aromen","8":"product_cat-fruchtig","9":"product_cat-melone","10":"product_cat-okologische-seifen","11":"pa_collection-handmade-soap-loaves-1-25kg-slices-de","12":"pa_made-in-tschechien","14":"first","15":"instock","16":"purchasable","17":"product-type-simple"},"supplier_id":null,"supplier_sku":"HSBS-02L","barcode":null,"atum_controlled":true,"out_stock_date":null,"out_stock_threshold":null,"inheritable":false,"inbound_stock":null,"stock_on_hold":0,"sold_today":0,"sales_last_days":0,"reserved_stock":null,"customer_returns":null,"warehouse_damage":null,"lost_in_post":null,"other_logs":null,"out_stock_days":0,"lost_sales":0,"has_location":null,"update_date":"2026-04-27T07:08:04","atum_locations":[],"atum_stock_status":"instock","restock_status":false,"low_stock_amount":"","sales_update_date":"2025-09-05T00:19:34","calc_backorders":null,"_links":{"self":[{"href":"https:\/\/aromasentia.com\/de\/wp-json\/wp\/v2\/product\/239197","targetHints":{"allow":["GET"]}}],"collection":[{"href":"https:\/\/aromasentia.com\/de\/wp-json\/wp\/v2\/product"}],"about":[{"href":"https:\/\/aromasentia.com\/de\/wp-json\/wp\/v2\/types\/product"}],"replies":[{"embeddable":true,"href":"https:\/\/aromasentia.com\/de\/wp-json\/wp\/v2\/comments?post=239197"}],"version-history":[{"count":0,"href":"https:\/\/aromasentia.com\/de\/wp-json\/wp\/v2\/product\/239197\/revisions"}],"wp:featuredmedia":[{"embeddable":true,"href":"https:\/\/aromasentia.com\/de\/wp-json\/wp\/v2\/media\/289260"}],"wp:attachment":[{"href":"https:\/\/aromasentia.com\/de\/wp-json\/wp\/v2\/media?parent=239197"}],"wp:term":[{"taxonomy":"product_brand","embeddable":true,"href":"https:\/\/aromasentia.com\/de\/wp-json\/wp\/v2\/product_brand?post=239197"},{"taxonomy":"product_cat","embeddable":true,"href":"https:\/\/aromasentia.com\/de\/wp-json\/wp\/v2\/product_cat?post=239197"},{"taxonomy":"product_tag","embeddable":true,"href":"https:\/\/aromasentia.com\/de\/wp-json\/wp\/v2\/product_tag?post=239197"}],"curies":[{"name":"wp","href":"https:\/\/api.w.org\/{rel}","templated":true}]}}