{"id":239177,"date":"2025-03-20T17:21:08","date_gmt":"2025-03-20T17:21:08","guid":{"rendered":"https:\/\/aromasentia.com\/product\/handcrafted-soap-loaf-1-2kg-lavender\/"},"modified":"2025-12-30T20:31:18","modified_gmt":"2025-12-30T20:31:18","slug":"handcrafted-soap-loaf-1-2kg-lavender","status":"publish","type":"product","link":"https:\/\/aromasentia.com\/de\/handcrafted-soap-loaf-1-2kg-lavender\/","title":{"rendered":"Handcrafted Soap Loaf 1.2Kg &#8211; Lavender"},"content":{"rendered":"<p><span style=\"color: rgb(75, 80, 88);\">Die neue Produktreihe <strong>Handgefertigter Seifenlaibe \u2013 Lavendel 1,2 kg<\/strong> wird aus den hochwertigsten Zutaten im Schmelz- und Gie\u00dfverfahren hergestellt.<\/span><\/p>\n<p><span style=\"color: rgb(75, 80, 88);\">H\u00e4nde, K\u00f6rper und Seele Ihrer Kunden f\u00fchlen sich gereinigt, gepflegt und mit Feuchtigkeit versorgt.<\/span><\/p>\n<p><span style=\"color: rgb(75, 80, 88);\">Der gesch\u00e4ftigste Stand auf dem Kunsthandwerksmarkt ist oft der, an dem handgemachte, vom Laib abgeschnittene Seifen verkauft werden. Das Geheimnis liegt in der Pr\u00e4sentation &#8230; seien Sie kreativ!&nbsp;<\/span><\/p>\n<p><span style=\"color: rgb(75, 80, 88);\">Eine wirklich sch\u00f6ne Seife in 1,2 kg Laibform. Aus jedem Laib erhalten Sie 12 St\u00fccke \u00e0 100 g (ungef\u00e4hres Gewicht).&nbsp;<\/span><\/p>\n<p><span style=\"color: rgb(75, 80, 88);\">Farbe oder Design k\u00f6nnen leicht abweichen. Wir bieten auch Plastikfolien, Etiketten und Seifenschneider an, siehe unten.&nbsp;<\/span><\/p>\n<p><strong><span style=\"color: rgb(75, 80, 88);\">Handgefertigte Seifen * Erstaunliche D\u00fcfte * Wundersch\u00f6ne Farben<\/span><\/strong><\/p>\n","protected":false},"excerpt":{"rendered":"<p>Die neue Produktreihe Handgefertigter Seifenlaibe \u2013 Lavendel 1,2 kg wird aus den hochwertigsten Zutaten im Schmelz- und Gie\u00dfverfahren hergestellt. H\u00e4nde, K\u00f6rper und Seele Ihrer Kunden f\u00fchlen sich gereinigt, gepflegt und mit Feuchtigkeit versorgt. Der gesch\u00e4ftigste Stand auf dem Kunsthandwerksmarkt ist oft der, an dem handgemachte, vom Laib abgeschnittene Seifen verkauft werden. Das Geheimnis liegt in [&hellip;]<\/p>\n","protected":false},"featured_media":642521,"comment_status":"closed","ping_status":"open","template":"","meta":[],"product_brand":[],"product_cat":[19448,26833,25841,26234,20589],"product_tag":[],"class_list":{"0":"post-239177","1":"product","2":"type-product","3":"status-publish","4":"has-post-thumbnail","6":"product_cat-bad-und-korper","7":"product_cat-blumig","8":"product_cat-dufte-aromen","9":"product_cat-lavendel","10":"product_cat-okologische-seifen","11":"pa_collection-handmade-soap-loaves-1-25kg-slices-de","12":"pa_made-in-tschechien","14":"first","15":"outofstock","16":"purchasable","17":"product-type-simple"},"supplier_id":null,"supplier_sku":"HSBS-07L","barcode":null,"atum_controlled":true,"out_stock_date":"2025-12-09 08:43:42","out_stock_threshold":null,"inheritable":false,"inbound_stock":null,"stock_on_hold":0,"sold_today":0,"sales_last_days":0,"reserved_stock":null,"customer_returns":null,"warehouse_damage":null,"lost_in_post":null,"other_logs":null,"out_stock_days":51,"lost_sales":0,"has_location":null,"update_date":"2026-01-30T01:26:29","atum_locations":[],"atum_stock_status":"outofstock","restock_status":false,"low_stock_amount":"","sales_update_date":"2026-01-30T01:26:29","calc_backorders":null,"_links":{"self":[{"href":"https:\/\/aromasentia.com\/de\/wp-json\/wp\/v2\/product\/239177","targetHints":{"allow":["GET"]}}],"collection":[{"href":"https:\/\/aromasentia.com\/de\/wp-json\/wp\/v2\/product"}],"about":[{"href":"https:\/\/aromasentia.com\/de\/wp-json\/wp\/v2\/types\/product"}],"replies":[{"embeddable":true,"href":"https:\/\/aromasentia.com\/de\/wp-json\/wp\/v2\/comments?post=239177"}],"version-history":[{"count":0,"href":"https:\/\/aromasentia.com\/de\/wp-json\/wp\/v2\/product\/239177\/revisions"}],"wp:featuredmedia":[{"embeddable":true,"href":"https:\/\/aromasentia.com\/de\/wp-json\/wp\/v2\/media\/642521"}],"wp:attachment":[{"href":"https:\/\/aromasentia.com\/de\/wp-json\/wp\/v2\/media?parent=239177"}],"wp:term":[{"taxonomy":"product_brand","embeddable":true,"href":"https:\/\/aromasentia.com\/de\/wp-json\/wp\/v2\/product_brand?post=239177"},{"taxonomy":"product_cat","embeddable":true,"href":"https:\/\/aromasentia.com\/de\/wp-json\/wp\/v2\/product_cat?post=239177"},{"taxonomy":"product_tag","embeddable":true,"href":"https:\/\/aromasentia.com\/de\/wp-json\/wp\/v2\/product_tag?post=239177"}],"curies":[{"name":"wp","href":"https:\/\/api.w.org\/{rel}","templated":true}]}}