{"id":239093,"date":"2025-03-20T17:25:57","date_gmt":"2025-03-20T17:25:57","guid":{"rendered":"https:\/\/aromasentia.com\/product\/hanmade-soap-loaf-1-25kg-smiling-orange\/"},"modified":"2025-12-30T20:31:03","modified_gmt":"2025-12-30T20:31:03","slug":"handgemachte-seife-1-25kg-orange","status":"publish","type":"product","link":"https:\/\/aromasentia.com\/de\/handgemachte-seife-1-25kg-orange\/","title":{"rendered":"Handgemachte Seife  1.25kg &#8211; Orange"},"content":{"rendered":"<p>Die <strong>Aroma Sentia Ping Handgemachte Seife 1,25 kg \u2013 L\u00e4chelnd<\/strong> erfrischt Sie und steigert Ihr Wohlbefinden bei jeder Anwendung.<\/p>\n<p>Der meistbesuchte Stand auf dem Kunsthandwerksmarkt ist oft der mit den handgemachten Seifenst\u00fccken. Das Geheimnis liegt in der Pr\u00e4sentation &#8230; seien Sie kreativ!<\/p>\n<p>Jedes St\u00fcck Seife ist ein Unikat und wird von lettischen Kunsthandwerkern individuell gefertigt.<\/p>\n<p><strong>Nach dem Entfernen der Originalverpackung sind Sie gem\u00e4\u00df der Kosmetikverordnung verpflichtet, diese Informationen Ihren Kunden zur Verf\u00fcgung zu stellen.<\/strong> Farbe und Design k\u00f6nnen leicht abweichen. Wir bieten auch Folien, Etiketten und Seifenschneider an.<\/p>\n","protected":false},"excerpt":{"rendered":"<p>Die Aroma Sentia Ping Handgemachte Seife 1,25 kg \u2013 L\u00e4chelnd erfrischt Sie und steigert Ihr Wohlbefinden bei jeder Anwendung. Der meistbesuchte Stand auf dem Kunsthandwerksmarkt ist oft der mit den handgemachten Seifenst\u00fccken. Das Geheimnis liegt in der Pr\u00e4sentation &#8230; seien Sie kreativ! Jedes St\u00fcck Seife ist ein Unikat und wird von lettischen Kunsthandwerkern individuell gefertigt. [&hellip;]<\/p>\n","protected":false},"featured_media":289916,"comment_status":"closed","ping_status":"open","template":"","meta":{"_angie_page":false},"product_brand":[],"product_cat":[19448,25841,20589,26308,26819],"product_tag":[],"class_list":{"0":"post-239093","1":"product","2":"type-product","3":"status-publish","4":"has-post-thumbnail","6":"product_cat-bad-und-korper","7":"product_cat-dufte-aromen","8":"product_cat-okologische-seifen","9":"product_cat-orange","10":"product_cat-zitrus","11":"pa_made-in-lettland","13":"first","14":"outofstock","15":"purchasable","16":"product-type-simple"},"supplier_id":null,"supplier_sku":"HSL-02","barcode":null,"atum_controlled":true,"out_stock_date":"2025-09-05 00:10:22","out_stock_threshold":null,"inheritable":false,"inbound_stock":null,"stock_on_hold":0,"sold_today":0,"sales_last_days":0,"reserved_stock":null,"customer_returns":null,"warehouse_damage":null,"lost_in_post":null,"other_logs":null,"out_stock_days":0,"lost_sales":0,"has_location":null,"update_date":"2026-04-27T07:08:12","atum_locations":[],"atum_stock_status":"outofstock","restock_status":false,"low_stock_amount":"","sales_update_date":"2025-09-02T00:09:33","calc_backorders":null,"_links":{"self":[{"href":"https:\/\/aromasentia.com\/de\/wp-json\/wp\/v2\/product\/239093","targetHints":{"allow":["GET"]}}],"collection":[{"href":"https:\/\/aromasentia.com\/de\/wp-json\/wp\/v2\/product"}],"about":[{"href":"https:\/\/aromasentia.com\/de\/wp-json\/wp\/v2\/types\/product"}],"replies":[{"embeddable":true,"href":"https:\/\/aromasentia.com\/de\/wp-json\/wp\/v2\/comments?post=239093"}],"version-history":[{"count":0,"href":"https:\/\/aromasentia.com\/de\/wp-json\/wp\/v2\/product\/239093\/revisions"}],"wp:featuredmedia":[{"embeddable":true,"href":"https:\/\/aromasentia.com\/de\/wp-json\/wp\/v2\/media\/289916"}],"wp:attachment":[{"href":"https:\/\/aromasentia.com\/de\/wp-json\/wp\/v2\/media?parent=239093"}],"wp:term":[{"taxonomy":"product_brand","embeddable":true,"href":"https:\/\/aromasentia.com\/de\/wp-json\/wp\/v2\/product_brand?post=239093"},{"taxonomy":"product_cat","embeddable":true,"href":"https:\/\/aromasentia.com\/de\/wp-json\/wp\/v2\/product_cat?post=239093"},{"taxonomy":"product_tag","embeddable":true,"href":"https:\/\/aromasentia.com\/de\/wp-json\/wp\/v2\/product_tag?post=239093"}],"curies":[{"name":"wp","href":"https:\/\/api.w.org\/{rel}","templated":true}]}}