{"id":239081,"date":"2025-03-20T17:26:06","date_gmt":"2025-03-20T17:26:06","guid":{"rendered":"https:\/\/aromasentia.com\/product\/handmade-soap-loaf-honey-slice-approx-100g\/"},"modified":"2025-12-30T20:31:03","modified_gmt":"2025-12-30T20:31:03","slug":"handmade-soap-loaf-honey-slice-approx-100g","status":"publish","type":"product","link":"https:\/\/aromasentia.com\/de\/handmade-soap-loaf-honey-slice-approx-100g\/","title":{"rendered":"Handmade Soap Loaf &#8211; Honey &#8211; Slice Approx. 100g"},"content":{"rendered":"<p>Pflegen Sie Ihre Haut mit der sanften S\u00fc\u00dfe unseres handgemachten Seifenlaibs &#8211; Honig, mit wohltuenden Scheiben von etwa 100 g. Diese handwerklich hergestellte Seife enth\u00e4lt die nat\u00fcrliche G\u00fcte und die beruhigenden Eigenschaften von Honig, der f\u00fcr seine feuchtigkeitsspendenden und antibakteriellen Eigenschaften bekannt ist. Jedes handgeschnittene St\u00fcck liefert einen weichen, cremigen Schaum, der die Haut sanft reinigt und pflegt, so dass sie sich ruhig, hydratisiert und dezent s\u00fc\u00df anf\u00fchlt. Eine wunderbare Wahl f\u00fcr alle Hauttypen, insbesondere f\u00fcr empfindliche Haut.<\/p>\n","protected":false},"excerpt":{"rendered":"<p>Pflegen Sie Ihre Haut mit der sanften S\u00fc\u00dfe unseres handgemachten Seifenlaibs &#8211; Honig, mit wohltuenden Scheiben von etwa 100 g. Diese handwerklich hergestellte Seife enth\u00e4lt die nat\u00fcrliche G\u00fcte und die beruhigenden Eigenschaften von Honig, der f\u00fcr seine feuchtigkeitsspendenden und antibakteriellen Eigenschaften bekannt ist. Jedes handgeschnittene St\u00fcck liefert einen weichen, cremigen Schaum, der die Haut sanft [&hellip;]<\/p>\n","protected":false},"featured_media":289979,"comment_status":"closed","ping_status":"open","template":"","meta":{"_angie_page":false},"product_brand":[],"product_cat":[19448,20589],"product_tag":[],"class_list":{"0":"post-239081","1":"product","2":"type-product","3":"status-publish","4":"has-post-thumbnail","6":"product_cat-bad-und-korper","7":"product_cat-okologische-seifen","8":"pa_made-in-lettland","9":"pa_size-100g","11":"first","12":"outofstock","13":"purchasable","14":"product-type-simple"},"supplier_id":null,"supplier_sku":"DSHSL-03","barcode":null,"atum_controlled":true,"out_stock_date":"2025-09-04 22:31:24","out_stock_threshold":null,"inheritable":false,"inbound_stock":0,"stock_on_hold":0,"sold_today":0,"sales_last_days":0,"reserved_stock":0,"customer_returns":0,"warehouse_damage":0,"lost_in_post":0,"other_logs":0,"out_stock_days":34,"lost_sales":0,"has_location":false,"update_date":"2026-04-27T06:59:27","atum_locations":[],"atum_stock_status":"outofstock","restock_status":false,"low_stock_amount":"","sales_update_date":"2025-10-09T03:29:09","calc_backorders":null,"_links":{"self":[{"href":"https:\/\/aromasentia.com\/de\/wp-json\/wp\/v2\/product\/239081","targetHints":{"allow":["GET"]}}],"collection":[{"href":"https:\/\/aromasentia.com\/de\/wp-json\/wp\/v2\/product"}],"about":[{"href":"https:\/\/aromasentia.com\/de\/wp-json\/wp\/v2\/types\/product"}],"replies":[{"embeddable":true,"href":"https:\/\/aromasentia.com\/de\/wp-json\/wp\/v2\/comments?post=239081"}],"version-history":[{"count":0,"href":"https:\/\/aromasentia.com\/de\/wp-json\/wp\/v2\/product\/239081\/revisions"}],"wp:featuredmedia":[{"embeddable":true,"href":"https:\/\/aromasentia.com\/de\/wp-json\/wp\/v2\/media\/289979"}],"wp:attachment":[{"href":"https:\/\/aromasentia.com\/de\/wp-json\/wp\/v2\/media?parent=239081"}],"wp:term":[{"taxonomy":"product_brand","embeddable":true,"href":"https:\/\/aromasentia.com\/de\/wp-json\/wp\/v2\/product_brand?post=239081"},{"taxonomy":"product_cat","embeddable":true,"href":"https:\/\/aromasentia.com\/de\/wp-json\/wp\/v2\/product_cat?post=239081"},{"taxonomy":"product_tag","embeddable":true,"href":"https:\/\/aromasentia.com\/de\/wp-json\/wp\/v2\/product_tag?post=239081"}],"curies":[{"name":"wp","href":"https:\/\/api.w.org\/{rel}","templated":true}]}}