{"id":239077,"date":"2025-03-20T17:26:06","date_gmt":"2025-03-20T17:26:06","guid":{"rendered":"https:\/\/aromasentia.com\/product\/handmade-soap-loaf-smiling-orange-slice-approx-100g\/"},"modified":"2025-12-30T20:31:03","modified_gmt":"2025-12-30T20:31:03","slug":"handmade-soap-loaf-smiling-orange-slice-approx-100g","status":"publish","type":"product","link":"https:\/\/aromasentia.com\/de\/handmade-soap-loaf-smiling-orange-slice-approx-100g\/","title":{"rendered":"Handmade Soap Loaf &#8211; Smiling Orange &#8211; Slice Approx. 100g"},"content":{"rendered":"<p>Erheitern Sie Ihren Tag mit unserem handgemachten Seifenlaib &#8211; Smiling Orange, der k\u00f6stliche Scheiben von ca. 100 g enth\u00e4lt. Diese fr\u00f6hliche, handgemachte Seife duftet nach s\u00fc\u00dfen, sonnengereiften Orangen, die den Tag erhellen. Jedes von Hand geschnittene St\u00fcck erzeugt einen reichhaltigen, reinigenden Schaum, der die Sinne belebt und Ihre Haut weich, belebt und herrlich duftend mit einem Hauch reiner Zitrusfreude zur\u00fcckl\u00e4sst. Die perfekte Art, einen Hauch von Sonne in Ihre t\u00e4gliche Routine zu bringen.<\/p>\n","protected":false},"excerpt":{"rendered":"<p>Erheitern Sie Ihren Tag mit unserem handgemachten Seifenlaib &#8211; Smiling Orange, der k\u00f6stliche Scheiben von ca. 100 g enth\u00e4lt. Diese fr\u00f6hliche, handgemachte Seife duftet nach s\u00fc\u00dfen, sonnengereiften Orangen, die den Tag erhellen. Jedes von Hand geschnittene St\u00fcck erzeugt einen reichhaltigen, reinigenden Schaum, der die Sinne belebt und Ihre Haut weich, belebt und herrlich duftend mit [&hellip;]<\/p>\n","protected":false},"featured_media":289970,"comment_status":"closed","ping_status":"open","template":"","meta":{"_angie_page":false},"product_brand":[],"product_cat":[19448,25841,20589,26308,26819],"product_tag":[],"class_list":{"0":"post-239077","1":"product","2":"type-product","3":"status-publish","4":"has-post-thumbnail","6":"product_cat-bad-und-korper","7":"product_cat-dufte-aromen","8":"product_cat-okologische-seifen","9":"product_cat-orange","10":"product_cat-zitrus","11":"pa_made-in-lettland","12":"pa_size-100g","14":"first","15":"instock","16":"purchasable","17":"product-type-simple"},"supplier_id":null,"supplier_sku":"DSHSL-02","barcode":null,"atum_controlled":true,"out_stock_date":null,"out_stock_threshold":null,"inheritable":false,"inbound_stock":null,"stock_on_hold":0,"sold_today":0,"sales_last_days":0,"reserved_stock":null,"customer_returns":null,"warehouse_damage":null,"lost_in_post":null,"other_logs":null,"out_stock_days":0,"lost_sales":0,"has_location":null,"update_date":"2026-04-27T06:59:27","atum_locations":[],"atum_stock_status":"instock","restock_status":false,"low_stock_amount":"","sales_update_date":"2025-10-09T03:29:09","calc_backorders":null,"_links":{"self":[{"href":"https:\/\/aromasentia.com\/de\/wp-json\/wp\/v2\/product\/239077","targetHints":{"allow":["GET"]}}],"collection":[{"href":"https:\/\/aromasentia.com\/de\/wp-json\/wp\/v2\/product"}],"about":[{"href":"https:\/\/aromasentia.com\/de\/wp-json\/wp\/v2\/types\/product"}],"replies":[{"embeddable":true,"href":"https:\/\/aromasentia.com\/de\/wp-json\/wp\/v2\/comments?post=239077"}],"version-history":[{"count":0,"href":"https:\/\/aromasentia.com\/de\/wp-json\/wp\/v2\/product\/239077\/revisions"}],"wp:featuredmedia":[{"embeddable":true,"href":"https:\/\/aromasentia.com\/de\/wp-json\/wp\/v2\/media\/289970"}],"wp:attachment":[{"href":"https:\/\/aromasentia.com\/de\/wp-json\/wp\/v2\/media?parent=239077"}],"wp:term":[{"taxonomy":"product_brand","embeddable":true,"href":"https:\/\/aromasentia.com\/de\/wp-json\/wp\/v2\/product_brand?post=239077"},{"taxonomy":"product_cat","embeddable":true,"href":"https:\/\/aromasentia.com\/de\/wp-json\/wp\/v2\/product_cat?post=239077"},{"taxonomy":"product_tag","embeddable":true,"href":"https:\/\/aromasentia.com\/de\/wp-json\/wp\/v2\/product_tag?post=239077"}],"curies":[{"name":"wp","href":"https:\/\/api.w.org\/{rel}","templated":true}]}}