{"id":239061,"date":"2025-03-20T17:26:11","date_gmt":"2025-03-20T17:26:11","guid":{"rendered":"https:\/\/aromasentia.com\/product\/happy-scrub-soap-purple-grape\/"},"modified":"2025-12-30T20:30:56","modified_gmt":"2025-12-30T20:30:56","slug":"happy-scrub-soap-lila-traube","status":"publish","type":"product","link":"https:\/\/aromasentia.com\/de\/happy-scrub-soap-lila-traube\/","title":{"rendered":"Happy Scrub Soap &#8211; Lila Traube"},"content":{"rendered":"<p>Mit der Happy Scrub Seife &#8211; Purple Grape k\u00f6nnen Sie Ihre Haut zum Strahlen bringen. Diese lebhafte Peelingseife enth\u00e4lt das s\u00fc\u00dfe, saftige Aroma reifer lila Trauben, kombiniert mit nat\u00fcrlichen Peelingsubstanzen, die Ihre Haut sanft polieren. Sie hilft dabei, Mattigkeit und Unreinheiten zu entfernen und hinterl\u00e4sst ein au\u00dfergew\u00f6hnlich weiches, glattes und revitalisiertes Hautgef\u00fchl. Der k\u00f6stliche Traubenduft macht Ihre Reinigungsroutine zu einem angenehmen und belebenden Erlebnis und f\u00f6rdert ein gl\u00fcckliches, gesundes Strahlen.<\/p>\n","protected":false},"excerpt":{"rendered":"<p>Mit der Happy Scrub Seife &#8211; Purple Grape k\u00f6nnen Sie Ihre Haut zum Strahlen bringen. Diese lebhafte Peelingseife enth\u00e4lt das s\u00fc\u00dfe, saftige Aroma reifer lila Trauben, kombiniert mit nat\u00fcrlichen Peelingsubstanzen, die Ihre Haut sanft polieren. Sie hilft dabei, Mattigkeit und Unreinheiten zu entfernen und hinterl\u00e4sst ein au\u00dfergew\u00f6hnlich weiches, glattes und revitalisiertes Hautgef\u00fchl. Der k\u00f6stliche Traubenduft [&hellip;]<\/p>\n","protected":false},"featured_media":290032,"comment_status":"closed","ping_status":"open","template":"","meta":{"_angie_page":false},"product_brand":[],"product_cat":[19448,20589],"product_tag":[],"class_list":{"0":"post-239061","1":"product","2":"type-product","3":"status-publish","4":"has-post-thumbnail","6":"product_cat-bad-und-korper","7":"product_cat-okologische-seifen","8":"pa_collection-happy-scrub-soap-de","9":"pa_made-in-vereinigtes-koenigreich","11":"first","12":"instock","13":"purchasable","14":"product-type-simple"},"supplier_id":null,"supplier_sku":"HSS-07","barcode":null,"atum_controlled":true,"out_stock_date":null,"out_stock_threshold":null,"inheritable":false,"inbound_stock":null,"stock_on_hold":0,"sold_today":0,"sales_last_days":0,"reserved_stock":null,"customer_returns":null,"warehouse_damage":null,"lost_in_post":null,"other_logs":null,"out_stock_days":0,"lost_sales":0,"has_location":null,"update_date":"2026-05-04T00:03:56","atum_locations":[],"atum_stock_status":"instock","restock_status":false,"low_stock_amount":"","sales_update_date":"2026-02-06T00:02:51","calc_backorders":null,"_links":{"self":[{"href":"https:\/\/aromasentia.com\/de\/wp-json\/wp\/v2\/product\/239061","targetHints":{"allow":["GET"]}}],"collection":[{"href":"https:\/\/aromasentia.com\/de\/wp-json\/wp\/v2\/product"}],"about":[{"href":"https:\/\/aromasentia.com\/de\/wp-json\/wp\/v2\/types\/product"}],"replies":[{"embeddable":true,"href":"https:\/\/aromasentia.com\/de\/wp-json\/wp\/v2\/comments?post=239061"}],"version-history":[{"count":0,"href":"https:\/\/aromasentia.com\/de\/wp-json\/wp\/v2\/product\/239061\/revisions"}],"wp:featuredmedia":[{"embeddable":true,"href":"https:\/\/aromasentia.com\/de\/wp-json\/wp\/v2\/media\/290032"}],"wp:attachment":[{"href":"https:\/\/aromasentia.com\/de\/wp-json\/wp\/v2\/media?parent=239061"}],"wp:term":[{"taxonomy":"product_brand","embeddable":true,"href":"https:\/\/aromasentia.com\/de\/wp-json\/wp\/v2\/product_brand?post=239061"},{"taxonomy":"product_cat","embeddable":true,"href":"https:\/\/aromasentia.com\/de\/wp-json\/wp\/v2\/product_cat?post=239061"},{"taxonomy":"product_tag","embeddable":true,"href":"https:\/\/aromasentia.com\/de\/wp-json\/wp\/v2\/product_tag?post=239061"}],"curies":[{"name":"wp","href":"https:\/\/api.w.org\/{rel}","templated":true}]}}