{"id":239057,"date":"2025-03-20T17:26:11","date_gmt":"2025-03-20T17:26:11","guid":{"rendered":"https:\/\/aromasentia.com\/product\/happy-scrub-soap-coconut\/"},"modified":"2025-12-30T20:30:56","modified_gmt":"2025-12-30T20:30:56","slug":"happy-scrub-soap-kokosnuss","status":"publish","type":"product","link":"https:\/\/aromasentia.com\/de\/happy-scrub-soap-kokosnuss\/","title":{"rendered":"Happy Scrub Soap &#8211; Kokosnuss"},"content":{"rendered":"<p>Mit der Happy Scrub Seife &#8211; Kokosnuss k\u00f6nnen Sie sich den Weg zu einer glatten Haut bahnen. Diese Peelingseife kombiniert effektive nat\u00fcrliche Peelingpartikel mit dem cremigen, exotischen Aroma der frischen Kokosnuss. Es entfernt sanft abgestorbene Hautzellen und Unreinheiten und enth\u00fcllt eine weichere, glattere und strahlendere Haut. Der tropische Kokosnussduft verwandelt Ihre Dusche in eine Wohlf\u00fchloase und hinterl\u00e4sst ein gepflegtes, hydratisiertes und herrlich duftendes Hautgef\u00fchl.<\/p>\n","protected":false},"excerpt":{"rendered":"<p>Mit der Happy Scrub Seife &#8211; Kokosnuss k\u00f6nnen Sie sich den Weg zu einer glatten Haut bahnen. Diese Peelingseife kombiniert effektive nat\u00fcrliche Peelingpartikel mit dem cremigen, exotischen Aroma der frischen Kokosnuss. Es entfernt sanft abgestorbene Hautzellen und Unreinheiten und enth\u00fcllt eine weichere, glattere und strahlendere Haut. Der tropische Kokosnussduft verwandelt Ihre Dusche in eine Wohlf\u00fchloase [&hellip;]<\/p>\n","protected":false},"featured_media":290015,"comment_status":"closed","ping_status":"open","template":"","meta":{"_angie_page":false},"product_brand":[],"product_cat":[19448,20589],"product_tag":[],"class_list":{"0":"post-239057","1":"product","2":"type-product","3":"status-publish","4":"has-post-thumbnail","6":"product_cat-bad-und-korper","7":"product_cat-okologische-seifen","8":"pa_collection-happy-scrub-soap-de","9":"pa_made-in-vereinigtes-koenigreich","11":"first","12":"instock","13":"purchasable","14":"product-type-simple"},"supplier_id":null,"supplier_sku":"HSS-08","barcode":null,"atum_controlled":true,"out_stock_date":null,"out_stock_threshold":null,"inheritable":false,"inbound_stock":null,"stock_on_hold":0,"sold_today":0,"sales_last_days":0,"reserved_stock":null,"customer_returns":null,"warehouse_damage":null,"lost_in_post":null,"other_logs":null,"out_stock_days":0,"lost_sales":0,"has_location":null,"update_date":"2026-05-04T00:03:56","atum_locations":[],"atum_stock_status":"instock","restock_status":false,"low_stock_amount":"","sales_update_date":"2026-01-30T01:24:32","calc_backorders":null,"_links":{"self":[{"href":"https:\/\/aromasentia.com\/de\/wp-json\/wp\/v2\/product\/239057","targetHints":{"allow":["GET"]}}],"collection":[{"href":"https:\/\/aromasentia.com\/de\/wp-json\/wp\/v2\/product"}],"about":[{"href":"https:\/\/aromasentia.com\/de\/wp-json\/wp\/v2\/types\/product"}],"replies":[{"embeddable":true,"href":"https:\/\/aromasentia.com\/de\/wp-json\/wp\/v2\/comments?post=239057"}],"version-history":[{"count":0,"href":"https:\/\/aromasentia.com\/de\/wp-json\/wp\/v2\/product\/239057\/revisions"}],"wp:featuredmedia":[{"embeddable":true,"href":"https:\/\/aromasentia.com\/de\/wp-json\/wp\/v2\/media\/290015"}],"wp:attachment":[{"href":"https:\/\/aromasentia.com\/de\/wp-json\/wp\/v2\/media?parent=239057"}],"wp:term":[{"taxonomy":"product_brand","embeddable":true,"href":"https:\/\/aromasentia.com\/de\/wp-json\/wp\/v2\/product_brand?post=239057"},{"taxonomy":"product_cat","embeddable":true,"href":"https:\/\/aromasentia.com\/de\/wp-json\/wp\/v2\/product_cat?post=239057"},{"taxonomy":"product_tag","embeddable":true,"href":"https:\/\/aromasentia.com\/de\/wp-json\/wp\/v2\/product_tag?post=239057"}],"curies":[{"name":"wp","href":"https:\/\/api.w.org\/{rel}","templated":true}]}}