{"id":239049,"date":"2025-03-20T17:26:11","date_gmt":"2025-03-20T17:26:11","guid":{"rendered":"https:\/\/aromasentia.com\/product\/handmade-soap-loaf-pomegranate-slice-approx-100g\/"},"modified":"2025-12-30T20:30:56","modified_gmt":"2025-12-30T20:30:56","slug":"handmade-soap-loaf-pomegranate-slice-approx-100g","status":"publish","type":"product","link":"https:\/\/aromasentia.com\/de\/handmade-soap-loaf-pomegranate-slice-approx-100g\/","title":{"rendered":"Handmade Soap Loaf &#8211; Pomegranate &#8211; Slice Approx. 100g"},"content":{"rendered":"<p>Erleben Sie eine antioxidantienreiche Reinigung mit unserem handgemachten Seifenlaib &#8211; Granatapfel, der exotische Scheiben von etwa 100 g enth\u00e4lt. Diese handwerklich hergestellte Seife ist mit dem s\u00e4uerlichen, fruchtigen und leicht s\u00fc\u00dfen Aroma des Granatapfels durchzogen. Jedes handgeschnittene St\u00fcck sorgt f\u00fcr einen luxuri\u00f6sen Schaum, der sanft reinigt, w\u00e4hrend sein belebender Duft die Sinne erfreut. Diese nach Granatapfel duftende Seife ist f\u00fcr ihre wohltuenden Eigenschaften bekannt und hinterl\u00e4sst ein erfrischtes, weiches und wundersch\u00f6n revitalisiertes Hautgef\u00fchl mit einem Hauch von exotischem Charme.<\/p>\n","protected":false},"excerpt":{"rendered":"<p>Erleben Sie eine antioxidantienreiche Reinigung mit unserem handgemachten Seifenlaib &#8211; Granatapfel, der exotische Scheiben von etwa 100 g enth\u00e4lt. Diese handwerklich hergestellte Seife ist mit dem s\u00e4uerlichen, fruchtigen und leicht s\u00fc\u00dfen Aroma des Granatapfels durchzogen. Jedes handgeschnittene St\u00fcck sorgt f\u00fcr einen luxuri\u00f6sen Schaum, der sanft reinigt, w\u00e4hrend sein belebender Duft die Sinne erfreut. Diese nach [&hellip;]<\/p>\n","protected":false},"featured_media":289997,"comment_status":"closed","ping_status":"open","template":"","meta":{"_angie_page":false},"product_brand":[],"product_cat":[19448,25841,26847,26474,20589],"product_tag":[],"class_list":{"0":"post-239049","1":"product","2":"type-product","3":"status-publish","4":"has-post-thumbnail","6":"product_cat-bad-und-korper","7":"product_cat-dufte-aromen","8":"product_cat-fruchtig","9":"product_cat-granatapfel","10":"product_cat-okologische-seifen","11":"pa_made-in-lettland","12":"pa_size-100g","14":"first","15":"outofstock","16":"purchasable","17":"product-type-simple"},"supplier_id":null,"supplier_sku":"DSHSL-07","barcode":null,"atum_controlled":true,"out_stock_date":"2025-09-04 22:31:29","out_stock_threshold":null,"inheritable":false,"inbound_stock":null,"stock_on_hold":0,"sold_today":0,"sales_last_days":0,"reserved_stock":null,"customer_returns":null,"warehouse_damage":null,"lost_in_post":null,"other_logs":null,"out_stock_days":34,"lost_sales":0,"has_location":null,"update_date":"2026-04-27T06:59:27","atum_locations":[],"atum_stock_status":"outofstock","restock_status":false,"low_stock_amount":"","sales_update_date":"2025-10-09T03:29:09","calc_backorders":null,"_links":{"self":[{"href":"https:\/\/aromasentia.com\/de\/wp-json\/wp\/v2\/product\/239049","targetHints":{"allow":["GET"]}}],"collection":[{"href":"https:\/\/aromasentia.com\/de\/wp-json\/wp\/v2\/product"}],"about":[{"href":"https:\/\/aromasentia.com\/de\/wp-json\/wp\/v2\/types\/product"}],"replies":[{"embeddable":true,"href":"https:\/\/aromasentia.com\/de\/wp-json\/wp\/v2\/comments?post=239049"}],"version-history":[{"count":0,"href":"https:\/\/aromasentia.com\/de\/wp-json\/wp\/v2\/product\/239049\/revisions"}],"wp:featuredmedia":[{"embeddable":true,"href":"https:\/\/aromasentia.com\/de\/wp-json\/wp\/v2\/media\/289997"}],"wp:attachment":[{"href":"https:\/\/aromasentia.com\/de\/wp-json\/wp\/v2\/media?parent=239049"}],"wp:term":[{"taxonomy":"product_brand","embeddable":true,"href":"https:\/\/aromasentia.com\/de\/wp-json\/wp\/v2\/product_brand?post=239049"},{"taxonomy":"product_cat","embeddable":true,"href":"https:\/\/aromasentia.com\/de\/wp-json\/wp\/v2\/product_cat?post=239049"},{"taxonomy":"product_tag","embeddable":true,"href":"https:\/\/aromasentia.com\/de\/wp-json\/wp\/v2\/product_tag?post=239049"}],"curies":[{"name":"wp","href":"https:\/\/api.w.org\/{rel}","templated":true}]}}