{"id":239041,"date":"2025-03-20T17:26:19","date_gmt":"2025-03-20T17:26:19","guid":{"rendered":"https:\/\/aromasentia.com\/product\/happy-scrub-soap-grapefruit\/"},"modified":"2025-12-30T20:30:56","modified_gmt":"2025-12-30T20:30:56","slug":"happy-scrub-soap-grapefruit","status":"publish","type":"product","link":"https:\/\/aromasentia.com\/de\/happy-scrub-soap-grapefruit\/","title":{"rendered":"Happy Scrub Soap &#8211; Grapefruit"},"content":{"rendered":"<p>Erwecken Sie Ihre Haut und Ihre Sinne mit unserer Happy Scrub Seife &#8211; Grapefruit. Diese belebende Peelingseife enth\u00e4lt das spritzige, belebende und erfrischende Aroma der Grapefruit, das mit nat\u00fcrlichen Peelingpartikeln angereichert ist. Sie entfernt effektiv abgestorbene Hautzellen und Unreinheiten, f\u00f6rdert die Durchblutung und hinterl\u00e4sst ein au\u00dfergew\u00f6hnlich glattes, revitalisiertes und straffes Hautgef\u00fchl. Der leuchtende Zitrusduft sorgt f\u00fcr einen Energieschub &#8211; perfekt, um den Tag erfrischt und lebendig zu beginnen.<\/p>\n","protected":false},"excerpt":{"rendered":"<p>Erwecken Sie Ihre Haut und Ihre Sinne mit unserer Happy Scrub Seife &#8211; Grapefruit. Diese belebende Peelingseife enth\u00e4lt das spritzige, belebende und erfrischende Aroma der Grapefruit, das mit nat\u00fcrlichen Peelingpartikeln angereichert ist. Sie entfernt effektiv abgestorbene Hautzellen und Unreinheiten, f\u00f6rdert die Durchblutung und hinterl\u00e4sst ein au\u00dfergew\u00f6hnlich glattes, revitalisiertes und straffes Hautgef\u00fchl. Der leuchtende Zitrusduft sorgt [&hellip;]<\/p>\n","protected":false},"featured_media":290117,"comment_status":"closed","ping_status":"open","template":"","meta":[],"product_brand":[],"product_cat":[19448,25841,26204,20589,26819],"product_tag":[],"class_list":{"0":"post-239041","1":"product","2":"type-product","3":"status-publish","4":"has-post-thumbnail","6":"product_cat-bad-und-korper","7":"product_cat-dufte-aromen","8":"product_cat-grapefruit","9":"product_cat-okologische-seifen","10":"product_cat-zitrus","11":"pa_collection-happy-scrub-soap-de","12":"pa_made-in-vereinigtes-koenigreich","14":"first","15":"outofstock","16":"purchasable","17":"product-type-simple"},"supplier_id":null,"supplier_sku":"HSS-02","barcode":null,"atum_controlled":true,"out_stock_date":"2025-12-20 17:44:19","out_stock_threshold":null,"inheritable":false,"inbound_stock":null,"stock_on_hold":0,"sold_today":0,"sales_last_days":0,"reserved_stock":null,"customer_returns":null,"warehouse_damage":null,"lost_in_post":null,"other_logs":null,"out_stock_days":47,"lost_sales":0,"has_location":null,"update_date":"2026-02-06T00:01:03","atum_locations":[],"atum_stock_status":"outofstock","restock_status":false,"low_stock_amount":"","sales_update_date":"2026-02-06T00:01:03","calc_backorders":null,"_links":{"self":[{"href":"https:\/\/aromasentia.com\/de\/wp-json\/wp\/v2\/product\/239041","targetHints":{"allow":["GET"]}}],"collection":[{"href":"https:\/\/aromasentia.com\/de\/wp-json\/wp\/v2\/product"}],"about":[{"href":"https:\/\/aromasentia.com\/de\/wp-json\/wp\/v2\/types\/product"}],"replies":[{"embeddable":true,"href":"https:\/\/aromasentia.com\/de\/wp-json\/wp\/v2\/comments?post=239041"}],"version-history":[{"count":0,"href":"https:\/\/aromasentia.com\/de\/wp-json\/wp\/v2\/product\/239041\/revisions"}],"wp:featuredmedia":[{"embeddable":true,"href":"https:\/\/aromasentia.com\/de\/wp-json\/wp\/v2\/media\/290117"}],"wp:attachment":[{"href":"https:\/\/aromasentia.com\/de\/wp-json\/wp\/v2\/media?parent=239041"}],"wp:term":[{"taxonomy":"product_brand","embeddable":true,"href":"https:\/\/aromasentia.com\/de\/wp-json\/wp\/v2\/product_brand?post=239041"},{"taxonomy":"product_cat","embeddable":true,"href":"https:\/\/aromasentia.com\/de\/wp-json\/wp\/v2\/product_cat?post=239041"},{"taxonomy":"product_tag","embeddable":true,"href":"https:\/\/aromasentia.com\/de\/wp-json\/wp\/v2\/product_tag?post=239041"}],"curies":[{"name":"wp","href":"https:\/\/api.w.org\/{rel}","templated":true}]}}