{"id":239037,"date":"2025-03-20T17:26:19","date_gmt":"2025-03-20T17:26:19","guid":{"rendered":"https:\/\/aromasentia.com\/product\/happy-scrub-soap-bubblegum\/"},"modified":"2025-12-30T20:30:56","modified_gmt":"2025-12-30T20:30:56","slug":"happy-scrub-soap-bubblegum","status":"publish","type":"product","link":"https:\/\/aromasentia.com\/de\/happy-scrub-soap-bubblegum\/","title":{"rendered":"Happy Scrub Soap &#8211; Bubblegum"},"content":{"rendered":"<p>Bringen Sie Spa\u00df in Ihr Peeling mit unserer Happy Scrub Seife &#8211; Bubblegum. Dieses verspielte Peeling weckt s\u00fc\u00dfe Kindheitserinnerungen mit seinem klassischen Bubblegum-Duft, kombiniert mit effektiven nat\u00fcrlichen Peelingwirkstoffen. Sie poliert Ihre Haut sanft, entfernt Hautunreinheiten und hinterl\u00e4sst ein weiches, glattes und wunderbar erfrischtes Hautgef\u00fchl. Der fr\u00f6hliche, zuckrige Duft macht das Duschen zu einem angenehmen und belebenden Erlebnis und bringt einen Hauch von skurrilem Spa\u00df in Ihren Tag.<\/p>\n","protected":false},"excerpt":{"rendered":"<p>Bringen Sie Spa\u00df in Ihr Peeling mit unserer Happy Scrub Seife &#8211; Bubblegum. Dieses verspielte Peeling weckt s\u00fc\u00dfe Kindheitserinnerungen mit seinem klassischen Bubblegum-Duft, kombiniert mit effektiven nat\u00fcrlichen Peelingwirkstoffen. Sie poliert Ihre Haut sanft, entfernt Hautunreinheiten und hinterl\u00e4sst ein weiches, glattes und wunderbar erfrischtes Hautgef\u00fchl. Der fr\u00f6hliche, zuckrige Duft macht das Duschen zu einem angenehmen und [&hellip;]<\/p>\n","protected":false},"featured_media":290100,"comment_status":"closed","ping_status":"open","template":"","meta":{"_angie_page":false},"product_brand":[],"product_cat":[19448,20589],"product_tag":[],"class_list":{"0":"post-239037","1":"product","2":"type-product","3":"status-publish","4":"has-post-thumbnail","6":"product_cat-bad-und-korper","7":"product_cat-okologische-seifen","8":"pa_collection-happy-scrub-soap-de","9":"pa_made-in-vereinigtes-koenigreich","11":"first","12":"instock","13":"purchasable","14":"product-type-simple"},"supplier_id":null,"supplier_sku":"HSS-03","barcode":null,"atum_controlled":true,"out_stock_date":null,"out_stock_threshold":null,"inheritable":false,"inbound_stock":null,"stock_on_hold":0,"sold_today":0,"sales_last_days":0,"reserved_stock":null,"customer_returns":null,"warehouse_damage":null,"lost_in_post":null,"other_logs":null,"out_stock_days":0,"lost_sales":0,"has_location":null,"update_date":"2026-04-27T07:08:12","atum_locations":[],"atum_stock_status":"instock","restock_status":false,"low_stock_amount":"","sales_update_date":"2025-09-05T00:19:40","calc_backorders":null,"_links":{"self":[{"href":"https:\/\/aromasentia.com\/de\/wp-json\/wp\/v2\/product\/239037","targetHints":{"allow":["GET"]}}],"collection":[{"href":"https:\/\/aromasentia.com\/de\/wp-json\/wp\/v2\/product"}],"about":[{"href":"https:\/\/aromasentia.com\/de\/wp-json\/wp\/v2\/types\/product"}],"replies":[{"embeddable":true,"href":"https:\/\/aromasentia.com\/de\/wp-json\/wp\/v2\/comments?post=239037"}],"version-history":[{"count":0,"href":"https:\/\/aromasentia.com\/de\/wp-json\/wp\/v2\/product\/239037\/revisions"}],"wp:featuredmedia":[{"embeddable":true,"href":"https:\/\/aromasentia.com\/de\/wp-json\/wp\/v2\/media\/290100"}],"wp:attachment":[{"href":"https:\/\/aromasentia.com\/de\/wp-json\/wp\/v2\/media?parent=239037"}],"wp:term":[{"taxonomy":"product_brand","embeddable":true,"href":"https:\/\/aromasentia.com\/de\/wp-json\/wp\/v2\/product_brand?post=239037"},{"taxonomy":"product_cat","embeddable":true,"href":"https:\/\/aromasentia.com\/de\/wp-json\/wp\/v2\/product_cat?post=239037"},{"taxonomy":"product_tag","embeddable":true,"href":"https:\/\/aromasentia.com\/de\/wp-json\/wp\/v2\/product_tag?post=239037"}],"curies":[{"name":"wp","href":"https:\/\/api.w.org\/{rel}","templated":true}]}}