{"id":239033,"date":"2025-03-20T17:26:19","date_gmt":"2025-03-20T17:26:19","guid":{"rendered":"https:\/\/aromasentia.com\/product\/happy-scrub-soap-strawberry-guava\/"},"modified":"2025-12-30T20:30:49","modified_gmt":"2025-12-30T20:30:49","slug":"happy-scrub-soap-erdbeere-guave","status":"publish","type":"product","link":"https:\/\/aromasentia.com\/de\/happy-scrub-soap-erdbeere-guave\/","title":{"rendered":"Happy Scrub Soap &#8211; Erdbeere &#038; Guave"},"content":{"rendered":"<p>Genie\u00dfen Sie einen Hauch von fruchtiger Frische mit unserer Happy Scrub Soap &#8211; Strawberry &#038; Guava. Dieses Peeling kombiniert den s\u00fc\u00dfen Duft von saftigen Erdbeeren mit der exotischen Schale der tropischen Guave, zusammen mit sanften, nat\u00fcrlichen Peelingpartikeln. Es entfernt effektiv Unreinheiten und abgestorbene Hautzellen und hinterl\u00e4sst ein unglaublich weiches, glattes und revitalisiertes Hautgef\u00fchl. Der herrliche, lebendige Duft macht Ihre Reinigungsroutine zu einem wahrhaft gl\u00fccklichen und belebenden Erlebnis.<\/p>\n","protected":false},"excerpt":{"rendered":"<p>Genie\u00dfen Sie einen Hauch von fruchtiger Frische mit unserer Happy Scrub Soap &#8211; Strawberry &#038; Guava. Dieses Peeling kombiniert den s\u00fc\u00dfen Duft von saftigen Erdbeeren mit der exotischen Schale der tropischen Guave, zusammen mit sanften, nat\u00fcrlichen Peelingpartikeln. Es entfernt effektiv Unreinheiten und abgestorbene Hautzellen und hinterl\u00e4sst ein unglaublich weiches, glattes und revitalisiertes Hautgef\u00fchl. Der herrliche, [&hellip;]<\/p>\n","protected":false},"featured_media":290083,"comment_status":"closed","ping_status":"open","template":"","meta":{"_angie_page":false},"product_brand":[],"product_cat":[19448,25841,26529,26847,26561,20589],"product_tag":[],"class_list":{"0":"post-239033","1":"product","2":"type-product","3":"status-publish","4":"has-post-thumbnail","6":"product_cat-bad-und-korper","7":"product_cat-dufte-aromen","8":"product_cat-erdbeere","9":"product_cat-fruchtig","10":"product_cat-guave","11":"product_cat-okologische-seifen","12":"pa_collection-happy-scrub-soap-de","13":"pa_made-in-vereinigtes-koenigreich","15":"first","16":"instock","17":"purchasable","18":"product-type-simple"},"supplier_id":null,"supplier_sku":"HSS-04","barcode":null,"atum_controlled":true,"out_stock_date":null,"out_stock_threshold":null,"inheritable":false,"inbound_stock":null,"stock_on_hold":0,"sold_today":0,"sales_last_days":0,"reserved_stock":null,"customer_returns":null,"warehouse_damage":null,"lost_in_post":null,"other_logs":null,"out_stock_days":0,"lost_sales":0,"has_location":null,"update_date":"2026-04-27T07:08:12","atum_locations":[],"atum_stock_status":"instock","restock_status":false,"low_stock_amount":"","sales_update_date":"2025-09-05T00:19:39","calc_backorders":null,"_links":{"self":[{"href":"https:\/\/aromasentia.com\/de\/wp-json\/wp\/v2\/product\/239033","targetHints":{"allow":["GET"]}}],"collection":[{"href":"https:\/\/aromasentia.com\/de\/wp-json\/wp\/v2\/product"}],"about":[{"href":"https:\/\/aromasentia.com\/de\/wp-json\/wp\/v2\/types\/product"}],"replies":[{"embeddable":true,"href":"https:\/\/aromasentia.com\/de\/wp-json\/wp\/v2\/comments?post=239033"}],"version-history":[{"count":0,"href":"https:\/\/aromasentia.com\/de\/wp-json\/wp\/v2\/product\/239033\/revisions"}],"wp:featuredmedia":[{"embeddable":true,"href":"https:\/\/aromasentia.com\/de\/wp-json\/wp\/v2\/media\/290083"}],"wp:attachment":[{"href":"https:\/\/aromasentia.com\/de\/wp-json\/wp\/v2\/media?parent=239033"}],"wp:term":[{"taxonomy":"product_brand","embeddable":true,"href":"https:\/\/aromasentia.com\/de\/wp-json\/wp\/v2\/product_brand?post=239033"},{"taxonomy":"product_cat","embeddable":true,"href":"https:\/\/aromasentia.com\/de\/wp-json\/wp\/v2\/product_cat?post=239033"},{"taxonomy":"product_tag","embeddable":true,"href":"https:\/\/aromasentia.com\/de\/wp-json\/wp\/v2\/product_tag?post=239033"}],"curies":[{"name":"wp","href":"https:\/\/api.w.org\/{rel}","templated":true}]}}