{"id":239029,"date":"2025-03-20T17:26:19","date_gmt":"2025-03-20T17:26:19","guid":{"rendered":"https:\/\/aromasentia.com\/product\/happy-scrub-soap-mango\/"},"modified":"2025-12-30T20:30:49","modified_gmt":"2025-12-30T20:30:49","slug":"happy-scrub-soap-mango","status":"publish","type":"product","link":"https:\/\/aromasentia.com\/de\/happy-scrub-soap-mango\/","title":{"rendered":"Happy Scrub Soap &#8211; Mango"},"content":{"rendered":"<p>Verw\u00f6hnen Sie Ihre Sinne mit unserer Happy Scrub Seife &#8211; Mango. Diese tropisch inspirierte Peelingseife ist vollgepackt mit dem k\u00f6stlichen, s\u00fc\u00dfen Aroma reifer Mangos und nat\u00fcrlichen Peelingsubstanzen. Sie entfernt sanft stumpfe, trockene Haut und macht Sie weicher, glatter und strahlender. Der belebende Mangoduft verwandelt Ihre t\u00e4gliche Dusche in ein erfrischendes Erlebnis. Ihre Haut f\u00fchlt sich erfrischt und gepflegt an und duftet herrlich.<\/p>\n","protected":false},"excerpt":{"rendered":"<p>Verw\u00f6hnen Sie Ihre Sinne mit unserer Happy Scrub Seife &#8211; Mango. Diese tropisch inspirierte Peelingseife ist vollgepackt mit dem k\u00f6stlichen, s\u00fc\u00dfen Aroma reifer Mangos und nat\u00fcrlichen Peelingsubstanzen. Sie entfernt sanft stumpfe, trockene Haut und macht Sie weicher, glatter und strahlender. Der belebende Mangoduft verwandelt Ihre t\u00e4gliche Dusche in ein erfrischendes Erlebnis. Ihre Haut f\u00fchlt sich [&hellip;]<\/p>\n","protected":false},"featured_media":290066,"comment_status":"closed","ping_status":"open","template":"","meta":{"_angie_page":false},"product_brand":[],"product_cat":[19448,20589],"product_tag":[],"class_list":{"0":"post-239029","1":"product","2":"type-product","3":"status-publish","4":"has-post-thumbnail","6":"product_cat-bad-und-korper","7":"product_cat-okologische-seifen","8":"pa_collection-happy-scrub-soap-de","9":"pa_made-in-vereinigtes-koenigreich","11":"first","12":"instock","13":"purchasable","14":"product-type-simple"},"supplier_id":null,"supplier_sku":"HSS-05","barcode":null,"atum_controlled":true,"out_stock_date":null,"out_stock_threshold":null,"inheritable":false,"inbound_stock":null,"stock_on_hold":0,"sold_today":0,"sales_last_days":0,"reserved_stock":null,"customer_returns":null,"warehouse_damage":null,"lost_in_post":null,"other_logs":null,"out_stock_days":0,"lost_sales":0,"has_location":null,"update_date":"2026-04-27T07:08:12","atum_locations":[],"atum_stock_status":"instock","restock_status":false,"low_stock_amount":"","sales_update_date":"2025-09-05T00:19:39","calc_backorders":null,"_links":{"self":[{"href":"https:\/\/aromasentia.com\/de\/wp-json\/wp\/v2\/product\/239029","targetHints":{"allow":["GET"]}}],"collection":[{"href":"https:\/\/aromasentia.com\/de\/wp-json\/wp\/v2\/product"}],"about":[{"href":"https:\/\/aromasentia.com\/de\/wp-json\/wp\/v2\/types\/product"}],"replies":[{"embeddable":true,"href":"https:\/\/aromasentia.com\/de\/wp-json\/wp\/v2\/comments?post=239029"}],"version-history":[{"count":0,"href":"https:\/\/aromasentia.com\/de\/wp-json\/wp\/v2\/product\/239029\/revisions"}],"wp:featuredmedia":[{"embeddable":true,"href":"https:\/\/aromasentia.com\/de\/wp-json\/wp\/v2\/media\/290066"}],"wp:attachment":[{"href":"https:\/\/aromasentia.com\/de\/wp-json\/wp\/v2\/media?parent=239029"}],"wp:term":[{"taxonomy":"product_brand","embeddable":true,"href":"https:\/\/aromasentia.com\/de\/wp-json\/wp\/v2\/product_brand?post=239029"},{"taxonomy":"product_cat","embeddable":true,"href":"https:\/\/aromasentia.com\/de\/wp-json\/wp\/v2\/product_cat?post=239029"},{"taxonomy":"product_tag","embeddable":true,"href":"https:\/\/aromasentia.com\/de\/wp-json\/wp\/v2\/product_tag?post=239029"}],"curies":[{"name":"wp","href":"https:\/\/api.w.org\/{rel}","templated":true}]}}