{"id":239005,"date":"2025-03-20T17:26:27","date_gmt":"2025-03-20T17:26:27","guid":{"rendered":"https:\/\/aromasentia.com\/product\/happy-scrub-soap-pinacolada\/"},"modified":"2025-12-30T20:30:49","modified_gmt":"2025-12-30T20:30:49","slug":"happy-scrub-soap-pia%c2%b1a-colada","status":"publish","type":"product","link":"https:\/\/aromasentia.com\/de\/happy-scrub-soap-pia%c2%b1a-colada\/","title":{"rendered":"Happy Scrub Soap &#8211; Pi\u00c3\u00b1a Colada"},"content":{"rendered":"<p>Entfliehen Sie mit unserer Happy Scrub Seife &#8211; Pinacolada in ein tropisches Paradies. Dieses Seifenst\u00fcck mit Peeling enth\u00e4lt den unwiderstehlichen Duft von cremiger Kokosnuss und saftiger Ananas, gemischt mit nat\u00fcrlichen Peelingsubstanzen. Es poliert Ihre Haut sanft, entfernt Hautunreinheiten und sorgt f\u00fcr eine weichere, glattere Textur. Der klassische, von Cocktails inspirierte Duft verwandelt Ihre Dusche in einen Mini-Urlaub und hinterl\u00e4sst ein erfrischtes, gepflegtes und k\u00f6stlich duftendes Hautgef\u00fchl.<\/p>\n","protected":false},"excerpt":{"rendered":"<p>Entfliehen Sie mit unserer Happy Scrub Seife &#8211; Pinacolada in ein tropisches Paradies. Dieses Seifenst\u00fcck mit Peeling enth\u00e4lt den unwiderstehlichen Duft von cremiger Kokosnuss und saftiger Ananas, gemischt mit nat\u00fcrlichen Peelingsubstanzen. Es poliert Ihre Haut sanft, entfernt Hautunreinheiten und sorgt f\u00fcr eine weichere, glattere Textur. Der klassische, von Cocktails inspirierte Duft verwandelt Ihre Dusche in [&hellip;]<\/p>\n","protected":false},"featured_media":290134,"comment_status":"closed","ping_status":"open","template":"","meta":{"_angie_page":false},"product_brand":[],"product_cat":[19448,20589],"product_tag":[],"class_list":{"0":"post-239005","1":"product","2":"type-product","3":"status-publish","4":"has-post-thumbnail","6":"product_cat-bad-und-korper","7":"product_cat-okologische-seifen","8":"pa_collection-happy-scrub-soap-de","9":"pa_made-in-vereinigtes-koenigreich","11":"first","12":"instock","13":"purchasable","14":"product-type-simple"},"supplier_id":null,"supplier_sku":"HSS-01","barcode":null,"atum_controlled":true,"out_stock_date":null,"out_stock_threshold":null,"inheritable":false,"inbound_stock":null,"stock_on_hold":0,"sold_today":0,"sales_last_days":0,"reserved_stock":null,"customer_returns":null,"warehouse_damage":null,"lost_in_post":null,"other_logs":null,"out_stock_days":0,"lost_sales":0,"has_location":null,"update_date":"2026-04-27T07:08:12","atum_locations":[],"atum_stock_status":"instock","restock_status":false,"low_stock_amount":"","sales_update_date":"2026-02-06T00:02:17","calc_backorders":null,"_links":{"self":[{"href":"https:\/\/aromasentia.com\/de\/wp-json\/wp\/v2\/product\/239005","targetHints":{"allow":["GET"]}}],"collection":[{"href":"https:\/\/aromasentia.com\/de\/wp-json\/wp\/v2\/product"}],"about":[{"href":"https:\/\/aromasentia.com\/de\/wp-json\/wp\/v2\/types\/product"}],"replies":[{"embeddable":true,"href":"https:\/\/aromasentia.com\/de\/wp-json\/wp\/v2\/comments?post=239005"}],"version-history":[{"count":0,"href":"https:\/\/aromasentia.com\/de\/wp-json\/wp\/v2\/product\/239005\/revisions"}],"wp:featuredmedia":[{"embeddable":true,"href":"https:\/\/aromasentia.com\/de\/wp-json\/wp\/v2\/media\/290134"}],"wp:attachment":[{"href":"https:\/\/aromasentia.com\/de\/wp-json\/wp\/v2\/media?parent=239005"}],"wp:term":[{"taxonomy":"product_brand","embeddable":true,"href":"https:\/\/aromasentia.com\/de\/wp-json\/wp\/v2\/product_brand?post=239005"},{"taxonomy":"product_cat","embeddable":true,"href":"https:\/\/aromasentia.com\/de\/wp-json\/wp\/v2\/product_cat?post=239005"},{"taxonomy":"product_tag","embeddable":true,"href":"https:\/\/aromasentia.com\/de\/wp-json\/wp\/v2\/product_tag?post=239005"}],"curies":[{"name":"wp","href":"https:\/\/api.w.org\/{rel}","templated":true}]}}