{"id":238969,"date":"2025-03-20T17:27:02","date_gmt":"2025-03-20T17:27:02","guid":{"rendered":"https:\/\/aromasentia.com\/product\/retro-bath-bomb\/"},"modified":"2025-12-30T20:30:41","modified_gmt":"2025-12-30T20:30:41","slug":"badebombe-jumbo-180g-retro","status":"publish","type":"product","link":"https:\/\/aromasentia.com\/de\/badebombe-jumbo-180g-retro\/","title":{"rendered":"Badebombe &#8222;Jumbo&#8220; 180g &#8211; Retro"},"content":{"rendered":"<p>Diese Kombination aus Sprudel und Duft hat etwas Altmodisches und Beruhigendes, das Sie erfrischt und entspannt.<\/p>\n<p>Retro-Badebomben sind au\u00dferdem besonders preiswert. Jede Kugel wiegt \u00fcber 180 Gramm und enth\u00e4lt Sheabutter f\u00fcr ein sanfteres Hautgef\u00fchl.<\/p>\n<p>Wir bieten eine gro\u00dfe Auswahl an fantastischen D\u00fcften, jeder in seiner eigenen, unverwechselbaren Farbe.<\/p>\n<p>Kaufen Sie mehrere verschiedene H\u00fcllen, um in Ihrem Gesch\u00e4ft ein Blickfang zu sein, dem Ihre Kunden nicht widerstehen k\u00f6nnen.<\/p>\n","protected":false},"excerpt":{"rendered":"<p>Diese Kombination aus Sprudel und Duft hat etwas Altmodisches und Beruhigendes, das Sie erfrischt und entspannt. Retro-Badebomben sind au\u00dferdem besonders preiswert. Jede Kugel wiegt \u00fcber 180 Gramm und enth\u00e4lt Sheabutter f\u00fcr ein sanfteres Hautgef\u00fchl. Wir bieten eine gro\u00dfe Auswahl an fantastischen D\u00fcften, jeder in seiner eigenen, unverwechselbaren Farbe. Kaufen Sie mehrere verschiedene H\u00fcllen, um in [&hellip;]<\/p>\n","protected":false},"featured_media":290329,"comment_status":"closed","ping_status":"open","template":"","meta":{"_angie_page":false},"product_brand":[],"product_cat":[19448,20511],"product_tag":[],"class_list":{"0":"post-238969","1":"product","2":"type-product","3":"status-publish","4":"has-post-thumbnail","6":"product_cat-bad-und-korper","7":"product_cat-badebomben-badekugeln","8":"pa_made-in-vereinigtes-koenigreich","10":"first","11":"outofstock","12":"purchasable","13":"product-type-simple"},"supplier_id":null,"supplier_sku":"JBB-12","barcode":null,"atum_controlled":true,"out_stock_date":"2025-09-05 00:37:53","out_stock_threshold":null,"inheritable":false,"inbound_stock":null,"stock_on_hold":0,"sold_today":0,"sales_last_days":0,"reserved_stock":null,"customer_returns":null,"warehouse_damage":null,"lost_in_post":null,"other_logs":null,"out_stock_days":0,"lost_sales":0,"has_location":null,"update_date":"2026-04-27T07:09:50","atum_locations":[],"atum_stock_status":"outofstock","restock_status":false,"low_stock_amount":"","sales_update_date":"2025-09-05T00:19:42","calc_backorders":null,"_links":{"self":[{"href":"https:\/\/aromasentia.com\/de\/wp-json\/wp\/v2\/product\/238969","targetHints":{"allow":["GET"]}}],"collection":[{"href":"https:\/\/aromasentia.com\/de\/wp-json\/wp\/v2\/product"}],"about":[{"href":"https:\/\/aromasentia.com\/de\/wp-json\/wp\/v2\/types\/product"}],"replies":[{"embeddable":true,"href":"https:\/\/aromasentia.com\/de\/wp-json\/wp\/v2\/comments?post=238969"}],"version-history":[{"count":0,"href":"https:\/\/aromasentia.com\/de\/wp-json\/wp\/v2\/product\/238969\/revisions"}],"wp:featuredmedia":[{"embeddable":true,"href":"https:\/\/aromasentia.com\/de\/wp-json\/wp\/v2\/media\/290329"}],"wp:attachment":[{"href":"https:\/\/aromasentia.com\/de\/wp-json\/wp\/v2\/media?parent=238969"}],"wp:term":[{"taxonomy":"product_brand","embeddable":true,"href":"https:\/\/aromasentia.com\/de\/wp-json\/wp\/v2\/product_brand?post=238969"},{"taxonomy":"product_cat","embeddable":true,"href":"https:\/\/aromasentia.com\/de\/wp-json\/wp\/v2\/product_cat?post=238969"},{"taxonomy":"product_tag","embeddable":true,"href":"https:\/\/aromasentia.com\/de\/wp-json\/wp\/v2\/product_tag?post=238969"}],"curies":[{"name":"wp","href":"https:\/\/api.w.org\/{rel}","templated":true}]}}