{"id":238949,"date":"2025-03-20T17:27:18","date_gmt":"2025-03-20T17:27:18","guid":{"rendered":"https:\/\/aromasentia.com\/product\/sweet-fennel-jojoba-bath-bomb\/"},"modified":"2025-12-30T20:30:34","modified_gmt":"2025-12-30T20:30:34","slug":"badebombe-jumbo-180g-suesser-fenchel-jojoba","status":"publish","type":"product","link":"https:\/\/aromasentia.com\/de\/badebombe-jumbo-180g-suesser-fenchel-jojoba\/","title":{"rendered":"Badebombe &#8222;Jumbo&#8220; 180g &#8211; S\u00fc\u00dfer Fenchel &#038; Jojoba"},"content":{"rendered":"<p>Hei\u00df! Sie lieben Ihren Sommerurlaub? Diese Badebombe versetzt Sie garantiert in die schw\u00fclen, warmen Sonnentage.<\/p>\n<p>S\u00fc\u00dfer Fenchel &#038; Jojoba Badebomben sind au\u00dferdem besonders preiswert. Jede Kugel wiegt \u00fcber 180 Gramm und enth\u00e4lt Sheabutter f\u00fcr ein besonders angenehmes Hautgef\u00fchl.<\/p>\n<p>Wir bieten eine Auswahl an fantastischen D\u00fcften, jeder in seiner eigenen, unverwechselbaren Farbe.<\/p>\n<p>Kaufen Sie mehrere verschiedene H\u00fcllen f\u00fcr ein auff\u00e4lliges Display in Ihrem Gesch\u00e4ft, dem Ihre Kunden nicht widerstehen k\u00f6nnen.<\/p>\n","protected":false},"excerpt":{"rendered":"<p>Hei\u00df! Sie lieben Ihren Sommerurlaub? Diese Badebombe versetzt Sie garantiert in die schw\u00fclen, warmen Sonnentage. S\u00fc\u00dfer Fenchel &#038; Jojoba Badebomben sind au\u00dferdem besonders preiswert. Jede Kugel wiegt \u00fcber 180 Gramm und enth\u00e4lt Sheabutter f\u00fcr ein besonders angenehmes Hautgef\u00fchl. Wir bieten eine Auswahl an fantastischen D\u00fcften, jeder in seiner eigenen, unverwechselbaren Farbe. Kaufen Sie mehrere verschiedene [&hellip;]<\/p>\n","protected":false},"featured_media":290406,"comment_status":"closed","ping_status":"open","template":"","meta":[],"product_brand":[],"product_cat":[19448,20511,25841,26184,26861],"product_tag":[],"class_list":{"0":"post-238949","1":"product","2":"type-product","3":"status-publish","4":"has-post-thumbnail","6":"product_cat-bad-und-korper","7":"product_cat-badebomben-badekugeln","8":"product_cat-dufte-aromen","9":"product_cat-fenchel","10":"product_cat-krauter-aromatisch","11":"pa_made-in-vereinigtes-koenigreich","13":"first","14":"outofstock","15":"purchasable","16":"product-type-simple"},"supplier_id":null,"supplier_sku":"JBB-17","barcode":null,"atum_controlled":true,"out_stock_date":"2025-09-05 00:38:05","out_stock_threshold":null,"inheritable":false,"inbound_stock":0,"stock_on_hold":0,"sold_today":0,"sales_last_days":0,"reserved_stock":0,"customer_returns":0,"warehouse_damage":0,"lost_in_post":0,"other_logs":0,"out_stock_days":0,"lost_sales":0,"has_location":false,"update_date":"2026-02-11T09:34:53","atum_locations":[],"atum_stock_status":"outofstock","restock_status":false,"low_stock_amount":"","sales_update_date":"2025-09-05T00:19:43","calc_backorders":null,"_links":{"self":[{"href":"https:\/\/aromasentia.com\/de\/wp-json\/wp\/v2\/product\/238949","targetHints":{"allow":["GET"]}}],"collection":[{"href":"https:\/\/aromasentia.com\/de\/wp-json\/wp\/v2\/product"}],"about":[{"href":"https:\/\/aromasentia.com\/de\/wp-json\/wp\/v2\/types\/product"}],"replies":[{"embeddable":true,"href":"https:\/\/aromasentia.com\/de\/wp-json\/wp\/v2\/comments?post=238949"}],"version-history":[{"count":0,"href":"https:\/\/aromasentia.com\/de\/wp-json\/wp\/v2\/product\/238949\/revisions"}],"wp:featuredmedia":[{"embeddable":true,"href":"https:\/\/aromasentia.com\/de\/wp-json\/wp\/v2\/media\/290406"}],"wp:attachment":[{"href":"https:\/\/aromasentia.com\/de\/wp-json\/wp\/v2\/media?parent=238949"}],"wp:term":[{"taxonomy":"product_brand","embeddable":true,"href":"https:\/\/aromasentia.com\/de\/wp-json\/wp\/v2\/product_brand?post=238949"},{"taxonomy":"product_cat","embeddable":true,"href":"https:\/\/aromasentia.com\/de\/wp-json\/wp\/v2\/product_cat?post=238949"},{"taxonomy":"product_tag","embeddable":true,"href":"https:\/\/aromasentia.com\/de\/wp-json\/wp\/v2\/product_tag?post=238949"}],"curies":[{"name":"wp","href":"https:\/\/api.w.org\/{rel}","templated":true}]}}