{"id":238925,"date":"2025-03-20T17:27:28","date_gmt":"2025-03-20T17:27:28","guid":{"rendered":"https:\/\/aromasentia.com\/product\/chocolate-orange-bath-bomb\/"},"modified":"2025-12-30T20:30:34","modified_gmt":"2025-12-30T20:30:34","slug":"badebombe-jumbo-180g-schokolade-orange","status":"publish","type":"product","link":"https:\/\/aromasentia.com\/de\/badebombe-jumbo-180g-schokolade-orange\/","title":{"rendered":"Badebombe &#8222;Jumbo&#8220; 180g &#8211; Schokolade &#038; Orange"},"content":{"rendered":"<p>S\u00fc\u00df! Genie\u00dfen Sie entspannte Bewegungen mit dem frischen Orangenduft. Atmen Sie den Duft der Schokolade ein und sp\u00fcren Sie, wie die Ruhe Ihren Geist umh\u00fcllt.<\/p>\n<p>Wenn Sie nach einer entspannenden Wohltat suchen, sind Sie hier genau richtig. Unsere Badebomben sind genau das Richtige f\u00fcr alle, die einen hochwertigen Badezusatz suchen, der gut aussieht und duftet.<\/p>\n<p>Sie sind au\u00dferdem \u00e4u\u00dferst preiswert. Jede Bombe wiegt satte 180 Gramm und enth\u00e4lt Sheabutter f\u00fcr ein sanfteres Hautgef\u00fchl.<\/p>\n<p>Wir bieten eine gro\u00dfe Auswahl an fantastischen D\u00fcften, jeder in seiner eigenen, unverwechselbaren Farbe. Kaufen Sie mehrere verschiedene H\u00fcllen und gestalten Sie so einen Blickfang in Ihrem Gesch\u00e4ft, dem Ihre Kunden nicht widerstehen k\u00f6nnen.<\/p>\n","protected":false},"excerpt":{"rendered":"<p>S\u00fc\u00df! Genie\u00dfen Sie entspannte Bewegungen mit dem frischen Orangenduft. Atmen Sie den Duft der Schokolade ein und sp\u00fcren Sie, wie die Ruhe Ihren Geist umh\u00fcllt. Wenn Sie nach einer entspannenden Wohltat suchen, sind Sie hier genau richtig. Unsere Badebomben sind genau das Richtige f\u00fcr alle, die einen hochwertigen Badezusatz suchen, der gut aussieht und duftet. [&hellip;]<\/p>\n","protected":false},"featured_media":290458,"comment_status":"closed","ping_status":"open","template":"","meta":{"_angie_page":false},"product_brand":[],"product_cat":[19448,20511,25841,26308,26819],"product_tag":[],"class_list":{"0":"post-238925","1":"product","2":"type-product","3":"status-publish","4":"has-post-thumbnail","6":"product_cat-bad-und-korper","7":"product_cat-badebomben-badekugeln","8":"product_cat-dufte-aromen","9":"product_cat-orange","10":"product_cat-zitrus","11":"pa_made-in-vereinigtes-koenigreich","13":"first","14":"instock","15":"purchasable","16":"product-type-simple"},"supplier_id":null,"supplier_sku":"JBB-21","barcode":null,"atum_controlled":true,"out_stock_date":null,"out_stock_threshold":null,"inheritable":false,"inbound_stock":null,"stock_on_hold":0,"sold_today":0,"sales_last_days":0,"reserved_stock":null,"customer_returns":null,"warehouse_damage":null,"lost_in_post":null,"other_logs":null,"out_stock_days":0,"lost_sales":0,"has_location":null,"update_date":"2026-04-27T07:09:57","atum_locations":[],"atum_stock_status":"instock","restock_status":false,"low_stock_amount":"","sales_update_date":"2025-09-05T00:19:44","calc_backorders":null,"_links":{"self":[{"href":"https:\/\/aromasentia.com\/de\/wp-json\/wp\/v2\/product\/238925","targetHints":{"allow":["GET"]}}],"collection":[{"href":"https:\/\/aromasentia.com\/de\/wp-json\/wp\/v2\/product"}],"about":[{"href":"https:\/\/aromasentia.com\/de\/wp-json\/wp\/v2\/types\/product"}],"replies":[{"embeddable":true,"href":"https:\/\/aromasentia.com\/de\/wp-json\/wp\/v2\/comments?post=238925"}],"version-history":[{"count":0,"href":"https:\/\/aromasentia.com\/de\/wp-json\/wp\/v2\/product\/238925\/revisions"}],"wp:featuredmedia":[{"embeddable":true,"href":"https:\/\/aromasentia.com\/de\/wp-json\/wp\/v2\/media\/290458"}],"wp:attachment":[{"href":"https:\/\/aromasentia.com\/de\/wp-json\/wp\/v2\/media?parent=238925"}],"wp:term":[{"taxonomy":"product_brand","embeddable":true,"href":"https:\/\/aromasentia.com\/de\/wp-json\/wp\/v2\/product_brand?post=238925"},{"taxonomy":"product_cat","embeddable":true,"href":"https:\/\/aromasentia.com\/de\/wp-json\/wp\/v2\/product_cat?post=238925"},{"taxonomy":"product_tag","embeddable":true,"href":"https:\/\/aromasentia.com\/de\/wp-json\/wp\/v2\/product_tag?post=238925"}],"curies":[{"name":"wp","href":"https:\/\/api.w.org\/{rel}","templated":true}]}}