{"id":238877,"date":"2025-03-20T17:28:36","date_gmt":"2025-03-20T17:28:36","guid":{"rendered":"https:\/\/aromasentia.com\/product\/klay-soap-lavender-vanilla\/"},"modified":"2025-12-30T20:30:27","modified_gmt":"2025-12-30T20:30:27","slug":"klay-seife-lavendel-und-vanille","status":"publish","type":"product","link":"https:\/\/aromasentia.com\/de\/klay-seife-lavendel-und-vanille\/","title":{"rendered":"Klay-Seife \u2013 Lavendel und Vanille"},"content":{"rendered":"<p><span style=\"color: rgb(75, 80, 88);\">Diese Seife ist mit <strong>Bentonit-Ton<\/strong> angereichert, der f\u00fcr seine tiefenreinigenden und kl\u00e4renden Eigenschaften bekannt ist. Sie hilft, Unreinheiten, Giftstoffe und \u00fcbersch\u00fcssiges \u00d6l zu entfernen und hinterl\u00e4sst ein sauberes, erfrischtes und erneuertes Hautgef\u00fchl. <strong>Lavendelsamen<\/strong> sorgen f\u00fcr ein sanftes Peeling, helfen, abgestorbene Hautzellen zu entfernen und einen glatteren, strahlenderen Teint zum Vorschein zu bringen.<\/span><\/p>\n<p><span style=\"color: rgb(75, 80, 88);\"><strong>Beruhigender Lavendel &amp; Vanilleduft<\/strong><\/span><\/p>\n<p><span style=\"color: rgb(75, 80, 88);\"><\/span><span style=\"color: rgb(75, 80, 88);\">Genie\u00dfen Sie die wohltuende Mischung aus aromatischem Lavendel und s\u00fc\u00dfer Vanille.<\/span><\/p>\n<ul style=\"--tw-border-spacing-x: 0; --tw-border-spacing-y: 0; --tw-translate-x: 0; --tw-translate-y: 0; --tw-rotate: 0; --tw-skew-x: 0; --tw-skew-y: 0; --tw-scale-x: 1; --tw-scale-y: 1; --tw-pan-x: ; --tw-pan-y: ; --tw-pinch-zoom: ; --tw-scroll-snap-strictness: N\u00e4he; --tw-gradient-from-position: ; --tw-gradient-via-position: ; --tw-gradient-to-position: ; --tw-ordinal: ; --tw-slashed-zero: ; --tw-numeric-figure: ; --tw-numeric-spacing: ; --tw-numeric-fraction: ; --tw-ring-inset: ; --tw-ring-offset-width: 0px; --tw-ring-offset-color: #fff; --tw-ring-color: rgb(59 130 246 \/ 0.5); --tw-ring-offset-shadow: 0 0 #0000; --tw-ring-shadow: 0 0 #0000; --tw-shadow: 0 0 #0000; --tw-shadow-colored: 0 0 #0000; --tw-blur: ; --tw-brightness: ; --tw-contrast: ; --tw-grayscale: ; --tw-hue-rotate: ; --tw-invert: ; --tw-saturate: ; --tw-sepia: ; --tw-drop-shadow: ; --tw-backdrop-blur: ; --tw-backdrop-brightness: ; --tw-backdrop-contrast: ; --tw-backdrop-grayscale: ; --tw-backdrop-hue-rotate: ; --tw-backdrop-invert: ; --tw-backdrop-opacity: ; --tw-backdrop-saturate: ; --tw-backdrop-sepia: ; --tw-contain-size: ; --tw-contain-layout: ; --tw-contain-paint: ; --tw-contain-style: ; Polsterung: 0px; Farbe: rgb(114, 114, 114); Schriftfamilie: Raleway, serifenlos; Schriftgr\u00f6\u00dfe: 15px; Schriftstil: normal; Schriftvarianten-Ligaturen: normal; Schriftvarianten-Gro\u00dfbuchstaben: normal; Schriftst\u00e4rke: 400; Buchstabenabstand: normal; Waisen: 2; Textausrichtung: Start; Texteinzug: 0px; Texttransformation: keine; Hurenkinder: 2; Wortabstand: 0px; -webkit-Textstrichbreite: 0px; Leerraum: normal; Textdekorationsdicke: initial; Textdekorationsstil: initial; Textdekorationsfarbe: initial; Hintergrundfarbe: rgb(255, 255, 255);\">\n<li style=\"--tw-border-spacing-x: 0; --tw-border-spacing-y: 0; --tw-translate-x: 0; --tw-translate-y: 0; --tw-rotate: 0; --tw-skew-x: 0; --tw-skew-y: 0; --tw-scale-x: 1; --tw-scale-y: 1; --tw-pan-x: ; --tw-pan-y: ; --tw-pinch-zoom: ; --tw-scroll-snap-strictness: proximity; --tw-gradient-from-position: ; --tw-gradient-via-position: ; --tw-gradient-to-position: ; --tw-ordinal: ; --tw-slashed-zero: ; --tw-numeric-figure: ; --tw-numeric-spacing: ; --tw-numeric-fraction: ; --tw-ring-inset: ; --tw-ring-offset-width: 0px; --tw-ring-offset-color: #fff; --tw-ring-color: rgb(59 130 246 \/ 0.5); --tw-ring-offset-shadow: 0 0 #0000; --tw-ring-shadow: 0 0 #0000; --tw-shadow: 0 0 #0000; --tw-shadow-colored: 0 0 #0000; --tw-blur: ; --tw-brightness: ; --tw-contrast: ; --tw-grayscale: ; --tw-hue-rotate: ; --tw-invert: ; --tw-saturate: ; --tw-sepia: ; --tw-drop-shadow: ; --tw-backdrop-blur: ; --tw-backdrop-brightness: ; --tw-backdrop-contrast: ; --tw-backdrop-grayscale: ; --tw-backdrop-hue-rotate: ; --tw-backdrop-invert: ; --tw-backdrop-opacity: ; --tw-backdrop-saturate: ; --tw-backdrop-sepia: ; --tw-contain-size: ; --tw-contain-layout: ; --tw-contain-paint: ; --tw-contain-style: ;\"><span style=\"color: rgb(75, 80, 88);\"><strong>Lavendel:<\/strong> Entspannende florale Noten zur Beruhigung Ihrer Sinne.<\/span><\/li>\n<li style=\"--tw-border-spacing-x: 0; --tw-border-spacing-y: 0; --tw-translate-x: 0; --tw-translate-y: 0; --tw-rotate: 0; --tw-skew-x: 0; --tw-skew-y: 0; --tw-scale-x: 1; --tw-scale-y: 1; --tw-pan-x: ; --tw-pan-y: ; --tw-pinch-zoom: ; --tw-scroll-snap-strictness: N\u00e4he; --tw-gradient-from-position: ; --tw-gradient-via-position: ; --tw-gradient-to-position: ; --tw-ordinal: ; --tw-slashed-zero: ; --tw-numeric-figure: ; --tw-numeric-spacing: ; --tw-numeric-fraction: ; --tw-ring-inset: ; --tw-ring-offset-width: 0px; --tw-ring-offset-color: #fff; --tw-ring-color: rgb(59 130 246 \/ 0.5); --tw-ring-offset-shadow: 0 0 #0000; --tw-ring-shadow: 0 0 #0000; --tw-shadow: 0 0 #0000; --tw-shadow-colored: 0 0 #0000; --tw-blur: ; --tw-brightness: ; --tw-contrast: ; --tw-grayscale: ; --tw-hue-rotate: ; --tw-invert: ; --tw-saturate: ; --tw-sepia: ; --tw-drop-shadow: ; --tw-backdrop-blur: ; --tw-backdrop-brightness: ; --tw-backdrop-contrast: ; --tw-backdrop-grayscale: ; --tw-backdrop-hue-rotate: ; --tw-backdrop-invert: ; --tw-backdrop-opacity: ; --tw-backdrop-saturate: ; --tw-backdrop-sepia: ; --tw-contain-size: ; --tw-contain-layout: ; --tw-contain-paint: ; --tw-contain-style: ;\"><span style=\"color: rgb(75, 80, 88);\"><strong>Vanille:<\/strong> Verleiht eine warme, subtile S\u00fc\u00dfe f\u00fcr eine wohltuende Note.<\/span><\/li>\n<\/ul>\n<p><span style=\"color: rgb(75, 80, 88);\">Diese Seife ist perfekt zum Entspannen nach einem langen Tag und bietet ein ruhiges und wohltuendes Erlebnis f\u00fcr Haut und Sinne.<\/span><\/p>\n","protected":false},"excerpt":{"rendered":"<p>Diese Seife ist mit Bentonit-Ton angereichert, der f\u00fcr seine tiefenreinigenden und kl\u00e4renden Eigenschaften bekannt ist. Sie hilft, Unreinheiten, Giftstoffe und \u00fcbersch\u00fcssiges \u00d6l zu entfernen und hinterl\u00e4sst ein sauberes, erfrischtes und erneuertes Hautgef\u00fchl. Lavendelsamen sorgen f\u00fcr ein sanftes Peeling, helfen, abgestorbene Hautzellen zu entfernen und einen glatteren, strahlenderen Teint zum Vorschein zu bringen. Beruhigender Lavendel &amp; [&hellip;]<\/p>\n","protected":false},"featured_media":291436,"comment_status":"closed","ping_status":"open","template":"","meta":{"_angie_page":false},"product_brand":[],"product_cat":[19448,26833,25841,26234,20589],"product_tag":[],"class_list":{"0":"post-238877","1":"product","2":"type-product","3":"status-publish","4":"has-post-thumbnail","6":"product_cat-bad-und-korper","7":"product_cat-blumig","8":"product_cat-dufte-aromen","9":"product_cat-lavendel","10":"product_cat-okologische-seifen","11":"pa_collection-natural-clay-soaps-de","12":"pa_made-in-vereinigtes-koenigreich","14":"first","15":"instock","16":"purchasable","17":"product-type-simple"},"supplier_id":null,"supplier_sku":"KSoap-01","barcode":null,"atum_controlled":true,"out_stock_date":null,"out_stock_threshold":null,"inheritable":false,"inbound_stock":null,"stock_on_hold":0,"sold_today":0,"sales_last_days":0,"reserved_stock":null,"customer_returns":null,"warehouse_damage":null,"lost_in_post":null,"other_logs":null,"out_stock_days":0,"lost_sales":0,"has_location":null,"update_date":"2026-04-27T07:10:28","atum_locations":[],"atum_stock_status":"instock","restock_status":false,"low_stock_amount":"","sales_update_date":"2025-09-05T00:19:49","calc_backorders":null,"_links":{"self":[{"href":"https:\/\/aromasentia.com\/de\/wp-json\/wp\/v2\/product\/238877","targetHints":{"allow":["GET"]}}],"collection":[{"href":"https:\/\/aromasentia.com\/de\/wp-json\/wp\/v2\/product"}],"about":[{"href":"https:\/\/aromasentia.com\/de\/wp-json\/wp\/v2\/types\/product"}],"replies":[{"embeddable":true,"href":"https:\/\/aromasentia.com\/de\/wp-json\/wp\/v2\/comments?post=238877"}],"version-history":[{"count":0,"href":"https:\/\/aromasentia.com\/de\/wp-json\/wp\/v2\/product\/238877\/revisions"}],"wp:featuredmedia":[{"embeddable":true,"href":"https:\/\/aromasentia.com\/de\/wp-json\/wp\/v2\/media\/291436"}],"wp:attachment":[{"href":"https:\/\/aromasentia.com\/de\/wp-json\/wp\/v2\/media?parent=238877"}],"wp:term":[{"taxonomy":"product_brand","embeddable":true,"href":"https:\/\/aromasentia.com\/de\/wp-json\/wp\/v2\/product_brand?post=238877"},{"taxonomy":"product_cat","embeddable":true,"href":"https:\/\/aromasentia.com\/de\/wp-json\/wp\/v2\/product_cat?post=238877"},{"taxonomy":"product_tag","embeddable":true,"href":"https:\/\/aromasentia.com\/de\/wp-json\/wp\/v2\/product_tag?post=238877"}],"curies":[{"name":"wp","href":"https:\/\/api.w.org\/{rel}","templated":true}]}}