{"id":238845,"date":"2025-03-20T17:29:29","date_gmt":"2025-03-20T17:29:29","guid":{"rendered":"https:\/\/aromasentia.com\/product\/klay-soap-orange-and-ginger\/"},"modified":"2025-12-30T20:30:19","modified_gmt":"2025-12-30T20:30:19","slug":"klay-seife-orange-und-ingwer","status":"publish","type":"product","link":"https:\/\/aromasentia.com\/de\/klay-seife-orange-und-ingwer\/","title":{"rendered":"Klay-Seife &#8211; Orange und Ingwer"},"content":{"rendered":"<p><span style=\"color: rgb(75, 80, 88);\">Diese Seife vereint die reinigenden Eigenschaften von <strong>gelber Tonerde<\/strong> mit der sanften Peelingwirkung von Kaffeesatz. Gemeinsam reinigen sie Ihre Haut gr\u00fcndlich, indem sie abgestorbene Zellen, Schmutz und \u00fcbersch\u00fcssiges \u00d6l entfernen und sie glatt und erfrischt zur\u00fccklassen. Der Peeling-Prozess hilft au\u00dferdem, verstopfte Poren zu \u00f6ffnen, was zu einer klareren, ges\u00fcnder aussehenden Haut f\u00fchrt und gleichzeitig das Risiko von Ausbr\u00fcchen reduziert.<\/span><\/p>\n<p><span style=\"color: rgb(75, 80, 88);\"><strong>Energetisierendes Orange &amp; Ingwerduft<\/strong><\/span><\/p>\n<p style=\"text-align: left;\"><span style=\"color: rgb(75, 80, 88);\">Erhellen Sie Ihren Tag mit dem erhebenden Duft von Orange und Ingwer.<\/span><\/p>\n<ul style=\"--tw-border-spacing-x: 0; --tw-border-spacing-y: 0; --tw-translate-x: 0; --tw-translate-y: 0; --tw-rotate: 0; --tw-skew-x: 0; --tw-skew-y: 0; --tw-scale-x: 1; --tw-scale-y: 1; --tw-pan-x: ; --tw-pan-y: ; --tw-pinch-zoom: ; --tw-scroll-snap-strictness: proximity; --tw-gradient-from-position: ; --tw-gradient-via-position: ; --tw-gradient-to-position: ; --tw-ordinal: ; --tw-slashed-zero: ; --tw-numeric-figure: ; --tw-numeric-spacing: ; --tw-numeric-fraction: ; --tw-ring-inset: ; --tw-ring-offset-width: 0px; --tw-ring-offset-color: #fff; --tw-ring-color: rgb(59 130 246 \/ 0.5); --tw-ring-offset-shadow: 0 0 #0000; --tw-ring-shadow: 0 0 #0000; --tw-shadow: 0 0 #0000; --tw-shadow-colored: 0 0 #0000; --tw-blur: ; --tw-brightness: ; --tw-contrast: ; --tw-grayscale: ; --tw-hue-rotate: ; --tw-invert: ; --tw-saturate: ; --tw-sepia: ; --tw-drop-shadow: ; --tw-backdrop-blur: ; --tw-backdrop-brightness: ; --tw-backdrop-contrast: ; --tw-backdrop-grayscale: ; --tw-backdrop-hue-rotate: ; --tw-backdrop-invert: ; --tw-backdrop-opacity: ; --tw-backdrop-saturate: ; --tw-backdrop-sepia: ; --tw-contain-size: ; --tw-contain-layout: ; --tw-contain-paint: ; --tw-contain-style: ; Polsterung: 0px; Farbe: rgb(114, 114, 114); Schriftfamilie: Raleway, serifenlos; Schriftgr\u00f6\u00dfe: 15px; Schriftstil: normal; Schriftvarianten-Ligaturen: normal; Schriftvarianten-Gro\u00dfbuchstaben: normal; Schriftst\u00e4rke: 400; Buchstabenabstand: normal; Waisen: 2; Textausrichtung: Start; Texteinzug: 0px; Texttransformation: keine; Hurenkinder: 2; Wortabstand: 0px; -webkit-Textstrichbreite: 0px; Leerraum: normal; Textdekorationsst\u00e4rke: initial; Textdekorationsstil: initial; Textdekorationsfarbe: initial; Hintergrundfarbe: rgb(255, 255, 255);\">\n<li style=\"--tw-border-spacing-x: 0; --tw-border-spacing-y: 0; --tw-translate-x: 0; --tw-translate-y: 0; --tw-rotate: 0; --tw-skew-x: 0; --tw-skew-y: 0; --tw-scale-x: 1; --tw-scale-y: 1; --tw-pan-x: ; --tw-pan-y: ; --tw-pinch-zoom: ; --tw-scroll-snap-strictness: proximity; --tw-gradient-from-position: ; --tw-gradient-via-position: ; --tw-gradient-to-position: ; --tw-ordinal: ; --tw-slashed-zero: ; --tw-numeric-figure: ; --tw-numeric-spacing: ; --tw-numeric-fraction: ; --tw-ring-inset: ; --tw-ring-offset-width: 0px; --tw-ring-offset-color: #fff; --tw-ring-color: rgb(59 130 246 \/ 0.5); --tw-ring-offset-shadow: 0 0 #0000; --tw-ring-shadow: 0 0 #0000; --tw-shadow: 0 0 #0000; --tw-shadow-colored: 0 0 #0000; --tw-blur: ; --tw-Helligkeit: ; --tw-Kontrast: ; --tw-Graustufen: ; --tw-Farbton-Drehen: ; --tw-Umkehren: ; --tw-S\u00e4ttigen: ; --tw-Sepia: ; --tw-Schlagschatten: ; --tw-Hintergrund-Unsch\u00e4rfe: ; --tw-Hintergrund-Helligkeit: ; --tw-Hintergrund-Kontrast: ; --tw-Hintergrund-Graustufen: ; --tw-Hintergrund-Farbton-Drehen: ; --tw-Umkehren: ; --tw-Hintergrund-Deckkraft: ; --tw-Hintergrund-S\u00e4ttigen: ; --tw-Hintergrund-Sepia: ; --tw-Enthalten-Gr\u00f6\u00dfe: ; --tw-Enthalten-Layout: ; --tw-contain-paint: ; --tw-contain-style: ;\"><span style=\"color: rgb(75, 80, 88);\"><strong>Orange: <\/strong>Ein Ausbruch frischer, zitroniger S\u00fc\u00dfe f\u00fcr einen erfrischenden Muntermacher.<\/span><\/li>\n<li style=\"--tw-border-spacing-x: 0; --tw-border-spacing-y: 0; --tw-translate-x: 0; --tw-translate-y: 0; --tw-rotate: 0; --tw-skew-x: 0; --tw-skew-y: 0; --tw-scale-x: 1; --tw-scale-y: 1; --tw-pan-x: ; --tw-pan-y: ; --tw-pinch-zoom: ; --tw-scroll-snap-strictness: N\u00e4he; --tw-gradient-from-position: ; --tw-gradient-via-position: ; --tw-gradient-to-position: ; --tw-ordinal: ; --tw-slashed-zero: ; --tw-numeric-figure: ; --tw-numeric-spacing: ; --tw-numeric-fraction: ; --tw-ring-inset: ; --tw-ring-offset-width: 0px; --tw-ring-offset-color: #fff; --tw-ring-color: rgb(59 130 246 \/ 0.5); --tw-ring-offset-shadow: 0 0 #0000; --tw-ring-shadow: 0 0 #0000; --tw-shadow: 0 0 #0000; --tw-shadow-colored: 0 0 #0000; --tw-blur: ; --tw-brightness: ; --tw-contrast: ; --tw-grayscale: ; --tw-hue-rotate: ; --tw-invert: ; --tw-saturate: ; --tw-sepia: ; --tw-drop-shadow: ; --tw-backdrop-blur: ; --tw-backdrop-brightness: ; --tw-backdrop-contrast: ; --tw-backdrop-grayscale: ; --tw-backdrop-hue-rotate: ; --tw-backdrop-invert: ; --tw-backdrop-opacity: ; --tw-backdrop-saturate: ; --tw-backdrop-sepia: ; --tw-contain-size: ; --tw-contain-layout: ; --tw-contain-paint: ; --tw-contain-style: ;\"><span style=\"color: rgb(75, 80, 88);\"><strong>Ingwer: <\/strong>Warm und w\u00fcrzig, verleiht einen revitalisierenden Kick.<\/span><\/li>\n<\/ul>\n<p><span style=\"color: rgb(75, 80, 88);\">Dieser lebendige Duft weckt Ihre Sinne und hinterl\u00e4sst nach jeder Anwendung ein belebtes, erfrischtes und energetisiertes Hautgef\u00fchl.<\/span><\/p>\n","protected":false},"excerpt":{"rendered":"<p>Diese Seife vereint die reinigenden Eigenschaften von gelber Tonerde mit der sanften Peelingwirkung von Kaffeesatz. Gemeinsam reinigen sie Ihre Haut gr\u00fcndlich, indem sie abgestorbene Zellen, Schmutz und \u00fcbersch\u00fcssiges \u00d6l entfernen und sie glatt und erfrischt zur\u00fccklassen. Der Peeling-Prozess hilft au\u00dferdem, verstopfte Poren zu \u00f6ffnen, was zu einer klareren, ges\u00fcnder aussehenden Haut f\u00fchrt und gleichzeitig das [&hellip;]<\/p>\n","protected":false},"featured_media":291510,"comment_status":"closed","ping_status":"open","template":"","meta":{"_angie_page":false},"product_brand":[],"product_cat":[19448,25841,26195,20589,26308,26889,26819],"product_tag":[],"class_list":{"0":"post-238845","1":"product","2":"type-product","3":"status-publish","4":"has-post-thumbnail","6":"product_cat-bad-und-korper","7":"product_cat-dufte-aromen","8":"product_cat-geranie","9":"product_cat-okologische-seifen","10":"product_cat-orange","11":"product_cat-wurzig","12":"product_cat-zitrus","13":"pa_collection-natural-clay-soaps-de","14":"pa_made-in-vereinigtes-koenigreich","16":"first","17":"instock","18":"purchasable","19":"product-type-simple"},"supplier_id":null,"supplier_sku":"KSoap-03","barcode":null,"atum_controlled":true,"out_stock_date":null,"out_stock_threshold":null,"inheritable":false,"inbound_stock":null,"stock_on_hold":0,"sold_today":0,"sales_last_days":0,"reserved_stock":null,"customer_returns":null,"warehouse_damage":null,"lost_in_post":null,"other_logs":null,"out_stock_days":0,"lost_sales":0,"has_location":null,"update_date":"2026-04-27T07:10:28","atum_locations":[],"atum_stock_status":"instock","restock_status":false,"low_stock_amount":"","sales_update_date":"2025-09-05T00:19:48","calc_backorders":null,"_links":{"self":[{"href":"https:\/\/aromasentia.com\/de\/wp-json\/wp\/v2\/product\/238845","targetHints":{"allow":["GET"]}}],"collection":[{"href":"https:\/\/aromasentia.com\/de\/wp-json\/wp\/v2\/product"}],"about":[{"href":"https:\/\/aromasentia.com\/de\/wp-json\/wp\/v2\/types\/product"}],"replies":[{"embeddable":true,"href":"https:\/\/aromasentia.com\/de\/wp-json\/wp\/v2\/comments?post=238845"}],"version-history":[{"count":0,"href":"https:\/\/aromasentia.com\/de\/wp-json\/wp\/v2\/product\/238845\/revisions"}],"wp:featuredmedia":[{"embeddable":true,"href":"https:\/\/aromasentia.com\/de\/wp-json\/wp\/v2\/media\/291510"}],"wp:attachment":[{"href":"https:\/\/aromasentia.com\/de\/wp-json\/wp\/v2\/media?parent=238845"}],"wp:term":[{"taxonomy":"product_brand","embeddable":true,"href":"https:\/\/aromasentia.com\/de\/wp-json\/wp\/v2\/product_brand?post=238845"},{"taxonomy":"product_cat","embeddable":true,"href":"https:\/\/aromasentia.com\/de\/wp-json\/wp\/v2\/product_cat?post=238845"},{"taxonomy":"product_tag","embeddable":true,"href":"https:\/\/aromasentia.com\/de\/wp-json\/wp\/v2\/product_tag?post=238845"}],"curies":[{"name":"wp","href":"https:\/\/api.w.org\/{rel}","templated":true}]}}