{"id":238821,"date":"2025-03-20T17:30:40","date_gmt":"2025-03-20T17:30:40","guid":{"rendered":"https:\/\/aromasentia.com\/product\/set-of-3-soap-flower-heart-box-red-roses\/"},"modified":"2025-12-30T20:30:12","modified_gmt":"2025-12-30T20:30:12","slug":"3-seifenrosen-in-herzbox-rot","status":"publish","type":"product","link":"https:\/\/aromasentia.com\/de\/3-seifenrosen-in-herzbox-rot\/","title":{"rendered":"3 Seifenrosen in Herzbox &#8211; Rot"},"content":{"rendered":"<p>Entdecken Sie unser wundersch\u00f6nes Sortiment an luxuri\u00f6sen Seifenblumen. Sie sind die perfekte Erg\u00e4nzung f\u00fcr ein entspannendes romantisches Bad, oder Sie k\u00f6nnen einzelne Bl\u00fctenbl\u00e4tter als G\u00e4steseife verwenden.&nbsp;<\/p>\n<p>H\u00fcbsch verpackt eignen sich diese Seifenblumen perfekt als Geschenk, Hochzeitsgeschenk, Weihnachtsstrumpff\u00fcller oder einfach als kleine Freude f\u00fcr sich selbst.&nbsp;<\/p>\n<p>Geben Sie einfach ein oder zwei Rosen in Ihr warmes Bad, entspannen Sie sich und beobachten Sie, wie sich die h\u00fcbschen Bl\u00fcten vor Ihren Augen aufl\u00f6sen. Genie\u00dfen Sie das farbenfrohe Wasser und den herrlichen Duft. Ihre Haut wird weich, seidig und duftet wunderbar frisch. Diese Str\u00e4u\u00dfe werden Sie besonders lieben.&nbsp;<\/p>\n<p>Und sie sehen fast aus wie echte Blumen! Die Str\u00e4u\u00dfe sind kunstvoll arrangiert und werden in einer Geschenkt\u00fcte pr\u00e4sentiert. Diese Badeblumen sind ein umwerfendes Geschenk, das garantiert Freude bereitet.<\/p>\n","protected":false},"excerpt":{"rendered":"<p>Entdecken Sie unser wundersch\u00f6nes Sortiment an luxuri\u00f6sen Seifenblumen. Sie sind die perfekte Erg\u00e4nzung f\u00fcr ein entspannendes romantisches Bad, oder Sie k\u00f6nnen einzelne Bl\u00fctenbl\u00e4tter als G\u00e4steseife verwenden.&nbsp; H\u00fcbsch verpackt eignen sich diese Seifenblumen perfekt als Geschenk, Hochzeitsgeschenk, Weihnachtsstrumpff\u00fcller oder einfach als kleine Freude f\u00fcr sich selbst.&nbsp; Geben Sie einfach ein oder zwei Rosen in Ihr warmes [&hellip;]<\/p>\n","protected":false},"featured_media":292052,"comment_status":"closed","ping_status":"open","template":"","meta":{"_angie_page":false},"product_brand":[],"product_cat":[19448,26833,25841,20589,26370],"product_tag":[],"class_list":{"0":"post-238821","1":"product","2":"type-product","3":"status-publish","4":"has-post-thumbnail","6":"product_cat-bad-und-korper","7":"product_cat-blumig","8":"product_cat-dufte-aromen","9":"product_cat-okologische-seifen","10":"product_cat-rosen","11":"pa_collection-luxury-soap-flowers-de","12":"pa_made-in-china","14":"first","15":"instock","16":"purchasable","17":"product-type-simple"},"supplier_id":null,"supplier_sku":"LSF-13","barcode":null,"atum_controlled":true,"out_stock_date":null,"out_stock_threshold":null,"inheritable":false,"inbound_stock":null,"stock_on_hold":0,"sold_today":0,"sales_last_days":0,"reserved_stock":null,"customer_returns":null,"warehouse_damage":null,"lost_in_post":null,"other_logs":null,"out_stock_days":0,"lost_sales":0,"has_location":null,"update_date":"2026-05-08T05:12:00","atum_locations":[],"atum_stock_status":"instock","restock_status":false,"low_stock_amount":"","sales_update_date":"2025-09-05T00:19:57","calc_backorders":null,"_links":{"self":[{"href":"https:\/\/aromasentia.com\/de\/wp-json\/wp\/v2\/product\/238821","targetHints":{"allow":["GET"]}}],"collection":[{"href":"https:\/\/aromasentia.com\/de\/wp-json\/wp\/v2\/product"}],"about":[{"href":"https:\/\/aromasentia.com\/de\/wp-json\/wp\/v2\/types\/product"}],"replies":[{"embeddable":true,"href":"https:\/\/aromasentia.com\/de\/wp-json\/wp\/v2\/comments?post=238821"}],"version-history":[{"count":0,"href":"https:\/\/aromasentia.com\/de\/wp-json\/wp\/v2\/product\/238821\/revisions"}],"wp:featuredmedia":[{"embeddable":true,"href":"https:\/\/aromasentia.com\/de\/wp-json\/wp\/v2\/media\/292052"}],"wp:attachment":[{"href":"https:\/\/aromasentia.com\/de\/wp-json\/wp\/v2\/media?parent=238821"}],"wp:term":[{"taxonomy":"product_brand","embeddable":true,"href":"https:\/\/aromasentia.com\/de\/wp-json\/wp\/v2\/product_brand?post=238821"},{"taxonomy":"product_cat","embeddable":true,"href":"https:\/\/aromasentia.com\/de\/wp-json\/wp\/v2\/product_cat?post=238821"},{"taxonomy":"product_tag","embeddable":true,"href":"https:\/\/aromasentia.com\/de\/wp-json\/wp\/v2\/product_tag?post=238821"}],"curies":[{"name":"wp","href":"https:\/\/api.w.org\/{rel}","templated":true}]}}