{"id":238765,"date":"2025-03-20T17:31:43","date_gmt":"2025-03-20T17:31:43","guid":{"rendered":"https:\/\/aromasentia.com\/product\/set-of-24-soap-flower-heart-box-red-roses\/"},"modified":"2025-12-30T20:30:04","modified_gmt":"2025-12-30T20:30:04","slug":"24-seifenrosen-in-herzbox-rot","status":"publish","type":"product","link":"https:\/\/aromasentia.com\/de\/24-seifenrosen-in-herzbox-rot\/","title":{"rendered":"24 Seifenrosen in Herzbox &#8211; Rot"},"content":{"rendered":"<p>Werfen Sie einen Blick auf diese wundersch\u00f6nen Luxus-Seifenblumen.<\/p>\n<p>Geben Sie einfach ein oder zwei davon in Ihr warmes Bad, entspannen Sie sich und beobachten Sie, wie sich die h\u00fcbschen Bl\u00fcten direkt vor Ihren Augen aufl\u00f6sen. Sie werden das farbenfrohe Wasser und den herrlichen Duft genie\u00dfen. Ihre Haut wird weich, seidig und duftet herrlich frisch.<\/p>\n<p>Diese Blumen werden Sie besonders lieben. Und sie sehen fast echt aus! Die Str\u00e4u\u00dfe sind kunstvoll arrangiert und werden in einer wundersch\u00f6nen Geschenkverpackung pr\u00e4sentiert.<\/p>\n<p>H\u00fcbsch verpackt eignen sich diese Seifenblumen perfekt als Geburtstagsgeschenk, Hochzeitsgeschenk, Weihnachtsgeschenk oder einfach als kleine Freude f\u00fcr sich selbst.<\/p>\n","protected":false},"excerpt":{"rendered":"<p>Werfen Sie einen Blick auf diese wundersch\u00f6nen Luxus-Seifenblumen. Geben Sie einfach ein oder zwei davon in Ihr warmes Bad, entspannen Sie sich und beobachten Sie, wie sich die h\u00fcbschen Bl\u00fcten direkt vor Ihren Augen aufl\u00f6sen. Sie werden das farbenfrohe Wasser und den herrlichen Duft genie\u00dfen. Ihre Haut wird weich, seidig und duftet herrlich frisch. Diese [&hellip;]<\/p>\n","protected":false},"featured_media":292266,"comment_status":"closed","ping_status":"open","template":"","meta":{"_angie_page":false},"product_brand":[],"product_cat":[19448,26833,25841,20589,26370],"product_tag":[],"class_list":{"0":"post-238765","1":"product","2":"type-product","3":"status-publish","4":"has-post-thumbnail","6":"product_cat-bad-und-korper","7":"product_cat-blumig","8":"product_cat-dufte-aromen","9":"product_cat-okologische-seifen","10":"product_cat-rosen","11":"pa_collection-luxury-soap-flowers-de","12":"pa_made-in-china","14":"first","15":"instock","16":"purchasable","17":"product-type-simple"},"supplier_id":null,"supplier_sku":"LSF-19","barcode":null,"atum_controlled":true,"out_stock_date":null,"out_stock_threshold":null,"inheritable":false,"inbound_stock":null,"stock_on_hold":0,"sold_today":0,"sales_last_days":0,"reserved_stock":null,"customer_returns":null,"warehouse_damage":null,"lost_in_post":null,"other_logs":null,"out_stock_days":0,"lost_sales":0,"has_location":null,"update_date":"2026-05-08T05:12:00","atum_locations":[],"atum_stock_status":"instock","restock_status":false,"low_stock_amount":"","sales_update_date":"2025-09-05T00:19:55","calc_backorders":null,"_links":{"self":[{"href":"https:\/\/aromasentia.com\/de\/wp-json\/wp\/v2\/product\/238765","targetHints":{"allow":["GET"]}}],"collection":[{"href":"https:\/\/aromasentia.com\/de\/wp-json\/wp\/v2\/product"}],"about":[{"href":"https:\/\/aromasentia.com\/de\/wp-json\/wp\/v2\/types\/product"}],"replies":[{"embeddable":true,"href":"https:\/\/aromasentia.com\/de\/wp-json\/wp\/v2\/comments?post=238765"}],"version-history":[{"count":0,"href":"https:\/\/aromasentia.com\/de\/wp-json\/wp\/v2\/product\/238765\/revisions"}],"wp:featuredmedia":[{"embeddable":true,"href":"https:\/\/aromasentia.com\/de\/wp-json\/wp\/v2\/media\/292266"}],"wp:attachment":[{"href":"https:\/\/aromasentia.com\/de\/wp-json\/wp\/v2\/media?parent=238765"}],"wp:term":[{"taxonomy":"product_brand","embeddable":true,"href":"https:\/\/aromasentia.com\/de\/wp-json\/wp\/v2\/product_brand?post=238765"},{"taxonomy":"product_cat","embeddable":true,"href":"https:\/\/aromasentia.com\/de\/wp-json\/wp\/v2\/product_cat?post=238765"},{"taxonomy":"product_tag","embeddable":true,"href":"https:\/\/aromasentia.com\/de\/wp-json\/wp\/v2\/product_tag?post=238765"}],"curies":[{"name":"wp","href":"https:\/\/api.w.org\/{rel}","templated":true}]}}