{"id":238725,"date":"2025-03-20T17:32:24","date_gmt":"2025-03-20T17:32:24","guid":{"rendered":"https:\/\/aromasentia.com\/product\/loofah-soap-loaf-1-8kg-strawberry\/"},"modified":"2025-12-30T20:29:57","modified_gmt":"2025-12-30T20:29:57","slug":"luffaseife-1-7kg-erdbeere","status":"publish","type":"product","link":"https:\/\/aromasentia.com\/de\/luffaseife-1-7kg-erdbeere\/","title":{"rendered":"Luffaseife 1.7kg &#8211; Erdbeere"},"content":{"rendered":"<p>Peeling ist eine der besten Pflegen f\u00fcr Ihre Haut. Und wie ginge das besser als mit einer Luffaseife?<\/p>\n<p>Luffaschw\u00e4mme werden aus der Luffapflanze gewonnen, die zur Familie der Gurken geh\u00f6rt. Nach dem Reifen der Pflanze werden Schale und Samen entfernt, um die Luffafasern freizulegen. Anschlie\u00dfend werden die Luffafasern gewaschen, um alle verbleibenden Samen und Schalen zu entfernen.<\/p>\n<p>Sobald die Luffafasern absolut sauber sind, werden sie vollst\u00e4ndig getrocknet. Nat\u00fcrliche Luffaschw\u00e4mme eignen sich hervorragend zum Peelen vieler Projekte, wie zum Beispiel mit dieser neuen Reihe handgefertigter <strong>Aroma Sentia-ping<\/strong> <strong>Luffaseifenlaibe 1,8 kg \u2013 Erdbeere<\/strong><\/p>\n<p><strong>&nbsp;<\/strong>Bestellen Sie noch heute und bieten Sie Ihren Kunden ein besonders intensives Peeling.<\/p>\n","protected":false},"excerpt":{"rendered":"<p>Peeling ist eine der besten Pflegen f\u00fcr Ihre Haut. Und wie ginge das besser als mit einer Luffaseife? Luffaschw\u00e4mme werden aus der Luffapflanze gewonnen, die zur Familie der Gurken geh\u00f6rt. Nach dem Reifen der Pflanze werden Schale und Samen entfernt, um die Luffafasern freizulegen. Anschlie\u00dfend werden die Luffafasern gewaschen, um alle verbleibenden Samen und Schalen [&hellip;]<\/p>\n","protected":false},"featured_media":292508,"comment_status":"closed","ping_status":"open","template":"","meta":[],"product_brand":[],"product_cat":[19448,25841,26529,26847,20589],"product_tag":[],"class_list":{"0":"post-238725","1":"product","2":"type-product","3":"status-publish","4":"has-post-thumbnail","6":"product_cat-bad-und-korper","7":"product_cat-dufte-aromen","8":"product_cat-erdbeere","9":"product_cat-fruchtig","10":"product_cat-okologische-seifen","11":"pa_made-in-lettland","13":"first","14":"outofstock","15":"purchasable","16":"product-type-simple"},"supplier_id":null,"supplier_sku":"LSL-02","barcode":null,"atum_controlled":true,"out_stock_date":"2026-02-11 09:34:54","out_stock_threshold":null,"inheritable":false,"inbound_stock":null,"stock_on_hold":0,"sold_today":0,"sales_last_days":0,"reserved_stock":null,"customer_returns":null,"warehouse_damage":null,"lost_in_post":null,"other_logs":null,"out_stock_days":0,"lost_sales":0,"has_location":null,"update_date":"2026-02-11T09:34:56","atum_locations":[],"atum_stock_status":"outofstock","restock_status":false,"low_stock_amount":"","sales_update_date":"2025-09-05T00:20:00","calc_backorders":null,"_links":{"self":[{"href":"https:\/\/aromasentia.com\/de\/wp-json\/wp\/v2\/product\/238725","targetHints":{"allow":["GET"]}}],"collection":[{"href":"https:\/\/aromasentia.com\/de\/wp-json\/wp\/v2\/product"}],"about":[{"href":"https:\/\/aromasentia.com\/de\/wp-json\/wp\/v2\/types\/product"}],"replies":[{"embeddable":true,"href":"https:\/\/aromasentia.com\/de\/wp-json\/wp\/v2\/comments?post=238725"}],"version-history":[{"count":0,"href":"https:\/\/aromasentia.com\/de\/wp-json\/wp\/v2\/product\/238725\/revisions"}],"wp:featuredmedia":[{"embeddable":true,"href":"https:\/\/aromasentia.com\/de\/wp-json\/wp\/v2\/media\/292508"}],"wp:attachment":[{"href":"https:\/\/aromasentia.com\/de\/wp-json\/wp\/v2\/media?parent=238725"}],"wp:term":[{"taxonomy":"product_brand","embeddable":true,"href":"https:\/\/aromasentia.com\/de\/wp-json\/wp\/v2\/product_brand?post=238725"},{"taxonomy":"product_cat","embeddable":true,"href":"https:\/\/aromasentia.com\/de\/wp-json\/wp\/v2\/product_cat?post=238725"},{"taxonomy":"product_tag","embeddable":true,"href":"https:\/\/aromasentia.com\/de\/wp-json\/wp\/v2\/product_tag?post=238725"}],"curies":[{"name":"wp","href":"https:\/\/api.w.org\/{rel}","templated":true}]}}