{"id":238661,"date":"2025-03-20T17:32:52","date_gmt":"2025-03-20T17:32:52","guid":{"rendered":"https:\/\/aromasentia.com\/product\/anti-cellulite-wooden-massager\/"},"modified":"2025-12-30T20:29:42","modified_gmt":"2025-12-30T20:29:42","slug":"anti-cellulite-massagegeraet-aus-holz","status":"publish","type":"product","link":"https:\/\/aromasentia.com\/de\/anti-cellulite-massagegeraet-aus-holz\/","title":{"rendered":"Anti-Cellulite-Massageger\u00e4t aus Holz"},"content":{"rendered":"<p>Diese &nbsp;<strong>Aroma Sentia-ping Anti-Cellulite-Massageb\u00fcrsten aus Holz<\/strong> liegen dank ihres Griffs gut in der Hand und k\u00f6nnen bei Cellulite helfen. &nbsp;<\/p>\n<p>Das Massageger\u00e4t soll den Lymphfluss anregen, wodurch Fl\u00fcssigkeit in die Kapillaren gelangt, was die Aufnahme von Fetts\u00e4uren unterst\u00fctzt und anschlie\u00dfend zur Beseitigung des Fetts beitr\u00e4gt, das den Orangenhauteffekt auf der Haut verursacht.&nbsp;<\/p>\n<p><strong>Auf trockener Haut anwenden, um zu beleben, zu peelen und die Durchblutung zu verbessern.<\/strong><\/p>\n","protected":false},"excerpt":{"rendered":"<p>Diese &nbsp;Aroma Sentia-ping Anti-Cellulite-Massageb\u00fcrsten aus Holz liegen dank ihres Griffs gut in der Hand und k\u00f6nnen bei Cellulite helfen. &nbsp; Das Massageger\u00e4t soll den Lymphfluss anregen, wodurch Fl\u00fcssigkeit in die Kapillaren gelangt, was die Aufnahme von Fetts\u00e4uren unterst\u00fctzt und anschlie\u00dfend zur Beseitigung des Fetts beitr\u00e4gt, das den Orangenhauteffekt auf der Haut verursacht.&nbsp; Auf trockener Haut [&hellip;]<\/p>\n","protected":false},"featured_media":292788,"comment_status":"closed","ping_status":"open","template":"","meta":{"_angie_page":false},"product_brand":[],"product_cat":[19448,19449],"product_tag":[],"class_list":{"0":"post-238661","1":"product","2":"type-product","3":"status-publish","4":"has-post-thumbnail","6":"product_cat-bad-und-korper","7":"product_cat-massagezubehor","8":"pa_collection-wooden-acrylic-massagers-de","9":"pa_made-in-china","11":"first","12":"instock","13":"purchasable","14":"product-type-simple"},"supplier_id":null,"supplier_sku":"Mass-05DS","barcode":null,"atum_controlled":true,"out_stock_date":null,"out_stock_threshold":null,"inheritable":false,"inbound_stock":null,"stock_on_hold":0,"sold_today":0,"sales_last_days":0,"reserved_stock":null,"customer_returns":null,"warehouse_damage":null,"lost_in_post":null,"other_logs":null,"out_stock_days":0,"lost_sales":0,"has_location":null,"update_date":"2026-04-27T07:12:04","atum_locations":[],"atum_stock_status":"instock","restock_status":false,"low_stock_amount":"","sales_update_date":"2025-09-05T00:20:05","calc_backorders":null,"_links":{"self":[{"href":"https:\/\/aromasentia.com\/de\/wp-json\/wp\/v2\/product\/238661","targetHints":{"allow":["GET"]}}],"collection":[{"href":"https:\/\/aromasentia.com\/de\/wp-json\/wp\/v2\/product"}],"about":[{"href":"https:\/\/aromasentia.com\/de\/wp-json\/wp\/v2\/types\/product"}],"replies":[{"embeddable":true,"href":"https:\/\/aromasentia.com\/de\/wp-json\/wp\/v2\/comments?post=238661"}],"version-history":[{"count":0,"href":"https:\/\/aromasentia.com\/de\/wp-json\/wp\/v2\/product\/238661\/revisions"}],"wp:featuredmedia":[{"embeddable":true,"href":"https:\/\/aromasentia.com\/de\/wp-json\/wp\/v2\/media\/292788"}],"wp:attachment":[{"href":"https:\/\/aromasentia.com\/de\/wp-json\/wp\/v2\/media?parent=238661"}],"wp:term":[{"taxonomy":"product_brand","embeddable":true,"href":"https:\/\/aromasentia.com\/de\/wp-json\/wp\/v2\/product_brand?post=238661"},{"taxonomy":"product_cat","embeddable":true,"href":"https:\/\/aromasentia.com\/de\/wp-json\/wp\/v2\/product_cat?post=238661"},{"taxonomy":"product_tag","embeddable":true,"href":"https:\/\/aromasentia.com\/de\/wp-json\/wp\/v2\/product_tag?post=238661"}],"curies":[{"name":"wp","href":"https:\/\/api.w.org\/{rel}","templated":true}]}}