{"id":238597,"date":"2025-03-20T17:33:49","date_gmt":"2025-03-20T17:33:49","guid":{"rendered":"https:\/\/aromasentia.com\/product\/floral-fizz-guava\/"},"modified":"2025-12-30T20:29:35","modified_gmt":"2025-12-30T20:29:35","slug":"badebombe-bluetensprudel-guave","status":"publish","type":"product","link":"https:\/\/aromasentia.com\/de\/badebombe-bluetensprudel-guave\/","title":{"rendered":"Badebombe &#8222;Bl\u00fctensprudel&#8220; &#8211; Guave"},"content":{"rendered":"<p>Der tropisch-exotische, nicht zu s\u00fc\u00dfe, aber sehr fruchtige Duft von Guava Floral Fizz ist einfach der Hammer. Nehmen Sie sich Zeit f\u00fcr ein Bad, schlie\u00dfen Sie f\u00fcr ein paar Minuten die Augen und entspannen Sie sich!<\/p>\n<p>Hergestellt aus den besten, sorgf\u00e4ltig ausgew\u00e4hlten Zutaten, hat jeder Floral Fizz seinen eigenen, einzigartigen Duft und seine eigene Farbe. Alle sind herrlich parf\u00fcmiert und aufwendig dekoriert. Unsere ca. 200 g Badezus\u00e4tze sind einfach genial.<\/p>\n<p>Jeder braucht mal etwas Verw\u00f6hnung. Verw\u00f6hnen Sie Ihr Bad mit diesen wunderbaren Floral Fizzes.<\/p>\n","protected":false},"excerpt":{"rendered":"<p>Der tropisch-exotische, nicht zu s\u00fc\u00dfe, aber sehr fruchtige Duft von Guava Floral Fizz ist einfach der Hammer. Nehmen Sie sich Zeit f\u00fcr ein Bad, schlie\u00dfen Sie f\u00fcr ein paar Minuten die Augen und entspannen Sie sich! Hergestellt aus den besten, sorgf\u00e4ltig ausgew\u00e4hlten Zutaten, hat jeder Floral Fizz seinen eigenen, einzigartigen Duft und seine eigene Farbe. [&hellip;]<\/p>\n","protected":false},"featured_media":293187,"comment_status":"closed","ping_status":"open","template":"","meta":{"_angie_page":false},"product_brand":[],"product_cat":[19448,20511,25841,26847,26561],"product_tag":[],"class_list":{"0":"post-238597","1":"product","2":"type-product","3":"status-publish","4":"has-post-thumbnail","6":"product_cat-bad-und-korper","7":"product_cat-badebomben-badekugeln","8":"product_cat-dufte-aromen","9":"product_cat-fruchtig","10":"product_cat-guave","11":"pa_collection-magnificent-floral-fizzes-de","12":"pa_made-in-vereinigtes-koenigreich","14":"first","15":"outofstock","16":"purchasable","17":"product-type-simple"},"supplier_id":null,"supplier_sku":"MFF-10","barcode":null,"atum_controlled":true,"out_stock_date":"2026-04-25 15:16:30","out_stock_threshold":null,"inheritable":false,"inbound_stock":0,"stock_on_hold":0,"sold_today":0,"sales_last_days":0,"reserved_stock":0,"customer_returns":0,"warehouse_damage":0,"lost_in_post":0,"other_logs":0,"out_stock_days":0,"lost_sales":0,"has_location":false,"update_date":"2026-04-27T07:12:26","atum_locations":[],"atum_stock_status":"outofstock","restock_status":false,"low_stock_amount":"","sales_update_date":"2026-01-30T01:25:30","calc_backorders":null,"_links":{"self":[{"href":"https:\/\/aromasentia.com\/de\/wp-json\/wp\/v2\/product\/238597","targetHints":{"allow":["GET"]}}],"collection":[{"href":"https:\/\/aromasentia.com\/de\/wp-json\/wp\/v2\/product"}],"about":[{"href":"https:\/\/aromasentia.com\/de\/wp-json\/wp\/v2\/types\/product"}],"replies":[{"embeddable":true,"href":"https:\/\/aromasentia.com\/de\/wp-json\/wp\/v2\/comments?post=238597"}],"version-history":[{"count":0,"href":"https:\/\/aromasentia.com\/de\/wp-json\/wp\/v2\/product\/238597\/revisions"}],"wp:featuredmedia":[{"embeddable":true,"href":"https:\/\/aromasentia.com\/de\/wp-json\/wp\/v2\/media\/293187"}],"wp:attachment":[{"href":"https:\/\/aromasentia.com\/de\/wp-json\/wp\/v2\/media?parent=238597"}],"wp:term":[{"taxonomy":"product_brand","embeddable":true,"href":"https:\/\/aromasentia.com\/de\/wp-json\/wp\/v2\/product_brand?post=238597"},{"taxonomy":"product_cat","embeddable":true,"href":"https:\/\/aromasentia.com\/de\/wp-json\/wp\/v2\/product_cat?post=238597"},{"taxonomy":"product_tag","embeddable":true,"href":"https:\/\/aromasentia.com\/de\/wp-json\/wp\/v2\/product_tag?post=238597"}],"curies":[{"name":"wp","href":"https:\/\/api.w.org\/{rel}","templated":true}]}}