{"id":238561,"date":"2025-03-20T17:34:46","date_gmt":"2025-03-20T17:34:46","guid":{"rendered":"https:\/\/aromasentia.com\/product\/massage-soaps-geranium-sandalwood\/"},"modified":"2025-12-30T20:29:28","modified_gmt":"2025-12-30T20:29:28","slug":"massageseifen-geranie-sandelholz","status":"publish","type":"product","link":"https:\/\/aromasentia.com\/de\/massageseifen-geranie-sandelholz\/","title":{"rendered":"Massageseifen &#8211; Geranie &#038; Sandelholz"},"content":{"rendered":"<h2>Entdecken Sie Luxus und Bequemlichkeit: Gro\u00dfhandel Geranien- und Sandelholz-Massageseifen <\/h2>\n<p>Wir pr\u00e4sentieren Ihnen unsere sorgf\u00e4ltig hergestellten Geranien- und Sandelholz-Massageseifen, die mit gr\u00f6\u00dfter Sorgfalt und unter Verwendung hochwertiger Inhaltsstoffe hergestellt werden und eine verw\u00f6hnende und luxuri\u00f6se Reinigung bieten. Durchdrungen vom bezaubernden Aroma der Geranie und der beruhigenden Essenz des Sandelholzes vermitteln sie Ihrer Haut ein Gef\u00fchl der Erfrischung, der Erneuerung und einen subtilen, anhaltenden Duft.<\/p>\n<p>Jede Seife wurde sorgf\u00e4ltig mit einer Massagefunktion entworfen, die Ihr Baderitual aufwertet. Die strukturierte Oberfl\u00e4che der Seife bietet einen sanften Peeling-Effekt, w\u00e4hrend ihre ergonomische Form m\u00fchelos in Ihrer Hand liegt und eine verj\u00fcngende Massage w\u00e4hrend jedes Bades oder jeder Dusche erm\u00f6glicht. Lassen Sie sich von der Kombination aus Massage und bet\u00f6rendem Duft in ein Reich der Gelassenheit und Ausgeglichenheit entf\u00fchren.<\/p>\n","protected":false},"excerpt":{"rendered":"<p>Entdecken Sie Luxus und Bequemlichkeit: Gro\u00dfhandel Geranien- und Sandelholz-Massageseifen Wir pr\u00e4sentieren Ihnen unsere sorgf\u00e4ltig hergestellten Geranien- und Sandelholz-Massageseifen, die mit gr\u00f6\u00dfter Sorgfalt und unter Verwendung hochwertiger Inhaltsstoffe hergestellt werden und eine verw\u00f6hnende und luxuri\u00f6se Reinigung bieten. Durchdrungen vom bezaubernden Aroma der Geranie und der beruhigenden Essenz des Sandelholzes vermitteln sie Ihrer Haut ein Gef\u00fchl der [&hellip;]<\/p>\n","protected":false},"featured_media":293541,"comment_status":"closed","ping_status":"open","template":"","meta":{"_angie_page":false},"product_brand":[],"product_cat":[19448,26833,25841,26896,20589,26387,26186],"product_tag":[],"class_list":{"0":"post-238561","1":"product","2":"type-product","3":"status-publish","4":"has-post-thumbnail","6":"product_cat-bad-und-korper","7":"product_cat-blumig","8":"product_cat-dufte-aromen","9":"product_cat-holzig","10":"product_cat-okologische-seifen","11":"product_cat-sandelholz","12":"product_cat-weihrauch","13":"pa_made-in-vereinigtes-koenigreich","15":"first","16":"instock","17":"purchasable","18":"product-type-simple"},"supplier_id":null,"supplier_sku":"MSP-06","barcode":null,"atum_controlled":true,"out_stock_date":null,"out_stock_threshold":null,"inheritable":false,"inbound_stock":null,"stock_on_hold":0,"sold_today":0,"sales_last_days":0,"reserved_stock":null,"customer_returns":null,"warehouse_damage":null,"lost_in_post":null,"other_logs":null,"out_stock_days":0,"lost_sales":0,"has_location":null,"update_date":"2026-04-27T07:14:23","atum_locations":[],"atum_stock_status":"instock","restock_status":false,"low_stock_amount":"","sales_update_date":"2026-02-06T00:02:19","calc_backorders":null,"_links":{"self":[{"href":"https:\/\/aromasentia.com\/de\/wp-json\/wp\/v2\/product\/238561","targetHints":{"allow":["GET"]}}],"collection":[{"href":"https:\/\/aromasentia.com\/de\/wp-json\/wp\/v2\/product"}],"about":[{"href":"https:\/\/aromasentia.com\/de\/wp-json\/wp\/v2\/types\/product"}],"replies":[{"embeddable":true,"href":"https:\/\/aromasentia.com\/de\/wp-json\/wp\/v2\/comments?post=238561"}],"version-history":[{"count":0,"href":"https:\/\/aromasentia.com\/de\/wp-json\/wp\/v2\/product\/238561\/revisions"}],"wp:featuredmedia":[{"embeddable":true,"href":"https:\/\/aromasentia.com\/de\/wp-json\/wp\/v2\/media\/293541"}],"wp:attachment":[{"href":"https:\/\/aromasentia.com\/de\/wp-json\/wp\/v2\/media?parent=238561"}],"wp:term":[{"taxonomy":"product_brand","embeddable":true,"href":"https:\/\/aromasentia.com\/de\/wp-json\/wp\/v2\/product_brand?post=238561"},{"taxonomy":"product_cat","embeddable":true,"href":"https:\/\/aromasentia.com\/de\/wp-json\/wp\/v2\/product_cat?post=238561"},{"taxonomy":"product_tag","embeddable":true,"href":"https:\/\/aromasentia.com\/de\/wp-json\/wp\/v2\/product_tag?post=238561"}],"curies":[{"name":"wp","href":"https:\/\/api.w.org\/{rel}","templated":true}]}}