{"id":238545,"date":"2025-03-20T17:34:46","date_gmt":"2025-03-20T17:34:46","guid":{"rendered":"https:\/\/aromasentia.com\/product\/pebble-shape-mahogany-soap-dish\/"},"modified":"2025-12-30T20:29:20","modified_gmt":"2025-12-30T20:29:20","slug":"klassische-seifenschale-aus-mahagoni-tropfenform","status":"publish","type":"product","link":"https:\/\/aromasentia.com\/de\/klassische-seifenschale-aus-mahagoni-tropfenform\/","title":{"rendered":"Klassische Seifenschale aus Mahagoni &#8211; Tropfenform"},"content":{"rendered":"<p>Wundersch\u00f6nes, modernes Design, hochwertig verarbeitet mit Abflussschlitzen und L\u00f6chern. Individuell mit Barcodes versehen und ein hervorragendes Preis-Leistungs-Verh\u00e4ltnis, insbesondere da die Mahagoni-Modelle handgefertigt sind.<\/p>\n","protected":false},"excerpt":{"rendered":"<p>Wundersch\u00f6nes, modernes Design, hochwertig verarbeitet mit Abflussschlitzen und L\u00f6chern. Individuell mit Barcodes versehen und ein hervorragendes Preis-Leistungs-Verh\u00e4ltnis, insbesondere da die Mahagoni-Modelle handgefertigt sind.<\/p>\n","protected":false},"featured_media":293409,"comment_status":"closed","ping_status":"open","template":"","meta":[],"product_brand":[],"product_cat":[19448,20589],"product_tag":[],"class_list":{"0":"post-238545","1":"product","2":"type-product","3":"status-publish","4":"has-post-thumbnail","6":"product_cat-bad-und-korper","7":"product_cat-okologische-seifen","8":"pa_collection-classic-mahogany-soap-dishes-de","9":"pa_made-in-indonesien","11":"first","12":"instock","13":"purchasable","14":"product-type-simple"},"supplier_id":null,"supplier_sku":"MSD-05","barcode":null,"atum_controlled":true,"out_stock_date":null,"out_stock_threshold":null,"inheritable":false,"inbound_stock":null,"stock_on_hold":0,"sold_today":0,"sales_last_days":0,"reserved_stock":null,"customer_returns":null,"warehouse_damage":null,"lost_in_post":null,"other_logs":null,"out_stock_days":0,"lost_sales":0,"has_location":null,"update_date":"2026-02-10T22:37:19","atum_locations":[],"atum_stock_status":"instock","restock_status":false,"low_stock_amount":"","sales_update_date":"2026-02-06T00:01:28","calc_backorders":null,"_links":{"self":[{"href":"https:\/\/aromasentia.com\/de\/wp-json\/wp\/v2\/product\/238545","targetHints":{"allow":["GET"]}}],"collection":[{"href":"https:\/\/aromasentia.com\/de\/wp-json\/wp\/v2\/product"}],"about":[{"href":"https:\/\/aromasentia.com\/de\/wp-json\/wp\/v2\/types\/product"}],"replies":[{"embeddable":true,"href":"https:\/\/aromasentia.com\/de\/wp-json\/wp\/v2\/comments?post=238545"}],"version-history":[{"count":0,"href":"https:\/\/aromasentia.com\/de\/wp-json\/wp\/v2\/product\/238545\/revisions"}],"wp:featuredmedia":[{"embeddable":true,"href":"https:\/\/aromasentia.com\/de\/wp-json\/wp\/v2\/media\/293409"}],"wp:attachment":[{"href":"https:\/\/aromasentia.com\/de\/wp-json\/wp\/v2\/media?parent=238545"}],"wp:term":[{"taxonomy":"product_brand","embeddable":true,"href":"https:\/\/aromasentia.com\/de\/wp-json\/wp\/v2\/product_brand?post=238545"},{"taxonomy":"product_cat","embeddable":true,"href":"https:\/\/aromasentia.com\/de\/wp-json\/wp\/v2\/product_cat?post=238545"},{"taxonomy":"product_tag","embeddable":true,"href":"https:\/\/aromasentia.com\/de\/wp-json\/wp\/v2\/product_tag?post=238545"}],"curies":[{"name":"wp","href":"https:\/\/api.w.org\/{rel}","templated":true}]}}