{"id":238541,"date":"2025-03-20T17:35:21","date_gmt":"2025-03-20T17:35:21","guid":{"rendered":"https:\/\/aromasentia.com\/product\/massage-soaps-spearmint-eucalyptus\/"},"modified":"2025-12-30T20:29:20","modified_gmt":"2025-12-30T20:29:20","slug":"massageseifen-gruene-minze-eukalyptus","status":"publish","type":"product","link":"https:\/\/aromasentia.com\/de\/massageseifen-gruene-minze-eukalyptus\/","title":{"rendered":"Massageseifen &#8211; Gr\u00fcne Minze &#038; Eukalyptus"},"content":{"rendered":"<h2>Beleben Sie Ihr Baderitual mit unseren Gro\u00dfhandels-Spearmint &amp; Eukalyptus-Massage-Seifen<\/h2>\n<p>Unsere Gro\u00dfhandels-Spearmint &amp; Eukalyptus-Massage-Seifen sind speziell f\u00fcr Gro\u00dfhandelsbestellungen konzipiert, wodurch sie eine bequeme Wahl f\u00fcr Spas, Wellness-Zentren, Hotels und Geschenkel\u00e4den sind. Diese Seifen bieten ein unverwechselbares und anregendes Badeerlebnis und erm\u00f6glichen es Unternehmen, die Selbstpflegerituale ihrer Kunden zu verbessern.<\/p>\n<p>Verbessern Sie die Selbstpflegeroutine Ihrer Kunden mit unseren Gro\u00dfhandels-Spearmint &#038;; Eucalyptus Massage Seifen. Egal, ob Sie ein Spa-\u00e4hnliches Ambiente schaffen oder eine belebende Geschenkoption anbieten m\u00f6chten, diese vielseitigen und nachsichtigen Seifen bieten einen erfrischenden Ausbruch von Frische und Verj\u00fcngung, um jedes Bad oder jede Dusche aufzuwerten.<\/p>\n","protected":false},"excerpt":{"rendered":"<p>Beleben Sie Ihr Baderitual mit unseren Gro\u00dfhandels-Spearmint &amp; Eukalyptus-Massage-Seifen Unsere Gro\u00dfhandels-Spearmint &amp; Eukalyptus-Massage-Seifen sind speziell f\u00fcr Gro\u00dfhandelsbestellungen konzipiert, wodurch sie eine bequeme Wahl f\u00fcr Spas, Wellness-Zentren, Hotels und Geschenkel\u00e4den sind. Diese Seifen bieten ein unverwechselbares und anregendes Badeerlebnis und erm\u00f6glichen es Unternehmen, die Selbstpflegerituale ihrer Kunden zu verbessern. Verbessern Sie die Selbstpflegeroutine Ihrer Kunden mit [&hellip;]<\/p>\n","protected":false},"featured_media":293666,"comment_status":"closed","ping_status":"open","template":"","meta":[],"product_brand":[],"product_cat":[19448,25841,26177,26392,26868,26875,20589],"product_tag":[],"class_list":{"0":"post-238541","1":"product","2":"type-product","3":"status-publish","4":"has-post-thumbnail","6":"product_cat-bad-und-korper","7":"product_cat-dufte-aromen","8":"product_cat-eukalyptus","9":"product_cat-grune-minze-spearmint","10":"product_cat-medizinisch-kampferartig","11":"product_cat-minzig","12":"product_cat-okologische-seifen","13":"pa_made-in-vereinigtes-koenigreich","15":"first","16":"instock","17":"purchasable","18":"product-type-simple"},"supplier_id":null,"supplier_sku":"MSP-01","barcode":null,"atum_controlled":true,"out_stock_date":null,"out_stock_threshold":null,"inheritable":false,"inbound_stock":null,"stock_on_hold":0,"sold_today":0,"sales_last_days":0,"reserved_stock":null,"customer_returns":null,"warehouse_damage":null,"lost_in_post":null,"other_logs":null,"out_stock_days":0,"lost_sales":0,"has_location":null,"update_date":"2026-02-04T10:27:48","atum_locations":[],"atum_stock_status":"instock","restock_status":false,"low_stock_amount":"","sales_update_date":"2025-09-05T00:20:12","calc_backorders":null,"_links":{"self":[{"href":"https:\/\/aromasentia.com\/de\/wp-json\/wp\/v2\/product\/238541","targetHints":{"allow":["GET"]}}],"collection":[{"href":"https:\/\/aromasentia.com\/de\/wp-json\/wp\/v2\/product"}],"about":[{"href":"https:\/\/aromasentia.com\/de\/wp-json\/wp\/v2\/types\/product"}],"replies":[{"embeddable":true,"href":"https:\/\/aromasentia.com\/de\/wp-json\/wp\/v2\/comments?post=238541"}],"version-history":[{"count":0,"href":"https:\/\/aromasentia.com\/de\/wp-json\/wp\/v2\/product\/238541\/revisions"}],"wp:featuredmedia":[{"embeddable":true,"href":"https:\/\/aromasentia.com\/de\/wp-json\/wp\/v2\/media\/293666"}],"wp:attachment":[{"href":"https:\/\/aromasentia.com\/de\/wp-json\/wp\/v2\/media?parent=238541"}],"wp:term":[{"taxonomy":"product_brand","embeddable":true,"href":"https:\/\/aromasentia.com\/de\/wp-json\/wp\/v2\/product_brand?post=238541"},{"taxonomy":"product_cat","embeddable":true,"href":"https:\/\/aromasentia.com\/de\/wp-json\/wp\/v2\/product_cat?post=238541"},{"taxonomy":"product_tag","embeddable":true,"href":"https:\/\/aromasentia.com\/de\/wp-json\/wp\/v2\/product_tag?post=238541"}],"curies":[{"name":"wp","href":"https:\/\/api.w.org\/{rel}","templated":true}]}}