{"id":238537,"date":"2025-03-20T17:35:21","date_gmt":"2025-03-20T17:35:21","guid":{"rendered":"https:\/\/aromasentia.com\/product\/massage-soaps-tea-tree-aloe-vera\/"},"modified":"2025-12-30T20:29:20","modified_gmt":"2025-12-30T20:29:20","slug":"massageseifen-teebaum-aloe-vera","status":"publish","type":"product","link":"https:\/\/aromasentia.com\/de\/massageseifen-teebaum-aloe-vera\/","title":{"rendered":"Massageseifen &#8211; Teebaum &#038; Aloe Vera"},"content":{"rendered":"<h2>Erleben Sie Verj\u00fcngung: Wholesale Tea Tree &amp; Aloe Vera Massage Seifen <\/h2>\n<p>Wir stellen Ihnen unsere sorgf\u00e4ltig hergestellten Wholesale Tea Tree &amp; Aloe Vera Massage Seifen vor, die mit erstklassigen Inhaltsstoffen formuliert wurden, um ein aufwendiges und verw\u00f6hnendes Reinigungserlebnis zu bieten. Angereichert mit dem belebenden Duft von Teeb\u00e4umen und der n\u00e4hrenden Essenz von Aloe Vera, hinterlassen diese Seifen ein erfrischtes, revitalisiertes und zart duftendes Hautgef\u00fchl.<\/p>\n<p>Mit einem durchdachten Design, das eine Massagefunktion beinhaltet, werten diese Seifen Ihr Baderitual auf. Die strukturierte Oberfl\u00e4che der Seife sorgt f\u00fcr ein sanftes Peeling, w\u00e4hrend die ergonomische Form perfekt in der Hand liegt und ein belebendes Massageerlebnis bei jedem Bad oder jeder Dusche erm\u00f6glicht. Erlauben Sie der harmonischen Kombination aus Massage und Duft, Ihre Sinne zu wecken und Sie zu verj\u00fcngen.<\/p>\n","protected":false},"excerpt":{"rendered":"<p>Erleben Sie Verj\u00fcngung: Wholesale Tea Tree &amp; Aloe Vera Massage Seifen Wir stellen Ihnen unsere sorgf\u00e4ltig hergestellten Wholesale Tea Tree &amp; Aloe Vera Massage Seifen vor, die mit erstklassigen Inhaltsstoffen formuliert wurden, um ein aufwendiges und verw\u00f6hnendes Reinigungserlebnis zu bieten. Angereichert mit dem belebenden Duft von Teeb\u00e4umen und der n\u00e4hrenden Essenz von Aloe Vera, hinterlassen [&hellip;]<\/p>\n","protected":false},"featured_media":293641,"comment_status":"closed","ping_status":"open","template":"","meta":[],"product_brand":[],"product_cat":[26579,19448,25841,26840,26868,20589,26408],"product_tag":[],"class_list":{"0":"post-238537","1":"product","2":"type-product","3":"status-publish","4":"has-post-thumbnail","6":"product_cat-aloe-vera","7":"product_cat-bad-und-korper","8":"product_cat-dufte-aromen","9":"product_cat-frisch-sauber","10":"product_cat-medizinisch-kampferartig","11":"product_cat-okologische-seifen","12":"product_cat-teebaum","13":"pa_made-in-vereinigtes-koenigreich","15":"first","16":"instock","17":"purchasable","18":"product-type-simple"},"supplier_id":null,"supplier_sku":"MSP-02","barcode":null,"atum_controlled":true,"out_stock_date":null,"out_stock_threshold":null,"inheritable":false,"inbound_stock":null,"stock_on_hold":0,"sold_today":0,"sales_last_days":0,"reserved_stock":null,"customer_returns":null,"warehouse_damage":null,"lost_in_post":null,"other_logs":null,"out_stock_days":0,"lost_sales":0,"has_location":null,"update_date":"2026-02-06T08:24:59","atum_locations":[],"atum_stock_status":"instock","restock_status":false,"low_stock_amount":"","sales_update_date":"2025-09-05T00:20:11","calc_backorders":null,"_links":{"self":[{"href":"https:\/\/aromasentia.com\/de\/wp-json\/wp\/v2\/product\/238537","targetHints":{"allow":["GET"]}}],"collection":[{"href":"https:\/\/aromasentia.com\/de\/wp-json\/wp\/v2\/product"}],"about":[{"href":"https:\/\/aromasentia.com\/de\/wp-json\/wp\/v2\/types\/product"}],"replies":[{"embeddable":true,"href":"https:\/\/aromasentia.com\/de\/wp-json\/wp\/v2\/comments?post=238537"}],"version-history":[{"count":0,"href":"https:\/\/aromasentia.com\/de\/wp-json\/wp\/v2\/product\/238537\/revisions"}],"wp:featuredmedia":[{"embeddable":true,"href":"https:\/\/aromasentia.com\/de\/wp-json\/wp\/v2\/media\/293641"}],"wp:attachment":[{"href":"https:\/\/aromasentia.com\/de\/wp-json\/wp\/v2\/media?parent=238537"}],"wp:term":[{"taxonomy":"product_brand","embeddable":true,"href":"https:\/\/aromasentia.com\/de\/wp-json\/wp\/v2\/product_brand?post=238537"},{"taxonomy":"product_cat","embeddable":true,"href":"https:\/\/aromasentia.com\/de\/wp-json\/wp\/v2\/product_cat?post=238537"},{"taxonomy":"product_tag","embeddable":true,"href":"https:\/\/aromasentia.com\/de\/wp-json\/wp\/v2\/product_tag?post=238537"}],"curies":[{"name":"wp","href":"https:\/\/api.w.org\/{rel}","templated":true}]}}