{"id":238533,"date":"2025-03-20T17:35:21","date_gmt":"2025-03-20T17:35:21","guid":{"rendered":"https:\/\/aromasentia.com\/product\/massage-soaps-jasmine-patchouli\/"},"modified":"2025-12-30T20:29:20","modified_gmt":"2025-12-30T20:29:20","slug":"massageseifen-jasmin-patschuli","status":"publish","type":"product","link":"https:\/\/aromasentia.com\/de\/massageseifen-jasmin-patschuli\/","title":{"rendered":"Massageseifen &#8211; Jasmin &#038; Patschuli"},"content":{"rendered":"<h2>Erh\u00f6hen Sie Ihr Angebot: Wholesale Massage Soaps &#8211; Jasmine &amp; Patchouli <\/h2>\n<p style=\"text-align: justify;\">Pr\u00e4sentieren Sie unsere sorgf\u00e4ltig hergestellten Wholesale Jasmine &amp; Patchouli Massage Soaps, die mit hochwertigen Inhaltsstoffen formuliert wurden, um ein n\u00e4hrendes und verw\u00f6hnendes Reinigungserlebnis zu bieten. Mit dem bet\u00f6renden Duft von Jasmin und den tiefen, erdigen T\u00f6nen von Patchouli hinterlassen diese Seifen ein erfrischtes, revitalisiertes und zart duftendes Gef\u00fchl auf Ihrer Haut.<\/p>\n<p style=\"text-align: justify;\">Mit einem durchdachten Design, das eine Massagefunktion beinhaltet, werten diese Seifen Ihr Baderitual auf. Die strukturierte Oberfl\u00e4che der Seife sorgt f\u00fcr ein sanftes Peeling, w\u00e4hrend die ergonomische Form perfekt in Ihrer Hand liegt und ein verj\u00fcngendes Massageerlebnis bei jedem Bad oder jeder Dusche erm\u00f6glicht. Erlauben Sie der harmonischen Mischung aus Massage und Duft, Sie in einen Zustand der Ruhe und Gelassenheit zu versetzen.<\/p>\n","protected":false},"excerpt":{"rendered":"<p>Erh\u00f6hen Sie Ihr Angebot: Wholesale Massage Soaps &#8211; Jasmine &amp; Patchouli Pr\u00e4sentieren Sie unsere sorgf\u00e4ltig hergestellten Wholesale Jasmine &amp; Patchouli Massage Soaps, die mit hochwertigen Inhaltsstoffen formuliert wurden, um ein n\u00e4hrendes und verw\u00f6hnendes Reinigungserlebnis zu bieten. Mit dem bet\u00f6renden Duft von Jasmin und den tiefen, erdigen T\u00f6nen von Patchouli hinterlassen diese Seifen ein erfrischtes, revitalisiertes [&hellip;]<\/p>\n","protected":false},"featured_media":293616,"comment_status":"closed","ping_status":"open","template":"","meta":[],"product_brand":[],"product_cat":[19448,26833,25841,26826,26224,20589,26331],"product_tag":[],"class_list":{"0":"post-238533","1":"product","2":"type-product","3":"status-publish","4":"has-post-thumbnail","6":"product_cat-bad-und-korper","7":"product_cat-blumig","8":"product_cat-dufte-aromen","9":"product_cat-erdig-grun","10":"product_cat-jasmin","11":"product_cat-okologische-seifen","12":"product_cat-patschuli","13":"pa_made-in-vereinigtes-koenigreich","15":"first","16":"instock","17":"purchasable","18":"product-type-simple"},"supplier_id":null,"supplier_sku":"MSP-03","barcode":null,"atum_controlled":true,"out_stock_date":null,"out_stock_threshold":null,"inheritable":false,"inbound_stock":null,"stock_on_hold":0,"sold_today":0,"sales_last_days":0,"reserved_stock":null,"customer_returns":null,"warehouse_damage":null,"lost_in_post":null,"other_logs":null,"out_stock_days":0,"lost_sales":0,"has_location":null,"update_date":"2026-02-04T10:28:50","atum_locations":[],"atum_stock_status":"instock","restock_status":false,"low_stock_amount":"","sales_update_date":"2025-09-05T00:20:11","calc_backorders":null,"_links":{"self":[{"href":"https:\/\/aromasentia.com\/de\/wp-json\/wp\/v2\/product\/238533","targetHints":{"allow":["GET"]}}],"collection":[{"href":"https:\/\/aromasentia.com\/de\/wp-json\/wp\/v2\/product"}],"about":[{"href":"https:\/\/aromasentia.com\/de\/wp-json\/wp\/v2\/types\/product"}],"replies":[{"embeddable":true,"href":"https:\/\/aromasentia.com\/de\/wp-json\/wp\/v2\/comments?post=238533"}],"version-history":[{"count":0,"href":"https:\/\/aromasentia.com\/de\/wp-json\/wp\/v2\/product\/238533\/revisions"}],"wp:featuredmedia":[{"embeddable":true,"href":"https:\/\/aromasentia.com\/de\/wp-json\/wp\/v2\/media\/293616"}],"wp:attachment":[{"href":"https:\/\/aromasentia.com\/de\/wp-json\/wp\/v2\/media?parent=238533"}],"wp:term":[{"taxonomy":"product_brand","embeddable":true,"href":"https:\/\/aromasentia.com\/de\/wp-json\/wp\/v2\/product_brand?post=238533"},{"taxonomy":"product_cat","embeddable":true,"href":"https:\/\/aromasentia.com\/de\/wp-json\/wp\/v2\/product_cat?post=238533"},{"taxonomy":"product_tag","embeddable":true,"href":"https:\/\/aromasentia.com\/de\/wp-json\/wp\/v2\/product_tag?post=238533"}],"curies":[{"name":"wp","href":"https:\/\/api.w.org\/{rel}","templated":true}]}}