{"id":238525,"date":"2025-03-20T17:35:21","date_gmt":"2025-03-20T17:35:21","guid":{"rendered":"https:\/\/aromasentia.com\/product\/massage-soaps-lavender-lilac\/"},"modified":"2025-12-30T20:29:20","modified_gmt":"2025-12-30T20:29:20","slug":"massageseifen-lavendel-flieder","status":"publish","type":"product","link":"https:\/\/aromasentia.com\/de\/massageseifen-lavendel-flieder\/","title":{"rendered":"Massageseifen &#8211; Lavendel &#038; Flieder"},"content":{"rendered":"<h2>Entdecke die Ruhe: Gro\u00dfhandels-Massageseifen &#8211; Lavendel &#038; Flieder <\/h2>\n<p>Wir stellen Ihnen unsere Gro\u00dfhandels-Massageseifen mit Lavendel &#038; Flieder vor, die sorgf\u00e4ltig aus hochwertigen Inhaltsstoffen hergestellt werden, um ein \u00fcppiges und belebendes Reinigungserlebnis zu bieten. Angereichert mit dem beruhigenden Aroma von Lavendel und den zarten blumigen Noten von Flieder, hinterlassen diese Seifen auf Ihrer Haut ein Gef\u00fchl der Erneuerung, der Revitalisierung und des subtilen Dufts.<\/p>\n<p>Durch die Integration einer Massagefunktion werten diese Seifen Ihre Baderoutine auf. Die strukturierte Oberfl\u00e4che der Seife sorgt f\u00fcr ein sanftes Peeling, w\u00e4hrend sich die ergonomische Form nahtlos in die Hand schmiegt und bei jedem Bad oder jeder Dusche ein angenehmes Massageerlebnis bietet. Erlauben Sie der harmonischen Mischung aus Massage und Duft, Sie in einen Zustand der Ruhe und Gelassenheit zu versetzen.<\/p>\n","protected":false},"excerpt":{"rendered":"<p>Entdecke die Ruhe: Gro\u00dfhandels-Massageseifen &#8211; Lavendel &#038; Flieder Wir stellen Ihnen unsere Gro\u00dfhandels-Massageseifen mit Lavendel &#038; Flieder vor, die sorgf\u00e4ltig aus hochwertigen Inhaltsstoffen hergestellt werden, um ein \u00fcppiges und belebendes Reinigungserlebnis zu bieten. Angereichert mit dem beruhigenden Aroma von Lavendel und den zarten blumigen Noten von Flieder, hinterlassen diese Seifen auf Ihrer Haut ein Gef\u00fchl [&hellip;]<\/p>\n","protected":false},"featured_media":293558,"comment_status":"closed","ping_status":"open","template":"","meta":[],"product_brand":[],"product_cat":[19448,26833,25841,26234,20589],"product_tag":[],"class_list":{"0":"post-238525","1":"product","2":"type-product","3":"status-publish","4":"has-post-thumbnail","6":"product_cat-bad-und-korper","7":"product_cat-blumig","8":"product_cat-dufte-aromen","9":"product_cat-lavendel","10":"product_cat-okologische-seifen","11":"pa_made-in-vereinigtes-koenigreich","13":"first","14":"instock","15":"purchasable","16":"product-type-simple"},"supplier_id":null,"supplier_sku":"MSP-05","barcode":null,"atum_controlled":true,"out_stock_date":null,"out_stock_threshold":null,"inheritable":false,"inbound_stock":null,"stock_on_hold":0,"sold_today":0,"sales_last_days":0,"reserved_stock":null,"customer_returns":null,"warehouse_damage":null,"lost_in_post":null,"other_logs":null,"out_stock_days":0,"lost_sales":0,"has_location":null,"update_date":"2026-01-30T01:24:28","atum_locations":[],"atum_stock_status":"instock","restock_status":false,"low_stock_amount":"","sales_update_date":"2026-01-30T01:24:28","calc_backorders":null,"_links":{"self":[{"href":"https:\/\/aromasentia.com\/de\/wp-json\/wp\/v2\/product\/238525","targetHints":{"allow":["GET"]}}],"collection":[{"href":"https:\/\/aromasentia.com\/de\/wp-json\/wp\/v2\/product"}],"about":[{"href":"https:\/\/aromasentia.com\/de\/wp-json\/wp\/v2\/types\/product"}],"replies":[{"embeddable":true,"href":"https:\/\/aromasentia.com\/de\/wp-json\/wp\/v2\/comments?post=238525"}],"version-history":[{"count":0,"href":"https:\/\/aromasentia.com\/de\/wp-json\/wp\/v2\/product\/238525\/revisions"}],"wp:featuredmedia":[{"embeddable":true,"href":"https:\/\/aromasentia.com\/de\/wp-json\/wp\/v2\/media\/293558"}],"wp:attachment":[{"href":"https:\/\/aromasentia.com\/de\/wp-json\/wp\/v2\/media?parent=238525"}],"wp:term":[{"taxonomy":"product_brand","embeddable":true,"href":"https:\/\/aromasentia.com\/de\/wp-json\/wp\/v2\/product_brand?post=238525"},{"taxonomy":"product_cat","embeddable":true,"href":"https:\/\/aromasentia.com\/de\/wp-json\/wp\/v2\/product_cat?post=238525"},{"taxonomy":"product_tag","embeddable":true,"href":"https:\/\/aromasentia.com\/de\/wp-json\/wp\/v2\/product_tag?post=238525"}],"curies":[{"name":"wp","href":"https:\/\/api.w.org\/{rel}","templated":true}]}}