{"id":238509,"date":"2025-03-20T17:35:54","date_gmt":"2025-03-20T17:35:54","guid":{"rendered":"https:\/\/aromasentia.com\/product\/boxed-single-massage-soaps-lavender-lilac\/"},"modified":"2025-12-30T20:29:13","modified_gmt":"2025-12-30T20:29:13","slug":"verpackte-einzelmassageseifen-lavendel-flieder","status":"publish","type":"product","link":"https:\/\/aromasentia.com\/de\/verpackte-einzelmassageseifen-lavendel-flieder\/","title":{"rendered":"Verpackte Einzelmassageseifen &#8211; Lavendel &#038; Flieder"},"content":{"rendered":"<h2>Verw\u00f6hnen Sie sich in Luxus: Gro\u00dfhandel Massage Seifen &#8211; Lavendel &amp; Flieder <\/h2>\n<p>Einf\u00fchrung unserer Gro\u00dfhandel Boxed Single Massage Seifen &#8211; Lavendel &amp; Flieder, die perfekte Erg\u00e4nzung f\u00fcr Gro\u00dfhandel Eink\u00e4ufe. Jede Seife ist exquisit in Einzelschachteln verpackt, die eine m\u00fchelose Pr\u00e4sentation f\u00fcr Ihre anspruchsvollen Kunden erm\u00f6glichen. Sie sind eine au\u00dfergew\u00f6hnliche Wahl f\u00fcr Spas, Wellness-Zentren, Hotels und Geschenkl\u00e4den, die ein unverwechselbares und verw\u00f6hnendes Badeerlebnis bieten wollen.<\/p>\n<p>Ob Sie ein ruhiges Spa-Ambiente schaffen oder eine durchdachte Geschenkoption suchen, diese Massageseifen sind eine vielseitige und opulente Wahl, die Entspannung und Ruhe in jedes Bad oder jede Dusche bringt.<\/p>\n<p><strong>Verbessern Sie die Selbstpflegerituale Ihrer Kunden mit den Gro\u00dfhandels-Boxen mit einzelnen Massageseifen &#8211; Lavendel &#038; Flieder.<\/strong><\/p>\n","protected":false},"excerpt":{"rendered":"<p>Verw\u00f6hnen Sie sich in Luxus: Gro\u00dfhandel Massage Seifen &#8211; Lavendel &amp; Flieder Einf\u00fchrung unserer Gro\u00dfhandel Boxed Single Massage Seifen &#8211; Lavendel &amp; Flieder, die perfekte Erg\u00e4nzung f\u00fcr Gro\u00dfhandel Eink\u00e4ufe. Jede Seife ist exquisit in Einzelschachteln verpackt, die eine m\u00fchelose Pr\u00e4sentation f\u00fcr Ihre anspruchsvollen Kunden erm\u00f6glichen. Sie sind eine au\u00dfergew\u00f6hnliche Wahl f\u00fcr Spas, Wellness-Zentren, Hotels und [&hellip;]<\/p>\n","protected":false},"featured_media":293724,"comment_status":"closed","ping_status":"open","template":"","meta":[],"product_brand":[],"product_cat":[19448,26833,25841,26234,20589],"product_tag":[],"class_list":{"0":"post-238509","1":"product","2":"type-product","3":"status-publish","4":"has-post-thumbnail","6":"product_cat-bad-und-korper","7":"product_cat-blumig","8":"product_cat-dufte-aromen","9":"product_cat-lavendel","10":"product_cat-okologische-seifen","11":"pa_collection-boxed-single-massage-soaps-de","12":"pa_made-in-vereinigtes-koenigreich","14":"first","15":"instock","16":"purchasable","17":"product-type-simple"},"supplier_id":null,"supplier_sku":"MSPS-05","barcode":null,"atum_controlled":true,"out_stock_date":null,"out_stock_threshold":null,"inheritable":false,"inbound_stock":null,"stock_on_hold":0,"sold_today":0,"sales_last_days":0,"reserved_stock":null,"customer_returns":null,"warehouse_damage":null,"lost_in_post":null,"other_logs":null,"out_stock_days":0,"lost_sales":0,"has_location":null,"update_date":"2026-02-10T03:20:59","atum_locations":[],"atum_stock_status":"instock","restock_status":false,"low_stock_amount":"","sales_update_date":"2025-09-05T00:20:12","calc_backorders":null,"_links":{"self":[{"href":"https:\/\/aromasentia.com\/de\/wp-json\/wp\/v2\/product\/238509","targetHints":{"allow":["GET"]}}],"collection":[{"href":"https:\/\/aromasentia.com\/de\/wp-json\/wp\/v2\/product"}],"about":[{"href":"https:\/\/aromasentia.com\/de\/wp-json\/wp\/v2\/types\/product"}],"replies":[{"embeddable":true,"href":"https:\/\/aromasentia.com\/de\/wp-json\/wp\/v2\/comments?post=238509"}],"version-history":[{"count":0,"href":"https:\/\/aromasentia.com\/de\/wp-json\/wp\/v2\/product\/238509\/revisions"}],"wp:featuredmedia":[{"embeddable":true,"href":"https:\/\/aromasentia.com\/de\/wp-json\/wp\/v2\/media\/293724"}],"wp:attachment":[{"href":"https:\/\/aromasentia.com\/de\/wp-json\/wp\/v2\/media?parent=238509"}],"wp:term":[{"taxonomy":"product_brand","embeddable":true,"href":"https:\/\/aromasentia.com\/de\/wp-json\/wp\/v2\/product_brand?post=238509"},{"taxonomy":"product_cat","embeddable":true,"href":"https:\/\/aromasentia.com\/de\/wp-json\/wp\/v2\/product_cat?post=238509"},{"taxonomy":"product_tag","embeddable":true,"href":"https:\/\/aromasentia.com\/de\/wp-json\/wp\/v2\/product_tag?post=238509"}],"curies":[{"name":"wp","href":"https:\/\/api.w.org\/{rel}","templated":true}]}}