{"id":238393,"date":"2025-03-20T17:37:28","date_gmt":"2025-03-20T17:37:28","guid":{"rendered":"https:\/\/aromasentia.com\/product\/natural-coconut-soap-dispencer-150ml\/"},"modified":"2025-12-30T20:28:51","modified_gmt":"2025-12-30T20:28:51","slug":"natuerlicher-kokosseifenspender-300-ml","status":"publish","type":"product","link":"https:\/\/aromasentia.com\/de\/natuerlicher-kokosseifenspender-300-ml\/","title":{"rendered":"Nat\u00fcrlicher Kokosseifenspender &#8211; 300 ml"},"content":{"rendered":"<p>Bringen Sie das nat\u00fcrliche Gef\u00fchl zu Ihrem Kunden nach Hause mit diesem sch\u00f6nen <strong>Kokosnuss Seifenspender.<\/strong> Sie sind aus Kokosnuss-Schale, die f\u00fcr eine lange Zeit dauern wird, auch wenn sie feuchten Bedingungen, wie Badezimmer ausgesetzt. Dieser Seifenspender hat eine robuste Pumpe. Sie sind aus einer Kokosnuss-Schale, nat\u00fcrliche Weide Seil gemacht. Dieser wiederverwendbare Seifenspender hat ein Fassungsverm\u00f6gen von 150 ml. Die Pumpe und die Flasche im Inneren, die fl\u00fcssige Seifen enthalten, sind aus Kunststoff.<\/p>\n<p>Hergestellt im Herzen der Java-D\u00f6rfer, <strong>&nbsp;Gro\u00dfhandel Kokosnuss Seifenspender<\/strong> wird ein sch\u00f6nes Geschenk f\u00fcr alle, die umweltfreundliche, nat\u00fcrliche (und handgemachte) Produkt liebt. Vielleicht gef\u00e4llt Ihnen auch <a class=\"fr-green\" href=\"https:\/\/aromasentia.com\/wholesale-coconut-leaf-fruit-bowl-set\"><strong>Kokosnussblatt-Schalen-Sets.<\/strong><\/a><\/p>\n<p>Da diese Produkte handgefertigt sind, haben sie unterschiedliche Muster oder Farben. &nbsp;<\/p>\n<p>Umweltfreundlich &#8211; Vegan &#8211; Ein tolles Umweltgeschenk &#8211;&nbsp;<\/p>\n<p><strong>Bestellen Sie jetzt und versorgen Sie Ihre Kunden mit einer besseren Klasse von Seifenspendern.<\/strong><\/p>\n","protected":false},"excerpt":{"rendered":"<p>Bringen Sie das nat\u00fcrliche Gef\u00fchl zu Ihrem Kunden nach Hause mit diesem sch\u00f6nen Kokosnuss Seifenspender. Sie sind aus Kokosnuss-Schale, die f\u00fcr eine lange Zeit dauern wird, auch wenn sie feuchten Bedingungen, wie Badezimmer ausgesetzt. Dieser Seifenspender hat eine robuste Pumpe. Sie sind aus einer Kokosnuss-Schale, nat\u00fcrliche Weide Seil gemacht. Dieser wiederverwendbare Seifenspender hat ein Fassungsverm\u00f6gen [&hellip;]<\/p>\n","protected":false},"featured_media":294331,"comment_status":"closed","ping_status":"open","template":"","meta":{"_angie_page":false},"product_brand":[],"product_cat":[19448,20537],"product_tag":[],"class_list":{"0":"post-238393","1":"product","2":"type-product","3":"status-publish","4":"has-post-thumbnail","6":"product_cat-bad-und-korper","7":"product_cat-seifenschalen-und-seifenspender","8":"pa_collection-natural-teakwood-soap-dispensers-de","9":"pa_made-in-indonesien","10":"pa_size-150ml","12":"first","13":"instock","14":"purchasable","15":"product-type-simple"},"supplier_id":null,"supplier_sku":"NSD-01","barcode":null,"atum_controlled":true,"out_stock_date":null,"out_stock_threshold":null,"inheritable":false,"inbound_stock":null,"stock_on_hold":0,"sold_today":0,"sales_last_days":0,"reserved_stock":null,"customer_returns":null,"warehouse_damage":null,"lost_in_post":null,"other_logs":null,"out_stock_days":0,"lost_sales":0,"has_location":null,"update_date":"2026-05-11T01:56:48","atum_locations":[],"atum_stock_status":"instock","restock_status":false,"low_stock_amount":"","sales_update_date":"2026-01-30T01:25:37","calc_backorders":null,"_links":{"self":[{"href":"https:\/\/aromasentia.com\/de\/wp-json\/wp\/v2\/product\/238393","targetHints":{"allow":["GET"]}}],"collection":[{"href":"https:\/\/aromasentia.com\/de\/wp-json\/wp\/v2\/product"}],"about":[{"href":"https:\/\/aromasentia.com\/de\/wp-json\/wp\/v2\/types\/product"}],"replies":[{"embeddable":true,"href":"https:\/\/aromasentia.com\/de\/wp-json\/wp\/v2\/comments?post=238393"}],"version-history":[{"count":0,"href":"https:\/\/aromasentia.com\/de\/wp-json\/wp\/v2\/product\/238393\/revisions"}],"wp:featuredmedia":[{"embeddable":true,"href":"https:\/\/aromasentia.com\/de\/wp-json\/wp\/v2\/media\/294331"}],"wp:attachment":[{"href":"https:\/\/aromasentia.com\/de\/wp-json\/wp\/v2\/media?parent=238393"}],"wp:term":[{"taxonomy":"product_brand","embeddable":true,"href":"https:\/\/aromasentia.com\/de\/wp-json\/wp\/v2\/product_brand?post=238393"},{"taxonomy":"product_cat","embeddable":true,"href":"https:\/\/aromasentia.com\/de\/wp-json\/wp\/v2\/product_cat?post=238393"},{"taxonomy":"product_tag","embeddable":true,"href":"https:\/\/aromasentia.com\/de\/wp-json\/wp\/v2\/product_tag?post=238393"}],"curies":[{"name":"wp","href":"https:\/\/api.w.org\/{rel}","templated":true}]}}