{"id":238341,"date":"2025-03-20T17:38:40","date_gmt":"2025-03-20T17:38:40","guid":{"rendered":"https:\/\/aromasentia.com\/product\/organic-hair-serum-30ml-carrot-seed\/"},"modified":"2025-12-30T20:28:44","modified_gmt":"2025-12-30T20:28:44","slug":"bio-haarserum-30-ml-karottensamen","status":"publish","type":"product","link":"https:\/\/aromasentia.com\/de\/bio-haarserum-30-ml-karottensamen\/","title":{"rendered":"Bio-Haarserum 30 ml &#8211; Karottensamen"},"content":{"rendered":"<p><span style=\"color: rgb(75, 80, 88);\"><strong>Entdecken Sie die neueste Produktpalette \u2013 Bio-Haarseren<\/strong>, verkauft in bernsteinfarbenen 30-ml-Flaschen. Diese sind eine goldene Eintrittskarte f\u00fcr <strong>Sch\u00f6nheitssalons, Salons und Wellnesscenter<\/strong>, die ihre Kunden mit wirklich transformativen Produkten begeistern m\u00f6chten.<\/span><\/p>\n<p><span style=\"color: rgb(75, 80, 88);\"><strong>Sch\u00fctzen und n\u00e4hren<\/strong><\/span><\/p>\n<p><span style=\"color: rgb(75, 80, 88);\">Bio-Haarserum aus Karottensamen ist der Schutzschild des Haares gegen Umweltstressoren. \u00c4therisches Karottensamen\u00f6l, <strong>reich an Antioxidantien und Vitaminen, bietet eine Schutzschicht und bewahrt Ihr Haar vor UV-Strahlen und Verschmutzung<\/strong>. In Kombination mit den regenerierenden Eigenschaften von Argan- und Rizinus\u00f6l <strong>liefert dieses Serum eine t\u00e4gliche Dosis an N\u00e4hrstoffen und Widerstandskraft<\/strong> und h\u00e4lt das Haar lebendig und gut mit Feuchtigkeit versorgt.<\/span><\/p>\n<p><span style=\"color: rgb(75, 80, 88);\"><strong>Geeignet f\u00fcr alle Haartypen: Perfekt f\u00fcr feines, lockiges, glattes oder krauses Haar.<\/strong><\/span><\/p>\n","protected":false},"excerpt":{"rendered":"<p>Entdecken Sie die neueste Produktpalette \u2013 Bio-Haarseren, verkauft in bernsteinfarbenen 30-ml-Flaschen. Diese sind eine goldene Eintrittskarte f\u00fcr Sch\u00f6nheitssalons, Salons und Wellnesscenter, die ihre Kunden mit wirklich transformativen Produkten begeistern m\u00f6chten. Sch\u00fctzen und n\u00e4hren Bio-Haarserum aus Karottensamen ist der Schutzschild des Haares gegen Umweltstressoren. \u00c4therisches Karottensamen\u00f6l, reich an Antioxidantien und Vitaminen, bietet eine Schutzschicht und bewahrt [&hellip;]<\/p>\n","protected":false},"featured_media":294844,"comment_status":"closed","ping_status":"open","template":"","meta":[],"product_brand":[27070],"product_cat":[19448,25841,26826,20553,26120],"product_tag":[],"class_list":{"0":"post-238341","1":"product","2":"type-product","3":"status-publish","4":"has-post-thumbnail","6":"product_brand-aw-cosmetics","7":"product_cat-bad-und-korper","8":"product_cat-dufte-aromen","9":"product_cat-erdig-grun","10":"product_cat-haarpflege","11":"product_cat-karottensamen","12":"pa_collection-organic-hair-serums-30ml-6-unique-formulas-de","13":"pa_made-in-vereinigtes-koenigreich","14":"pa_size-30ml","16":"first","17":"instock","18":"purchasable","19":"product-type-simple"},"supplier_id":null,"supplier_sku":"OHS-05","barcode":null,"atum_controlled":true,"out_stock_date":null,"out_stock_threshold":null,"inheritable":false,"inbound_stock":null,"stock_on_hold":0,"sold_today":0,"sales_last_days":0,"reserved_stock":null,"customer_returns":null,"warehouse_damage":null,"lost_in_post":null,"other_logs":null,"out_stock_days":0,"lost_sales":0,"has_location":null,"update_date":"2026-02-10T16:28:09","atum_locations":[],"atum_stock_status":"instock","restock_status":false,"low_stock_amount":"","sales_update_date":"2025-09-05T00:20:22","calc_backorders":null,"_links":{"self":[{"href":"https:\/\/aromasentia.com\/de\/wp-json\/wp\/v2\/product\/238341","targetHints":{"allow":["GET"]}}],"collection":[{"href":"https:\/\/aromasentia.com\/de\/wp-json\/wp\/v2\/product"}],"about":[{"href":"https:\/\/aromasentia.com\/de\/wp-json\/wp\/v2\/types\/product"}],"replies":[{"embeddable":true,"href":"https:\/\/aromasentia.com\/de\/wp-json\/wp\/v2\/comments?post=238341"}],"version-history":[{"count":0,"href":"https:\/\/aromasentia.com\/de\/wp-json\/wp\/v2\/product\/238341\/revisions"}],"wp:featuredmedia":[{"embeddable":true,"href":"https:\/\/aromasentia.com\/de\/wp-json\/wp\/v2\/media\/294844"}],"wp:attachment":[{"href":"https:\/\/aromasentia.com\/de\/wp-json\/wp\/v2\/media?parent=238341"}],"wp:term":[{"taxonomy":"product_brand","embeddable":true,"href":"https:\/\/aromasentia.com\/de\/wp-json\/wp\/v2\/product_brand?post=238341"},{"taxonomy":"product_cat","embeddable":true,"href":"https:\/\/aromasentia.com\/de\/wp-json\/wp\/v2\/product_cat?post=238341"},{"taxonomy":"product_tag","embeddable":true,"href":"https:\/\/aromasentia.com\/de\/wp-json\/wp\/v2\/product_tag?post=238341"}],"curies":[{"name":"wp","href":"https:\/\/api.w.org\/{rel}","templated":true}]}}