{"id":238337,"date":"2025-03-20T17:38:40","date_gmt":"2025-03-20T17:38:40","guid":{"rendered":"https:\/\/aromasentia.com\/product\/organic-hair-serum-30ml-lavender\/"},"modified":"2025-12-30T20:28:44","modified_gmt":"2025-12-30T20:28:44","slug":"bio-haarserum-30-ml-lavendel","status":"publish","type":"product","link":"https:\/\/aromasentia.com\/de\/bio-haarserum-30-ml-lavendel\/","title":{"rendered":"Bio-Haarserum 30 ml \u2013 Lavendel"},"content":{"rendered":"<p><span style=\"color: rgb(75, 80, 88);\"><strong>Entdecken Sie die neueste Produktpalette \u2013 Bio-Haarseren<\/strong>, verkauft in bernsteinfarbenen 30-ml-Flaschen. Diese sind eine goldene Eintrittskarte f\u00fcr <strong>Sch\u00f6nheitssalons, Salons und Wellnesscenter<\/strong>, die Ihre Kunden mit wirklich transformativen Produkten begeistern m\u00f6chten.<\/span><\/p>\n<p><span style=\"color: rgb(75, 80, 88);\"><strong>Beruhigen und entspannen<\/strong><\/span><\/p>\n<p><span style=\"color: rgb(75, 80, 88);\">Erleben Sie die beruhigende Wirkung des Bio-Haarserums mit Lavendel. \u00c4therisches Lavendel\u00f6l ist <strong>f\u00fcr seine stresslindernden Eigenschaften bekannt<\/strong> und bietet eine wohltuende Erholung f\u00fcr Geist und Kopfhaut. Diese ruhige Mischung, angereichert mit der tiefen feuchtigkeitsspendenden und st\u00e4rkenden Wirkung von Argan- und Rizinus\u00f6l, <strong>pflegt Ihr Haar, reduziert Haarausfall und verbessert Weichheit und Glanz<\/strong> f\u00fcr ein ruhiges Sch\u00f6nheitsritual.<\/span><\/p>\n<p><span style=\"color: rgb(75, 80, 88);\"><strong>Geeignet f\u00fcr alle Haartypen: Perfekt f\u00fcr feines, lockiges, glattes oder krauses Haar.<\/strong><\/span><\/p>\n","protected":false},"excerpt":{"rendered":"<p>Entdecken Sie die neueste Produktpalette \u2013 Bio-Haarseren, verkauft in bernsteinfarbenen 30-ml-Flaschen. Diese sind eine goldene Eintrittskarte f\u00fcr Sch\u00f6nheitssalons, Salons und Wellnesscenter, die Ihre Kunden mit wirklich transformativen Produkten begeistern m\u00f6chten. Beruhigen und entspannen Erleben Sie die beruhigende Wirkung des Bio-Haarserums mit Lavendel. \u00c4therisches Lavendel\u00f6l ist f\u00fcr seine stresslindernden Eigenschaften bekannt und bietet eine wohltuende Erholung [&hellip;]<\/p>\n","protected":false},"featured_media":294819,"comment_status":"closed","ping_status":"open","template":"","meta":{"_angie_page":false},"product_brand":[27070],"product_cat":[19448,26833,25841,20553,26234],"product_tag":[],"class_list":{"0":"post-238337","1":"product","2":"type-product","3":"status-publish","4":"has-post-thumbnail","6":"product_brand-aw-cosmetics","7":"product_cat-bad-und-korper","8":"product_cat-blumig","9":"product_cat-dufte-aromen","10":"product_cat-haarpflege","11":"product_cat-lavendel","12":"pa_collection-organic-hair-serums-30ml-6-unique-formulas-de","13":"pa_made-in-vereinigtes-koenigreich","14":"pa_size-30ml","16":"first","17":"instock","18":"purchasable","19":"product-type-simple"},"supplier_id":null,"supplier_sku":"OHS-06","barcode":null,"atum_controlled":true,"out_stock_date":null,"out_stock_threshold":null,"inheritable":false,"inbound_stock":0,"stock_on_hold":0,"sold_today":0,"sales_last_days":0,"reserved_stock":0,"customer_returns":0,"warehouse_damage":0,"lost_in_post":0,"other_logs":0,"out_stock_days":0,"lost_sales":0,"has_location":false,"update_date":"2026-05-11T01:56:48","atum_locations":[],"atum_stock_status":"instock","restock_status":false,"low_stock_amount":"","sales_update_date":"2025-09-05T00:20:22","calc_backorders":null,"_links":{"self":[{"href":"https:\/\/aromasentia.com\/de\/wp-json\/wp\/v2\/product\/238337","targetHints":{"allow":["GET"]}}],"collection":[{"href":"https:\/\/aromasentia.com\/de\/wp-json\/wp\/v2\/product"}],"about":[{"href":"https:\/\/aromasentia.com\/de\/wp-json\/wp\/v2\/types\/product"}],"replies":[{"embeddable":true,"href":"https:\/\/aromasentia.com\/de\/wp-json\/wp\/v2\/comments?post=238337"}],"version-history":[{"count":0,"href":"https:\/\/aromasentia.com\/de\/wp-json\/wp\/v2\/product\/238337\/revisions"}],"wp:featuredmedia":[{"embeddable":true,"href":"https:\/\/aromasentia.com\/de\/wp-json\/wp\/v2\/media\/294819"}],"wp:attachment":[{"href":"https:\/\/aromasentia.com\/de\/wp-json\/wp\/v2\/media?parent=238337"}],"wp:term":[{"taxonomy":"product_brand","embeddable":true,"href":"https:\/\/aromasentia.com\/de\/wp-json\/wp\/v2\/product_brand?post=238337"},{"taxonomy":"product_cat","embeddable":true,"href":"https:\/\/aromasentia.com\/de\/wp-json\/wp\/v2\/product_cat?post=238337"},{"taxonomy":"product_tag","embeddable":true,"href":"https:\/\/aromasentia.com\/de\/wp-json\/wp\/v2\/product_tag?post=238337"}],"curies":[{"name":"wp","href":"https:\/\/api.w.org\/{rel}","templated":true}]}}