{"id":238333,"date":"2025-03-20T17:38:40","date_gmt":"2025-03-20T17:38:40","guid":{"rendered":"https:\/\/aromasentia.com\/product\/organic-body-oil-50ml-rosehip-unfragranced\/"},"modified":"2025-12-30T20:28:44","modified_gmt":"2025-12-30T20:28:44","slug":"bio-koerperoel-50-ml-hagebutte-ohne-duft","status":"publish","type":"product","link":"https:\/\/aromasentia.com\/de\/bio-koerperoel-50-ml-hagebutte-ohne-duft\/","title":{"rendered":"Bio-K\u00f6rper\u00f6l 50 ml \u2013 Hagebutte (ohne Duft)"},"content":{"rendered":"<p><span style=\"color: rgb(75, 80, 88);\"><strong>Wir stellen vor: parf\u00fcmfreies Bio-K\u00f6rper\u00f6l: Ein unverzichtbares Hautpflegeprodukt f\u00fcr alle Hauttypen<\/strong><\/span><\/p>\n<p><span style=\"color: rgb(75, 80, 88);\">Erweitern Sie Ihre Hautpflegeserie mit unserem luxuri\u00f6sen, parf\u00fcmfreien Bio-K\u00f6rper\u00f6l, das tiefenwirksam Feuchtigkeit spendet und regeneriert. Diese Mehrzweckformel wird mit Stolz in Gro\u00dfbritannien hergestellt und erf\u00fcllt die Bed\u00fcrfnisse verschiedener Hauttypen. Damit ist sie die ideale Wahl f\u00fcr umweltbewusste Verbraucher.<\/span><\/p>\n<p><span style=\"color: rgb(75, 80, 88);\"><strong>\u25aa\ufe0f 100 % vegan &amp; Tierversuchsfrei:<\/strong> Wir halten an unserem Engagement f\u00fcr Nachhaltigkeit und ethische Produktion fest.<\/span><\/p>\n<p><span style=\"color: rgb(75, 80, 88);\"><strong>\u25aa\ufe0f Formuliert mit hochwertigen Bio-\u00d6len:<\/strong>Eine durchdachte Mischung aus Rizinus-, Schwarzk\u00fcmmel- und Hagebutten\u00f6len, die jeweils f\u00fcr ihre bemerkenswerten Vorteile f\u00fcr die Haut bekannt sind.<\/span><\/p>\n<p><span style=\"color: rgb(75, 80, 88);\">\u25aa\ufe0f <strong>Ohne zus\u00e4tzlichen Duft:<\/strong>Perfekt f\u00fcr empfindliche Haut oder diejenigen, die unparf\u00fcmierte Hautpflege bevorzugen.<\/span><\/p>\n<p><strong><span style=\"color: rgb(141, 186, 216);\">Star-Inhaltsstoffe:<\/span><\/strong><\/p>\n<p><strong><span style=\"color: rgb(75, 80, 88);\">\u25aa\ufe0f Bio-Rizinus \u00d6l:&nbsp;<\/span><\/strong><span style=\"color: rgb(75, 80, 88);\">Spendet tiefenwirksam Feuchtigkeit, unterst\u00fctzt die Wundheilung und f\u00f6rdert gesundes Haarwachstum.<\/span><\/p>\n<p><span style=\"color: rgb(75, 80, 88);\"><strong>\u25aa\ufe0f Bio-Schwarzk\u00fcmmel\u00f6l<\/strong>: Bekannt daf\u00fcr, Akne zu bek\u00e4mpfen, das Haar zu st\u00e4rken und die Hauterneuerung zu f\u00f6rdern.<\/span><\/p>\n<p><span style=\"color: rgb(75, 80, 88);\"><strong>\u25aa\ufe0f Bio-Hagebutten\u00f6l:<\/strong> Hilft, Narben zu reduzieren, f\u00f6rdert die Kollagenproduktion und spendet intensive Feuchtigkeit.<\/span><\/p>\n<p><span style=\"color: rgb(141, 186, 216);\"><strong>G\u00f6nnen Sie sich nachhaltige Selbstpflege mit diesem au\u00dfergew\u00f6hnlichen Bio-K\u00f6rper\u00f6l \u2013 bestellen Sie jetzt und erweitern Sie Ihr Produktsortiment.<\/strong><\/span> <\/p>\n","protected":false},"excerpt":{"rendered":"<p>Wir stellen vor: parf\u00fcmfreies Bio-K\u00f6rper\u00f6l: Ein unverzichtbares Hautpflegeprodukt f\u00fcr alle Hauttypen Erweitern Sie Ihre Hautpflegeserie mit unserem luxuri\u00f6sen, parf\u00fcmfreien Bio-K\u00f6rper\u00f6l, das tiefenwirksam Feuchtigkeit spendet und regeneriert. Diese Mehrzweckformel wird mit Stolz in Gro\u00dfbritannien hergestellt und erf\u00fcllt die Bed\u00fcrfnisse verschiedener Hauttypen. Damit ist sie die ideale Wahl f\u00fcr umweltbewusste Verbraucher. \u25aa\ufe0f 100 % vegan &amp; Tierversuchsfrei: [&hellip;]<\/p>\n","protected":false},"featured_media":294810,"comment_status":"closed","ping_status":"open","template":"","meta":{"_angie_page":false},"product_brand":[27070],"product_cat":[19448,25841,26826,26475],"product_tag":[],"class_list":{"0":"post-238333","1":"product","2":"type-product","3":"status-publish","4":"has-post-thumbnail","6":"product_brand-aw-cosmetics","7":"product_cat-bad-und-korper","8":"product_cat-dufte-aromen","9":"product_cat-erdig-grun","10":"product_cat-hagebutte","11":"pa_collection-organic-body-oils-50ml-de","12":"pa_made-in-vereinigtes-koenigreich","14":"first","15":"instock","16":"purchasable","17":"product-type-simple"},"supplier_id":null,"supplier_sku":"OBO-01","barcode":null,"atum_controlled":true,"out_stock_date":null,"out_stock_threshold":null,"inheritable":false,"inbound_stock":null,"stock_on_hold":0,"sold_today":0,"sales_last_days":0,"reserved_stock":null,"customer_returns":null,"warehouse_damage":null,"lost_in_post":null,"other_logs":null,"out_stock_days":0,"lost_sales":0,"has_location":null,"update_date":"2026-04-27T07:16:19","atum_locations":[],"atum_stock_status":"instock","restock_status":false,"low_stock_amount":"","sales_update_date":"2025-09-05T00:20:21","calc_backorders":null,"_links":{"self":[{"href":"https:\/\/aromasentia.com\/de\/wp-json\/wp\/v2\/product\/238333","targetHints":{"allow":["GET"]}}],"collection":[{"href":"https:\/\/aromasentia.com\/de\/wp-json\/wp\/v2\/product"}],"about":[{"href":"https:\/\/aromasentia.com\/de\/wp-json\/wp\/v2\/types\/product"}],"replies":[{"embeddable":true,"href":"https:\/\/aromasentia.com\/de\/wp-json\/wp\/v2\/comments?post=238333"}],"version-history":[{"count":0,"href":"https:\/\/aromasentia.com\/de\/wp-json\/wp\/v2\/product\/238333\/revisions"}],"wp:featuredmedia":[{"embeddable":true,"href":"https:\/\/aromasentia.com\/de\/wp-json\/wp\/v2\/media\/294810"}],"wp:attachment":[{"href":"https:\/\/aromasentia.com\/de\/wp-json\/wp\/v2\/media?parent=238333"}],"wp:term":[{"taxonomy":"product_brand","embeddable":true,"href":"https:\/\/aromasentia.com\/de\/wp-json\/wp\/v2\/product_brand?post=238333"},{"taxonomy":"product_cat","embeddable":true,"href":"https:\/\/aromasentia.com\/de\/wp-json\/wp\/v2\/product_cat?post=238333"},{"taxonomy":"product_tag","embeddable":true,"href":"https:\/\/aromasentia.com\/de\/wp-json\/wp\/v2\/product_tag?post=238333"}],"curies":[{"name":"wp","href":"https:\/\/api.w.org\/{rel}","templated":true}]}}