{"id":238281,"date":"2025-03-20T17:39:43","date_gmt":"2025-03-20T17:39:43","guid":{"rendered":"https:\/\/aromasentia.com\/product\/paper-soaps-rose\/"},"modified":"2025-12-30T20:28:36","modified_gmt":"2025-12-30T20:28:36","slug":"papierseife-rose","status":"publish","type":"product","link":"https:\/\/aromasentia.com\/de\/papierseife-rose\/","title":{"rendered":"Papierseife &#8211; Rose"},"content":{"rendered":"<p>Kompakte, praktische und einfach anzuwendende Papierseifen! Geben Sie einfach Wasser auf diese angenehm duftenden, hauchd\u00fcnnen Seifenbl\u00e4tter und beobachten Sie, wie sie sich sofort in schaumigen Schaum verwandeln. Jedes Blatt enth\u00e4lt die optimale Menge an Produkt f\u00fcr die gew\u00fcnschte Wirkung und ist zudem biologisch abbaubar und umweltfreundlich. Die 20 Einwegbl\u00e4tter werden in einer nahezu leichten und kompakten Klappschachtel geliefert. So finden Sie alles im Schreibtisch, in der Handtasche, im Auto, in der Sporttasche oder in der Hosentasche \u2013 f\u00fcr den praktischen t\u00e4glichen Gebrauch.<\/p>\n","protected":false},"excerpt":{"rendered":"<p>Kompakte, praktische und einfach anzuwendende Papierseifen! Geben Sie einfach Wasser auf diese angenehm duftenden, hauchd\u00fcnnen Seifenbl\u00e4tter und beobachten Sie, wie sie sich sofort in schaumigen Schaum verwandeln. Jedes Blatt enth\u00e4lt die optimale Menge an Produkt f\u00fcr die gew\u00fcnschte Wirkung und ist zudem biologisch abbaubar und umweltfreundlich. Die 20 Einwegbl\u00e4tter werden in einer nahezu leichten und [&hellip;]<\/p>\n","protected":false},"featured_media":295211,"comment_status":"closed","ping_status":"open","template":"","meta":{"_angie_page":false},"product_brand":[],"product_cat":[19448,26833,25841,20589,26370],"product_tag":[],"class_list":{"0":"post-238281","1":"product","2":"type-product","3":"status-publish","4":"has-post-thumbnail","6":"product_cat-bad-und-korper","7":"product_cat-blumig","8":"product_cat-dufte-aromen","9":"product_cat-okologische-seifen","10":"product_cat-rosen","11":"pa_collection-pocket-paper-soaps-de","12":"pa_made-in-china","14":"first","15":"instock","16":"purchasable","17":"product-type-simple"},"supplier_id":null,"supplier_sku":"Psoap-07","barcode":null,"atum_controlled":true,"out_stock_date":null,"out_stock_threshold":null,"inheritable":false,"inbound_stock":null,"stock_on_hold":0,"sold_today":0,"sales_last_days":0,"reserved_stock":null,"customer_returns":null,"warehouse_damage":null,"lost_in_post":null,"other_logs":null,"out_stock_days":0,"lost_sales":0,"has_location":null,"update_date":"2026-04-27T07:18:47","atum_locations":[],"atum_stock_status":"instock","restock_status":false,"low_stock_amount":"","sales_update_date":"2025-09-05T00:20:26","calc_backorders":null,"_links":{"self":[{"href":"https:\/\/aromasentia.com\/de\/wp-json\/wp\/v2\/product\/238281","targetHints":{"allow":["GET"]}}],"collection":[{"href":"https:\/\/aromasentia.com\/de\/wp-json\/wp\/v2\/product"}],"about":[{"href":"https:\/\/aromasentia.com\/de\/wp-json\/wp\/v2\/types\/product"}],"replies":[{"embeddable":true,"href":"https:\/\/aromasentia.com\/de\/wp-json\/wp\/v2\/comments?post=238281"}],"version-history":[{"count":0,"href":"https:\/\/aromasentia.com\/de\/wp-json\/wp\/v2\/product\/238281\/revisions"}],"wp:featuredmedia":[{"embeddable":true,"href":"https:\/\/aromasentia.com\/de\/wp-json\/wp\/v2\/media\/295211"}],"wp:attachment":[{"href":"https:\/\/aromasentia.com\/de\/wp-json\/wp\/v2\/media?parent=238281"}],"wp:term":[{"taxonomy":"product_brand","embeddable":true,"href":"https:\/\/aromasentia.com\/de\/wp-json\/wp\/v2\/product_brand?post=238281"},{"taxonomy":"product_cat","embeddable":true,"href":"https:\/\/aromasentia.com\/de\/wp-json\/wp\/v2\/product_cat?post=238281"},{"taxonomy":"product_tag","embeddable":true,"href":"https:\/\/aromasentia.com\/de\/wp-json\/wp\/v2\/product_tag?post=238281"}],"curies":[{"name":"wp","href":"https:\/\/api.w.org\/{rel}","templated":true}]}}