{"id":238161,"date":"2025-03-20T17:43:19","date_gmt":"2025-03-20T17:43:19","guid":{"rendered":"https:\/\/aromasentia.com\/product\/loofah-long-handle-brush\/"},"modified":"2025-12-30T20:28:14","modified_gmt":"2025-12-30T20:28:14","slug":"luffabuerste-mit-langem-griff","status":"publish","type":"product","link":"https:\/\/aromasentia.com\/de\/luffabuerste-mit-langem-griff\/","title":{"rendered":"Luffab\u00fcrste mit langem Griff"},"content":{"rendered":"<p>Sorgen Sie mit unseren <strong>Aroma Sentia-ping-B\u00fcrsten und -Peelings f\u00fcr strahlendes Hautgef\u00fchl auch bei kaltem Wetter!<\/strong><\/p>\n<p>Die Haut braucht das ganze Jahr \u00fcber ein Peeling, aber besonders im Winter, da die Haut dann am trockensten ist. Mit unserer B\u00fcrste erzielen Sie dieses saubere, luxuri\u00f6se Gef\u00fchl und halten Ihre Haut weich.&nbsp;<\/p>\n","protected":false},"excerpt":{"rendered":"<p>Sorgen Sie mit unseren Aroma Sentia-ping-B\u00fcrsten und -Peelings f\u00fcr strahlendes Hautgef\u00fchl auch bei kaltem Wetter! Die Haut braucht das ganze Jahr \u00fcber ein Peeling, aber besonders im Winter, da die Haut dann am trockensten ist. Mit unserer B\u00fcrste erzielen Sie dieses saubere, luxuri\u00f6se Gef\u00fchl und halten Ihre Haut weich.&nbsp;<\/p>\n","protected":false},"featured_media":296445,"comment_status":"closed","ping_status":"open","template":"","meta":{"_angie_page":false},"product_brand":[],"product_cat":[19448,20613],"product_tag":[],"class_list":{"0":"post-238161","1":"product","2":"type-product","3":"status-publish","4":"has-post-thumbnail","6":"product_cat-bad-und-korper","7":"product_cat-badebursten-und-bimsstein","8":"pa_collection-brush-scrub-scrape-de","9":"pa_made-in-china","11":"first","12":"instock","13":"purchasable","14":"product-type-simple"},"supplier_id":null,"supplier_sku":"scrub-22","barcode":null,"atum_controlled":true,"out_stock_date":null,"out_stock_threshold":null,"inheritable":false,"inbound_stock":null,"stock_on_hold":0,"sold_today":0,"sales_last_days":0,"reserved_stock":null,"customer_returns":null,"warehouse_damage":null,"lost_in_post":null,"other_logs":null,"out_stock_days":0,"lost_sales":0,"has_location":null,"update_date":"2026-04-27T07:20:36","atum_locations":[],"atum_stock_status":"instock","restock_status":false,"low_stock_amount":"","sales_update_date":"2025-09-05T00:20:32","calc_backorders":null,"_links":{"self":[{"href":"https:\/\/aromasentia.com\/de\/wp-json\/wp\/v2\/product\/238161","targetHints":{"allow":["GET"]}}],"collection":[{"href":"https:\/\/aromasentia.com\/de\/wp-json\/wp\/v2\/product"}],"about":[{"href":"https:\/\/aromasentia.com\/de\/wp-json\/wp\/v2\/types\/product"}],"replies":[{"embeddable":true,"href":"https:\/\/aromasentia.com\/de\/wp-json\/wp\/v2\/comments?post=238161"}],"version-history":[{"count":0,"href":"https:\/\/aromasentia.com\/de\/wp-json\/wp\/v2\/product\/238161\/revisions"}],"wp:featuredmedia":[{"embeddable":true,"href":"https:\/\/aromasentia.com\/de\/wp-json\/wp\/v2\/media\/296445"}],"wp:attachment":[{"href":"https:\/\/aromasentia.com\/de\/wp-json\/wp\/v2\/media?parent=238161"}],"wp:term":[{"taxonomy":"product_brand","embeddable":true,"href":"https:\/\/aromasentia.com\/de\/wp-json\/wp\/v2\/product_brand?post=238161"},{"taxonomy":"product_cat","embeddable":true,"href":"https:\/\/aromasentia.com\/de\/wp-json\/wp\/v2\/product_cat?post=238161"},{"taxonomy":"product_tag","embeddable":true,"href":"https:\/\/aromasentia.com\/de\/wp-json\/wp\/v2\/product_tag?post=238161"}],"curies":[{"name":"wp","href":"https:\/\/api.w.org\/{rel}","templated":true}]}}