{"id":238121,"date":"2025-03-20T17:44:02","date_gmt":"2025-03-20T17:44:02","guid":{"rendered":"https:\/\/aromasentia.com\/product\/natural-loofah-scrub-on-rope-5-12-7-cm\/"},"modified":"2025-12-30T20:28:07","modified_gmt":"2025-12-30T20:28:07","slug":"natuerliches-luffa-peeling-am-seil-12-7-cm","status":"publish","type":"product","link":"https:\/\/aromasentia.com\/de\/natuerliches-luffa-peeling-am-seil-12-7-cm\/","title":{"rendered":"Nat\u00fcrliches Luffa-Peeling am Seil  &#8211; 12.7 cm"},"content":{"rendered":"<p><span style=\"color: rgb(75, 80, 88);\">Verw\u00f6hnen Sie Ihre Haut mit diesen K\u00f6rperpeelingb\u00fcrsten und -schabern und erleben Sie die Vorteile glatter, gesunder und strahlender Haut! Die Haut braucht das ganze Jahr \u00fcber ein Peeling. Mit diesen B\u00fcrsten erhalten Sie ein sauberes, luxuri\u00f6ses Gef\u00fchl und bleiben weich. Ihre Kunden werden begeistert sein. Sie eignen sich auch hervorragend als Erg\u00e4nzung zu Aromatherapie- oder Kosmetikprodukten oder als Geschenkkorb.<\/span> <\/p>\n","protected":false},"excerpt":{"rendered":"<p>Verw\u00f6hnen Sie Ihre Haut mit diesen K\u00f6rperpeelingb\u00fcrsten und -schabern und erleben Sie die Vorteile glatter, gesunder und strahlender Haut! Die Haut braucht das ganze Jahr \u00fcber ein Peeling. Mit diesen B\u00fcrsten erhalten Sie ein sauberes, luxuri\u00f6ses Gef\u00fchl und bleiben weich. Ihre Kunden werden begeistert sein. Sie eignen sich auch hervorragend als Erg\u00e4nzung zu Aromatherapie- oder [&hellip;]<\/p>\n","protected":false},"featured_media":296779,"comment_status":"closed","ping_status":"open","template":"","meta":{"_angie_page":false},"product_brand":[],"product_cat":[19448,20613],"product_tag":[],"class_list":{"0":"post-238121","1":"product","2":"type-product","3":"status-publish","4":"has-post-thumbnail","6":"product_cat-bad-und-korper","7":"product_cat-badebursten-und-bimsstein","8":"pa_collection-brush-scrub-scrape-de","9":"pa_made-in-china","11":"first","12":"instock","13":"purchasable","14":"product-type-simple"},"supplier_id":null,"supplier_sku":"Scrub-12A","barcode":null,"atum_controlled":true,"out_stock_date":null,"out_stock_threshold":null,"inheritable":false,"inbound_stock":null,"stock_on_hold":0,"sold_today":0,"sales_last_days":0,"reserved_stock":null,"customer_returns":null,"warehouse_damage":null,"lost_in_post":null,"other_logs":null,"out_stock_days":0,"lost_sales":0,"has_location":null,"update_date":"2026-04-27T07:20:36","atum_locations":[],"atum_stock_status":"instock","restock_status":false,"low_stock_amount":"","sales_update_date":"2025-09-05T00:20:36","calc_backorders":null,"_links":{"self":[{"href":"https:\/\/aromasentia.com\/de\/wp-json\/wp\/v2\/product\/238121","targetHints":{"allow":["GET"]}}],"collection":[{"href":"https:\/\/aromasentia.com\/de\/wp-json\/wp\/v2\/product"}],"about":[{"href":"https:\/\/aromasentia.com\/de\/wp-json\/wp\/v2\/types\/product"}],"replies":[{"embeddable":true,"href":"https:\/\/aromasentia.com\/de\/wp-json\/wp\/v2\/comments?post=238121"}],"version-history":[{"count":0,"href":"https:\/\/aromasentia.com\/de\/wp-json\/wp\/v2\/product\/238121\/revisions"}],"wp:featuredmedia":[{"embeddable":true,"href":"https:\/\/aromasentia.com\/de\/wp-json\/wp\/v2\/media\/296779"}],"wp:attachment":[{"href":"https:\/\/aromasentia.com\/de\/wp-json\/wp\/v2\/media?parent=238121"}],"wp:term":[{"taxonomy":"product_brand","embeddable":true,"href":"https:\/\/aromasentia.com\/de\/wp-json\/wp\/v2\/product_brand?post=238121"},{"taxonomy":"product_cat","embeddable":true,"href":"https:\/\/aromasentia.com\/de\/wp-json\/wp\/v2\/product_cat?post=238121"},{"taxonomy":"product_tag","embeddable":true,"href":"https:\/\/aromasentia.com\/de\/wp-json\/wp\/v2\/product_tag?post=238121"}],"curies":[{"name":"wp","href":"https:\/\/api.w.org\/{rel}","templated":true}]}}