{"id":238117,"date":"2025-03-20T17:44:02","date_gmt":"2025-03-20T17:44:02","guid":{"rendered":"https:\/\/aromasentia.com\/product\/short-handle-body-scrub\/"},"modified":"2025-12-30T20:28:07","modified_gmt":"2025-12-30T20:28:07","slug":"koerperbuerste-mit-kurzem-griff","status":"publish","type":"product","link":"https:\/\/aromasentia.com\/de\/koerperbuerste-mit-kurzem-griff\/","title":{"rendered":"K\u00f6rperb\u00fcrste mit kurzem Griff"},"content":{"rendered":"<p><span style=\"color: rgb(75, 80, 88);\">Sorgen Sie mit unserem K\u00f6rperpeeling mit kurzem Griff auch bei kaltem Wetter f\u00fcr strahlende Haut.<\/span><\/p>\n<p><span style=\"color: rgb(75, 80, 88);\">Die Haut braucht das ganze Jahr \u00fcber ein Peeling, besonders aber im Winter, da sie dann am trockensten ist. Mit unserer B\u00fcrste erhalten Sie ein sauberes, luxuri\u00f6ses Gef\u00fchl und Ihre Haut bleibt weich. Ihre Kunden werden diese B\u00fcrste sofort kaufen.<\/span><\/p>\n<p><span style=\"color: rgb(75, 80, 88);\">Sie eignen sich hervorragend als Verkaufserg\u00e4nzung zu Aromatherapie- oder Sch\u00f6nheitsprodukten oder auch in einem Geschenkkorb.<\/span><\/p>\n<p><span style=\"color: rgb(75, 80, 88);\">Bestellen Sie noch heute und zaubern Sie Ihren Kunden ein L\u00e4cheln ins Gesicht.<\/span><\/p>\n","protected":false},"excerpt":{"rendered":"<p>Sorgen Sie mit unserem K\u00f6rperpeeling mit kurzem Griff auch bei kaltem Wetter f\u00fcr strahlende Haut. Die Haut braucht das ganze Jahr \u00fcber ein Peeling, besonders aber im Winter, da sie dann am trockensten ist. Mit unserer B\u00fcrste erhalten Sie ein sauberes, luxuri\u00f6ses Gef\u00fchl und Ihre Haut bleibt weich. Ihre Kunden werden diese B\u00fcrste sofort kaufen. [&hellip;]<\/p>\n","protected":false},"featured_media":296762,"comment_status":"closed","ping_status":"open","template":"","meta":{"_angie_page":false},"product_brand":[],"product_cat":[19448,20613],"product_tag":[],"class_list":{"0":"post-238117","1":"product","2":"type-product","3":"status-publish","4":"has-post-thumbnail","6":"product_cat-bad-und-korper","7":"product_cat-badebursten-und-bimsstein","8":"pa_collection-brush-scrub-scrape-de","9":"pa_made-in-china","11":"first","12":"instock","13":"purchasable","14":"product-type-simple"},"supplier_id":null,"supplier_sku":"Scrub-21","barcode":null,"atum_controlled":true,"out_stock_date":null,"out_stock_threshold":null,"inheritable":false,"inbound_stock":null,"stock_on_hold":0,"sold_today":0,"sales_last_days":0,"reserved_stock":null,"customer_returns":null,"warehouse_damage":null,"lost_in_post":null,"other_logs":null,"out_stock_days":0,"lost_sales":0,"has_location":null,"update_date":"2026-04-27T07:20:36","atum_locations":[],"atum_stock_status":"instock","restock_status":false,"low_stock_amount":"","sales_update_date":"2026-02-06T00:02:46","calc_backorders":null,"_links":{"self":[{"href":"https:\/\/aromasentia.com\/de\/wp-json\/wp\/v2\/product\/238117","targetHints":{"allow":["GET"]}}],"collection":[{"href":"https:\/\/aromasentia.com\/de\/wp-json\/wp\/v2\/product"}],"about":[{"href":"https:\/\/aromasentia.com\/de\/wp-json\/wp\/v2\/types\/product"}],"replies":[{"embeddable":true,"href":"https:\/\/aromasentia.com\/de\/wp-json\/wp\/v2\/comments?post=238117"}],"version-history":[{"count":0,"href":"https:\/\/aromasentia.com\/de\/wp-json\/wp\/v2\/product\/238117\/revisions"}],"wp:featuredmedia":[{"embeddable":true,"href":"https:\/\/aromasentia.com\/de\/wp-json\/wp\/v2\/media\/296762"}],"wp:attachment":[{"href":"https:\/\/aromasentia.com\/de\/wp-json\/wp\/v2\/media?parent=238117"}],"wp:term":[{"taxonomy":"product_brand","embeddable":true,"href":"https:\/\/aromasentia.com\/de\/wp-json\/wp\/v2\/product_brand?post=238117"},{"taxonomy":"product_cat","embeddable":true,"href":"https:\/\/aromasentia.com\/de\/wp-json\/wp\/v2\/product_cat?post=238117"},{"taxonomy":"product_tag","embeddable":true,"href":"https:\/\/aromasentia.com\/de\/wp-json\/wp\/v2\/product_tag?post=238117"}],"curies":[{"name":"wp","href":"https:\/\/api.w.org\/{rel}","templated":true}]}}