{"id":238105,"date":"2025-03-20T17:44:02","date_gmt":"2025-03-20T17:44:02","guid":{"rendered":"https:\/\/aromasentia.com\/product\/pair-of-professional-treatment-gloves\/"},"modified":"2025-12-30T20:27:59","modified_gmt":"2025-12-30T20:27:59","slug":"pair-of-professional-treatment-gloves","status":"publish","type":"product","link":"https:\/\/aromasentia.com\/de\/pair-of-professional-treatment-gloves\/","title":{"rendered":"Pair of Professional Treatment Gloves"},"content":{"rendered":"<p><span style=\"color: rgb(75, 80, 88);\">Diese professionellen Behandlungshandschuhe werden h\u00e4ufig zur Verbesserung trockener Haut an den H\u00e4nden verwendet und eignen sich f\u00fcr Neurodermitis-Patienten, die regelm\u00e4\u00dfig Hautcremes auftragen m\u00fcssen. Die besten Ergebnisse erzielen Sie, wenn Sie vor dem Schlafengehen eine Schicht Handcreme auftragen und die Handschuhe dann w\u00e4hrend des Schlafens anziehen. &nbsp;<\/span><\/p>\n<p><span style=\"color: rgb(75, 80, 88);\">Diese wei\u00dfen Baumwollhandschuhe haben eine Einheitsgr\u00f6\u00dfe und sind f\u00fcr kleine\/mittelgro\u00dfe Frauenh\u00e4nde geeignet. &nbsp;Sie bestehen aus Baumwolle mit einem kleinen Anteil Lycra und sind daher leicht dehnbar. Der Handschuh hat keine enge Stulpe und ist daher angenehm zu tragen.<\/span><\/p>\n<p><span style=\"color: rgb(75, 80, 88);\">Da sie aus Baumwolle gefertigt sind, k\u00f6nnen sie zwischen den Anwendungen gewaschen werden.<\/span><\/p>\n<p><span style=\"color: rgb(75, 80, 88);\">Unsere professionellen Behandlungshandschuhe werden sich garantiert gut verkaufen. Wer m\u00f6chte nicht eine luxuri\u00f6se Haut?<\/span><\/p>\n<p><span style=\"color: rgb(141, 186, 216);\"><strong>Bestellen Sie noch heute welche und verleihen Sie Ihrem Gesch\u00e4ft den Luxus, den es verdient.<\/strong><\/span><\/p>\n","protected":false},"excerpt":{"rendered":"<p>Diese professionellen Behandlungshandschuhe werden h\u00e4ufig zur Verbesserung trockener Haut an den H\u00e4nden verwendet und eignen sich f\u00fcr Neurodermitis-Patienten, die regelm\u00e4\u00dfig Hautcremes auftragen m\u00fcssen. Die besten Ergebnisse erzielen Sie, wenn Sie vor dem Schlafengehen eine Schicht Handcreme auftragen und die Handschuhe dann w\u00e4hrend des Schlafens anziehen. &nbsp; Diese wei\u00dfen Baumwollhandschuhe haben eine Einheitsgr\u00f6\u00dfe und sind f\u00fcr [&hellip;]<\/p>\n","protected":false},"featured_media":296703,"comment_status":"closed","ping_status":"open","template":"","meta":{"_angie_page":false},"product_brand":[],"product_cat":[19448,20613],"product_tag":[],"class_list":{"0":"post-238105","1":"product","2":"type-product","3":"status-publish","4":"has-post-thumbnail","6":"product_cat-bad-und-korper","7":"product_cat-badebursten-und-bimsstein","8":"pa_collection-brush-scrub-scrape-de","9":"pa_made-in-china","11":"first","12":"instock","13":"purchasable","14":"product-type-simple"},"supplier_id":null,"supplier_sku":"Mitt-04","barcode":null,"atum_controlled":true,"out_stock_date":null,"out_stock_threshold":null,"inheritable":false,"inbound_stock":null,"stock_on_hold":0,"sold_today":0,"sales_last_days":0,"reserved_stock":null,"customer_returns":null,"warehouse_damage":null,"lost_in_post":null,"other_logs":null,"out_stock_days":0,"lost_sales":0,"has_location":null,"update_date":"2026-04-27T07:13:06","atum_locations":[],"atum_stock_status":"instock","restock_status":false,"low_stock_amount":"","sales_update_date":"2026-01-30T01:24:41","calc_backorders":null,"_links":{"self":[{"href":"https:\/\/aromasentia.com\/de\/wp-json\/wp\/v2\/product\/238105","targetHints":{"allow":["GET"]}}],"collection":[{"href":"https:\/\/aromasentia.com\/de\/wp-json\/wp\/v2\/product"}],"about":[{"href":"https:\/\/aromasentia.com\/de\/wp-json\/wp\/v2\/types\/product"}],"replies":[{"embeddable":true,"href":"https:\/\/aromasentia.com\/de\/wp-json\/wp\/v2\/comments?post=238105"}],"version-history":[{"count":0,"href":"https:\/\/aromasentia.com\/de\/wp-json\/wp\/v2\/product\/238105\/revisions"}],"wp:featuredmedia":[{"embeddable":true,"href":"https:\/\/aromasentia.com\/de\/wp-json\/wp\/v2\/media\/296703"}],"wp:attachment":[{"href":"https:\/\/aromasentia.com\/de\/wp-json\/wp\/v2\/media?parent=238105"}],"wp:term":[{"taxonomy":"product_brand","embeddable":true,"href":"https:\/\/aromasentia.com\/de\/wp-json\/wp\/v2\/product_brand?post=238105"},{"taxonomy":"product_cat","embeddable":true,"href":"https:\/\/aromasentia.com\/de\/wp-json\/wp\/v2\/product_cat?post=238105"},{"taxonomy":"product_tag","embeddable":true,"href":"https:\/\/aromasentia.com\/de\/wp-json\/wp\/v2\/product_tag?post=238105"}],"curies":[{"name":"wp","href":"https:\/\/api.w.org\/{rel}","templated":true}]}}